{"id":353,"date":"2025-03-06T14:06:57","date_gmt":"2025-03-06T14:06:57","guid":{"rendered":"https:\/\/dunas-de-sal-capeverde.ms2.decms.eu\/?page_id=353"},"modified":"2025-03-11T14:04:41","modified_gmt":"2025-03-11T14:04:41","slug":"glamping-et-romance","status":"publish","type":"page","link":"https:\/\/www.hoteldunasdesal.com\/fr\/activites\/glamping-et-romance\/","title":{"rendered":"Glamping et romance"},"content":{"rendered":"<p>Un cadre idyllique pour vos moments les plus sp\u00e9ciaux. Intime, \u00e9l\u00e9gant, romantique et exclusif.<\/p>\n<p>Une nuit magique au paradis avec une personnalisation jusqu&rsquo;au moindre d\u00e9tail et une vue et un coucher de soleil \u00e9poustouflants sur la plage de Ponta Preta.<\/p>\n<p>Id\u00e9al pour les demandes en mariage, les anniversaires, les lunes de miel et autres c\u00e9l\u00e9brations.<\/p>\n","protected":false},"excerpt":{"rendered":"<p>Un cadre idyllique pour vos moments les plus sp\u00e9ciaux. Intime, \u00e9l\u00e9gant, romantique et exclusif. Une nuit magique au paradis avec une personnalisation jusqu&rsquo;au moindre d\u00e9tail et une vue et un coucher de soleil \u00e9poustouflants sur la plage de Ponta Preta. Id\u00e9al pour les demandes en mariage, les anniversaires, les lunes de miel et autres c\u00e9l\u00e9brations.<\/p>\n","protected":false},"author":8,"featured_media":0,"parent":322,"menu_order":6,"comment_status":"closed","ping_status":"closed","template":"template-default-2.php","meta":{"footnotes":""},"yoast_head":"<!-- This site is optimized with the Yoast SEO plugin v22.3 - https:\/\/yoast.com\/wordpress\/plugins\/seo\/ -->\n<title>Glamping et romance &#8226; Dunas de Sal Design Hotel &#8226;<\/title>\n<meta name=\"description\" content=\"Un cadre idyllique pour vos moments les plus sp\u00e9ciaux. Intime, \u00e9l\u00e9gant, romantique et exclusif.  Une nuit magique au paradis avec une personnalisation jusqu&#039;au moindre d\u00e9tail et une vue et un coucher de soleil \u00e9poustouflants sur la plage de Ponta Preta.  Id\u00e9al pour les demandes en mariage, les anniversaires, les lunes de miel et autres c\u00e9l\u00e9brations.\" \/>\n<meta name=\"robots\" content=\"index, follow, max-snippet:-1, max-image-preview:large, max-video-preview:-1\" \/>\n<link rel=\"canonical\" href=\"https:\/\/www.hoteldunasdesal.com\/fr\/activites\/glamping-et-romance\/\" \/>\n<meta property=\"og:locale\" content=\"fr_FR\" \/>\n<meta property=\"og:type\" content=\"article\" \/>\n<meta property=\"og:title\" content=\"Glamping et romance &#8226; Dunas de Sal Design Hotel &#8226;\" \/>\n<meta property=\"og:description\" content=\"Un cadre idyllique pour vos moments les plus sp\u00e9ciaux. Intime, \u00e9l\u00e9gant, romantique et exclusif.  Une nuit magique au paradis avec une personnalisation jusqu&#039;au moindre d\u00e9tail et une vue et un coucher de soleil \u00e9poustouflants sur la plage de Ponta Preta.  Id\u00e9al pour les demandes en mariage, les anniversaires, les lunes de miel et autres c\u00e9l\u00e9brations.\" \/>\n<meta property=\"og:url\" content=\"https:\/\/www.hoteldunasdesal.com\/fr\/activites\/glamping-et-romance\/\" \/>\n<meta property=\"og:site_name\" content=\"Dunas de Sal Design Hotel\" \/>\n<meta property=\"article:publisher\" content=\"https:\/\/www.facebook.com\/dunasdesalhotel\" \/>\n<meta property=\"article:modified_time\" content=\"2025-03-11T14:04:41+00:00\" \/>\n<meta property=\"og:image\" content=\"https:\/\/www.hoteldunasdesal.com\/wp-content\/uploads\/sites\/221\/2025\/03\/Hotel-Dunas-De-Sal-Cabo-Verde-2.jpg\" \/>\n\t<meta property=\"og:image:width\" content=\"2200\" \/>\n\t<meta property=\"og:image:height\" content=\"1466\" \/>\n\t<meta property=\"og:image:type\" content=\"image\/jpeg\" \/>\n<meta name=\"twitter:card\" content=\"summary_large_image\" \/>\n<meta name=\"twitter:label1\" content=\"Dur\u00e9e de lecture estim\u00e9e\" \/>\n\t<meta name=\"twitter:data1\" content=\"1 minute\" \/>\n<script type=\"application\/ld+json\" class=\"yoast-schema-graph\">{\"@context\":\"https:\/\/schema.org\",\"@graph\":[{\"@type\":\"WebPage\",\"@id\":\"https:\/\/www.hoteldunasdesal.com\/fr\/activites\/glamping-et-romance\/\",\"url\":\"https:\/\/www.hoteldunasdesal.com\/fr\/activites\/glamping-et-romance\/\",\"name\":\"Glamping et romance &#8226; Dunas de Sal Design Hotel &#8226;\",\"isPartOf\":{\"@id\":\"https:\/\/www.hoteldunasdesal.com\/fr\/#website\"},\"datePublished\":\"2025-03-06T14:06:57+00:00\",\"dateModified\":\"2025-03-11T14:04:41+00:00\",\"description\":\"Un cadre idyllique pour vos moments les plus sp\u00e9ciaux. Intime, \u00e9l\u00e9gant, romantique et exclusif. Une nuit magique au paradis avec une personnalisation jusqu'au moindre d\u00e9tail et une vue et un coucher de soleil \u00e9poustouflants sur la plage de Ponta Preta. Id\u00e9al pour les demandes en mariage, les anniversaires, les lunes de miel et autres c\u00e9l\u00e9brations.\",\"breadcrumb\":{\"@id\":\"https:\/\/www.hoteldunasdesal.com\/fr\/activites\/glamping-et-romance\/#breadcrumb\"},\"inLanguage\":\"fr-FR\",\"potentialAction\":[{\"@type\":\"ReadAction\",\"target\":[\"https:\/\/www.hoteldunasdesal.com\/fr\/activites\/glamping-et-romance\/\"]}]},{\"@type\":\"BreadcrumbList\",\"@id\":\"https:\/\/www.hoteldunasdesal.com\/fr\/activites\/glamping-et-romance\/#breadcrumb\",\"itemListElement\":[{\"@type\":\"ListItem\",\"position\":1,\"name\":\"Home\",\"item\":\"https:\/\/www.hoteldunasdesal.com\/fr\/\"},{\"@type\":\"ListItem\",\"position\":2,\"name\":\"Activit\u00e9s\",\"item\":\"https:\/\/www.hoteldunasdesal.com\/fr\/activites\/\"},{\"@type\":\"ListItem\",\"position\":3,\"name\":\"Glamping et romance\"}]},{\"@type\":\"WebSite\",\"@id\":\"https:\/\/www.hoteldunasdesal.com\/fr\/#website\",\"url\":\"https:\/\/www.hoteldunasdesal.com\/fr\/\",\"name\":\"Dunas de Sal Design Hotel\",\"description\":\"\",\"publisher\":{\"@id\":\"https:\/\/www.hoteldunasdesal.com\/fr\/#organization\"},\"potentialAction\":[{\"@type\":\"SearchAction\",\"target\":{\"@type\":\"EntryPoint\",\"urlTemplate\":\"https:\/\/www.hoteldunasdesal.com\/fr\/?s={search_term_string}\"},\"query-input\":\"required name=search_term_string\"}],\"inLanguage\":\"fr-FR\"},{\"@type\":\"Organization\",\"@id\":\"https:\/\/www.hoteldunasdesal.com\/fr\/#organization\",\"name\":\"Dunas de Sal Design Hotel\",\"url\":\"https:\/\/www.hoteldunasdesal.com\/fr\/\",\"logo\":{\"@type\":\"ImageObject\",\"inLanguage\":\"fr-FR\",\"@id\":\"https:\/\/www.hoteldunasdesal.com\/fr\/#\/schema\/logo\/image\/\",\"url\":\"https:\/\/www.hoteldunasdesal.com\/wp-content\/uploads\/sites\/221\/2025\/03\/logo-dunas-de-sal.png\",\"contentUrl\":\"https:\/\/www.hoteldunasdesal.com\/wp-content\/uploads\/sites\/221\/2025\/03\/logo-dunas-de-sal.png\",\"width\":2856,\"height\":495,\"caption\":\"Dunas de Sal Design Hotel\"},\"image\":{\"@id\":\"https:\/\/www.hoteldunasdesal.com\/fr\/#\/schema\/logo\/image\/\"},\"sameAs\":[\"https:\/\/www.facebook.com\/dunasdesalhotel\",\"https:\/\/www.instagram.com\/hoteldunasdesal\/\"]}]}<\/script>\n<!-- \/ Yoast SEO plugin. -->","yoast_head_json":{"title":"Glamping et romance &#8226; Dunas de Sal Design Hotel &#8226;","description":"Un cadre idyllique pour vos moments les plus sp\u00e9ciaux. Intime, \u00e9l\u00e9gant, romantique et exclusif.  Une nuit magique au paradis avec une personnalisation jusqu'au moindre d\u00e9tail et une vue et un coucher de soleil \u00e9poustouflants sur la plage de Ponta Preta.  Id\u00e9al pour les demandes en mariage, les anniversaires, les lunes de miel et autres c\u00e9l\u00e9brations.","robots":{"index":"index","follow":"follow","max-snippet":"max-snippet:-1","max-image-preview":"max-image-preview:large","max-video-preview":"max-video-preview:-1"},"canonical":"https:\/\/www.hoteldunasdesal.com\/fr\/activites\/glamping-et-romance\/","og_locale":"fr_FR","og_type":"article","og_title":"Glamping et romance &#8226; Dunas de Sal Design Hotel &#8226;","og_description":"Un cadre idyllique pour vos moments les plus sp\u00e9ciaux. Intime, \u00e9l\u00e9gant, romantique et exclusif.  Une nuit magique au paradis avec une personnalisation jusqu'au moindre d\u00e9tail et une vue et un coucher de soleil \u00e9poustouflants sur la plage de Ponta Preta.  Id\u00e9al pour les demandes en mariage, les anniversaires, les lunes de miel et autres c\u00e9l\u00e9brations.","og_url":"https:\/\/www.hoteldunasdesal.com\/fr\/activites\/glamping-et-romance\/","og_site_name":"Dunas de Sal Design Hotel","article_publisher":"https:\/\/www.facebook.com\/dunasdesalhotel","article_modified_time":"2025-03-11T14:04:41+00:00","og_image":[{"width":2200,"height":1466,"url":"https:\/\/www.hoteldunasdesal.com\/wp-content\/uploads\/sites\/221\/2025\/03\/Hotel-Dunas-De-Sal-Cabo-Verde-2.jpg","type":"image\/jpeg"}],"twitter_card":"summary_large_image","twitter_misc":{"Dur\u00e9e de lecture estim\u00e9e":"1 minute"},"schema":{"@context":"https:\/\/schema.org","@graph":[{"@type":"WebPage","@id":"https:\/\/www.hoteldunasdesal.com\/fr\/activites\/glamping-et-romance\/","url":"https:\/\/www.hoteldunasdesal.com\/fr\/activites\/glamping-et-romance\/","name":"Glamping et romance &#8226; Dunas de Sal Design Hotel &#8226;","isPartOf":{"@id":"https:\/\/www.hoteldunasdesal.com\/fr\/#website"},"datePublished":"2025-03-06T14:06:57+00:00","dateModified":"2025-03-11T14:04:41+00:00","description":"Un cadre idyllique pour vos moments les plus sp\u00e9ciaux. Intime, \u00e9l\u00e9gant, romantique et exclusif. Une nuit magique au paradis avec une personnalisation jusqu'au moindre d\u00e9tail et une vue et un coucher de soleil \u00e9poustouflants sur la plage de Ponta Preta. Id\u00e9al pour les demandes en mariage, les anniversaires, les lunes de miel et autres c\u00e9l\u00e9brations.","breadcrumb":{"@id":"https:\/\/www.hoteldunasdesal.com\/fr\/activites\/glamping-et-romance\/#breadcrumb"},"inLanguage":"fr-FR","potentialAction":[{"@type":"ReadAction","target":["https:\/\/www.hoteldunasdesal.com\/fr\/activites\/glamping-et-romance\/"]}]},{"@type":"BreadcrumbList","@id":"https:\/\/www.hoteldunasdesal.com\/fr\/activites\/glamping-et-romance\/#breadcrumb","itemListElement":[{"@type":"ListItem","position":1,"name":"Home","item":"https:\/\/www.hoteldunasdesal.com\/fr\/"},{"@type":"ListItem","position":2,"name":"Activit\u00e9s","item":"https:\/\/www.hoteldunasdesal.com\/fr\/activites\/"},{"@type":"ListItem","position":3,"name":"Glamping et romance"}]},{"@type":"WebSite","@id":"https:\/\/www.hoteldunasdesal.com\/fr\/#website","url":"https:\/\/www.hoteldunasdesal.com\/fr\/","name":"Dunas de Sal Design Hotel","description":"","publisher":{"@id":"https:\/\/www.hoteldunasdesal.com\/fr\/#organization"},"potentialAction":[{"@type":"SearchAction","target":{"@type":"EntryPoint","urlTemplate":"https:\/\/www.hoteldunasdesal.com\/fr\/?s={search_term_string}"},"query-input":"required name=search_term_string"}],"inLanguage":"fr-FR"},{"@type":"Organization","@id":"https:\/\/www.hoteldunasdesal.com\/fr\/#organization","name":"Dunas de Sal Design Hotel","url":"https:\/\/www.hoteldunasdesal.com\/fr\/","logo":{"@type":"ImageObject","inLanguage":"fr-FR","@id":"https:\/\/www.hoteldunasdesal.com\/fr\/#\/schema\/logo\/image\/","url":"https:\/\/www.hoteldunasdesal.com\/wp-content\/uploads\/sites\/221\/2025\/03\/logo-dunas-de-sal.png","contentUrl":"https:\/\/www.hoteldunasdesal.com\/wp-content\/uploads\/sites\/221\/2025\/03\/logo-dunas-de-sal.png","width":2856,"height":495,"caption":"Dunas de Sal Design Hotel"},"image":{"@id":"https:\/\/www.hoteldunasdesal.com\/fr\/#\/schema\/logo\/image\/"},"sameAs":["https:\/\/www.facebook.com\/dunasdesalhotel","https:\/\/www.instagram.com\/hoteldunasdesal\/"]}]}},"acf":[],"_links":{"self":[{"href":"https:\/\/www.hoteldunasdesal.com\/fr\/wp-json\/wp\/v2\/pages\/353"}],"collection":[{"href":"https:\/\/www.hoteldunasdesal.com\/fr\/wp-json\/wp\/v2\/pages"}],"about":[{"href":"https:\/\/www.hoteldunasdesal.com\/fr\/wp-json\/wp\/v2\/types\/page"}],"author":[{"embeddable":true,"href":"https:\/\/www.hoteldunasdesal.com\/fr\/wp-json\/wp\/v2\/users\/8"}],"replies":[{"embeddable":true,"href":"https:\/\/www.hoteldunasdesal.com\/fr\/wp-json\/wp\/v2\/comments?post=353"}],"version-history":[{"count":0,"href":"https:\/\/www.hoteldunasdesal.com\/fr\/wp-json\/wp\/v2\/pages\/353\/revisions"}],"up":[{"embeddable":true,"href":"https:\/\/www.hoteldunasdesal.com\/fr\/wp-json\/wp\/v2\/pages\/322"}],"wp:attachment":[{"href":"https:\/\/www.hoteldunasdesal.com\/fr\/wp-json\/wp\/v2\/media?parent=353"}],"curies":[{"name":"wp","href":"https:\/\/api.w.org\/{rel}","templated":true}]}}