{"id":210,"date":"2025-02-28T11:17:40","date_gmt":"2025-02-28T11:17:40","guid":{"rendered":"https:\/\/dunas-de-sal-capeverde.ms2.decms.eu\/sustentabilidade-e-responsabilidade-social\/"},"modified":"2026-01-14T19:10:10","modified_gmt":"2026-01-14T19:10:10","slug":"durabilite-et-responsabilite-sociale","status":"publish","type":"page","link":"https:\/\/www.hoteldunasdesal.com\/fr\/durabilite-et-responsabilite-sociale\/","title":{"rendered":"Durabilit\u00e9 et responsabilit\u00e9 sociale"},"content":{"rendered":"<p>\u00c0 l&rsquo;<strong>H\u00f4tel Dunas de Sal<\/strong>, nous pensons que ce sont avec de petits gestes r\u00e9p\u00e9t\u00e9s quotidiennement que la diff\u00e9rence se fait.<\/p>\n<p>C&rsquo;est pourquoi nous travaillons chaque jour pour r\u00e9duire notre empreinte \u00e9cologique et pour donner de la dignit\u00e9 et valoriser nos employ\u00e9s et la communaut\u00e9 dans laquelle nous op\u00e9rons.<\/p>\n<p>Nous nous engageons \u00e0 r\u00e9duire notre production de gaz \u00e0 effet de serre, ainsi qu&rsquo;\u00e0 r\u00e9duire la consommation d&rsquo;\u00e9nergie et d&rsquo;eau et \u00e0 r\u00e9duire la production de d\u00e9chets produits par nos op\u00e9rations, notamment la consommation de plastiques \u00e0 usage unique.<\/p>\n<p><strong>Dans ce processus, nous avons d\u00e9j\u00e0 certaines pratiques en place<\/strong> :<\/p>\n<ul>\n<li>Utilisation de panneaux solaires pour produire de l&rsquo;\u00e9lectricit\u00e9<\/li>\n<li>Utilisation de produits d&rsquo;entretien \u00e9cologiques<\/li>\n<li>Acquisition de produits en emballages industriels r\u00e9duisant la consommation d&#8217;emballages \u00e0 usage unique<\/li>\n<li>Consommation pr\u00e9f\u00e9rentielle de produits d&rsquo;origine locale<\/li>\n<li>Utilisation d&rsquo;eau recycl\u00e9e pour l&rsquo;irrigation<\/li>\n<li>Utilisation de lampes et \u00e9quipements basse consommation<\/li>\n<li>Appel \u00e0 une r\u00e9duction sur l&rsquo;\u00e9change de serviettes et linge de lit par nos clients<\/li>\n<li>Compostage des d\u00e9chets organiques<\/li>\n<li>Recyclage des huiles et des batteries<\/li>\n<li>Don du linge de lit et des serviettes \u00e0 des associations caritatives apr\u00e8s la fin de leur cycle de vie \u00e0 l&rsquo;Hotel<\/li>\n<\/ul>\n","protected":false},"excerpt":{"rendered":"<p>\u00c0 l&rsquo;H\u00f4tel Dunas de Sal, nous pensons que ce sont avec de petits gestes r\u00e9p\u00e9t\u00e9s quotidiennement que la diff\u00e9rence se fait. C&rsquo;est pourquoi nous travaillons chaque jour pour r\u00e9duire notre empreinte \u00e9cologique et pour donner de la dignit\u00e9 et valoriser nos employ\u00e9s et la communaut\u00e9 dans laquelle nous op\u00e9rons. Nous nous engageons \u00e0 r\u00e9duire notre [&hellip;]<\/p>\n","protected":false},"author":8,"featured_media":0,"parent":0,"menu_order":501,"comment_status":"closed","ping_status":"closed","template":"template-default-3.php","meta":{"footnotes":""},"yoast_head":"<!-- This site is optimized with the Yoast SEO plugin v22.3 - https:\/\/yoast.com\/wordpress\/plugins\/seo\/ -->\n<title>Durabilit\u00e9 et responsabilit\u00e9 sociale &#8226; Dunas de Sal Design Hotel &#8226;<\/title>\n<meta name=\"description\" content=\"\u00c0 l&#039;H\u00f4tel Dunas de Sal, nous pensons que ce sont avec de petits gestes r\u00e9p\u00e9t\u00e9s quotidiennement que la diff\u00e9rence se fait.  C&#039;est pourquoi nous travaillons chaque jour pour r\u00e9duire notre empreinte \u00e9cologique et pour donner de la dignit\u00e9 et valoriser nos employ\u00e9s et la communaut\u00e9 dans laquelle nous op\u00e9rons.  Nous nous engageons \u00e0 r\u00e9duire notre production de gaz \u00e0 effet de serre, ainsi qu&#039;\u00e0 r\u00e9duire la consommation d&#039;\u00e9nergie et d&#039;eau et \u00e0 r\u00e9duire la production de d\u00e9chets produits par nos op\u00e9rations, notamment la consommation de plastiques \u00e0 usage unique.  Dans ce processus, nous avons d\u00e9j\u00e0 certaines pratiques en place :   Utilisation de panneaux solaires pour produire de l&#039;\u00e9lectricit\u00e9  Utilisation de produits d&#039;entretien \u00e9cologiques  Acquisition de produits en emballages industriels r\u00e9duisant la consommation d&#039;emballages \u00e0 usage unique  Consommation pr\u00e9f\u00e9rentielle de produits d&#039;origine locale  Utilisation d&#039;eau recycl\u00e9e pour l&#039;irrigation  Utilisation de lampes et \u00e9quipements basse consommation  Appel \u00e0 une r\u00e9duction sur l&#039;\u00e9change de serviettes et linge de lit par nos clients  Compostage des d\u00e9chets organiques  Recyclage des huiles et des batteries  Don du linge de lit et des serviettes \u00e0 des associations caritatives apr\u00e8s la fin de leur cycle de vie \u00e0 l&#039;Hotel .\" \/>\n<meta name=\"robots\" content=\"index, follow, max-snippet:-1, max-image-preview:large, max-video-preview:-1\" \/>\n<link rel=\"canonical\" href=\"https:\/\/www.hoteldunasdesal.com\/fr\/durabilite-et-responsabilite-sociale\/\" \/>\n<meta property=\"og:locale\" content=\"fr_FR\" \/>\n<meta property=\"og:type\" content=\"article\" \/>\n<meta property=\"og:title\" content=\"Durabilit\u00e9 et responsabilit\u00e9 sociale &#8226; Dunas de Sal Design Hotel &#8226;\" \/>\n<meta property=\"og:description\" content=\"\u00c0 l&#039;H\u00f4tel Dunas de Sal, nous pensons que ce sont avec de petits gestes r\u00e9p\u00e9t\u00e9s quotidiennement que la diff\u00e9rence se fait.  C&#039;est pourquoi nous travaillons chaque jour pour r\u00e9duire notre empreinte \u00e9cologique et pour donner de la dignit\u00e9 et valoriser nos employ\u00e9s et la communaut\u00e9 dans laquelle nous op\u00e9rons.  Nous nous engageons \u00e0 r\u00e9duire notre production de gaz \u00e0 effet de serre, ainsi qu&#039;\u00e0 r\u00e9duire la consommation d&#039;\u00e9nergie et d&#039;eau et \u00e0 r\u00e9duire la production de d\u00e9chets produits par nos op\u00e9rations, notamment la consommation de plastiques \u00e0 usage unique.  Dans ce processus, nous avons d\u00e9j\u00e0 certaines pratiques en place :   Utilisation de panneaux solaires pour produire de l&#039;\u00e9lectricit\u00e9  Utilisation de produits d&#039;entretien \u00e9cologiques  Acquisition de produits en emballages industriels r\u00e9duisant la consommation d&#039;emballages \u00e0 usage unique  Consommation pr\u00e9f\u00e9rentielle de produits d&#039;origine locale  Utilisation d&#039;eau recycl\u00e9e pour l&#039;irrigation  Utilisation de lampes et \u00e9quipements basse consommation  Appel \u00e0 une r\u00e9duction sur l&#039;\u00e9change de serviettes et linge de lit par nos clients  Compostage des d\u00e9chets organiques  Recyclage des huiles et des batteries  Don du linge de lit et des serviettes \u00e0 des associations caritatives apr\u00e8s la fin de leur cycle de vie \u00e0 l&#039;Hotel .\" \/>\n<meta property=\"og:url\" content=\"https:\/\/www.hoteldunasdesal.com\/fr\/durabilite-et-responsabilite-sociale\/\" \/>\n<meta property=\"og:site_name\" content=\"Dunas de Sal Design Hotel\" \/>\n<meta property=\"article:publisher\" content=\"https:\/\/www.facebook.com\/dunasdesalhotel\" \/>\n<meta property=\"article:modified_time\" content=\"2026-01-14T19:10:10+00:00\" \/>\n<meta property=\"og:image\" content=\"https:\/\/www.hoteldunasdesal.com\/wp-content\/uploads\/sites\/221\/2025\/03\/Hotel-Dunas-De-Sal-Cabo-Verde-2.jpg\" \/>\n\t<meta property=\"og:image:width\" content=\"2200\" \/>\n\t<meta property=\"og:image:height\" content=\"1466\" \/>\n\t<meta property=\"og:image:type\" content=\"image\/jpeg\" \/>\n<meta name=\"twitter:card\" content=\"summary_large_image\" \/>\n<meta name=\"twitter:label1\" content=\"Dur\u00e9e de lecture estim\u00e9e\" \/>\n\t<meta name=\"twitter:data1\" content=\"2 minutes\" \/>\n<script type=\"application\/ld+json\" class=\"yoast-schema-graph\">{\"@context\":\"https:\/\/schema.org\",\"@graph\":[{\"@type\":\"WebPage\",\"@id\":\"https:\/\/www.hoteldunasdesal.com\/fr\/durabilite-et-responsabilite-sociale\/\",\"url\":\"https:\/\/www.hoteldunasdesal.com\/fr\/durabilite-et-responsabilite-sociale\/\",\"name\":\"Durabilit\u00e9 et responsabilit\u00e9 sociale &#8226; Dunas de Sal Design Hotel &#8226;\",\"isPartOf\":{\"@id\":\"https:\/\/www.hoteldunasdesal.com\/fr\/#website\"},\"datePublished\":\"2025-02-28T11:17:40+00:00\",\"dateModified\":\"2026-01-14T19:10:10+00:00\",\"description\":\"\u00c0 l'H\u00f4tel Dunas de Sal, nous pensons que ce sont avec de petits gestes r\u00e9p\u00e9t\u00e9s quotidiennement que la diff\u00e9rence se fait. C'est pourquoi nous travaillons chaque jour pour r\u00e9duire notre empreinte \u00e9cologique et pour donner de la dignit\u00e9 et valoriser nos employ\u00e9s et la communaut\u00e9 dans laquelle nous op\u00e9rons. Nous nous engageons \u00e0 r\u00e9duire notre production de gaz \u00e0 effet de serre, ainsi qu'\u00e0 r\u00e9duire la consommation d'\u00e9nergie et d'eau et \u00e0 r\u00e9duire la production de d\u00e9chets produits par nos op\u00e9rations, notamment la consommation de plastiques \u00e0 usage unique. Dans ce processus, nous avons d\u00e9j\u00e0 certaines pratiques en place : \u2022 Utilisation de panneaux solaires pour produire de l'\u00e9lectricit\u00e9 \u2022 Utilisation de produits d'entretien \u00e9cologiques \u2022 Acquisition de produits en emballages industriels r\u00e9duisant la consommation d'emballages \u00e0 usage unique \u2022 Consommation pr\u00e9f\u00e9rentielle de produits d'origine locale \u2022 Utilisation d'eau recycl\u00e9e pour l'irrigation \u2022 Utilisation de lampes et \u00e9quipements basse consommation \u2022 Appel \u00e0 une r\u00e9duction sur l'\u00e9change de serviettes et linge de lit par nos clients \u2022 Compostage des d\u00e9chets organiques \u2022 Recyclage des huiles et des batteries \u2022 Don du linge de lit et des serviettes \u00e0 des associations caritatives apr\u00e8s la fin de leur cycle de vie \u00e0 l'Hotel .\",\"breadcrumb\":{\"@id\":\"https:\/\/www.hoteldunasdesal.com\/fr\/durabilite-et-responsabilite-sociale\/#breadcrumb\"},\"inLanguage\":\"fr-FR\",\"potentialAction\":[{\"@type\":\"ReadAction\",\"target\":[\"https:\/\/www.hoteldunasdesal.com\/fr\/durabilite-et-responsabilite-sociale\/\"]}]},{\"@type\":\"BreadcrumbList\",\"@id\":\"https:\/\/www.hoteldunasdesal.com\/fr\/durabilite-et-responsabilite-sociale\/#breadcrumb\",\"itemListElement\":[{\"@type\":\"ListItem\",\"position\":1,\"name\":\"Home\",\"item\":\"https:\/\/www.hoteldunasdesal.com\/fr\/\"},{\"@type\":\"ListItem\",\"position\":2,\"name\":\"Durabilit\u00e9 et responsabilit\u00e9 sociale\"}]},{\"@type\":\"WebSite\",\"@id\":\"https:\/\/www.hoteldunasdesal.com\/fr\/#website\",\"url\":\"https:\/\/www.hoteldunasdesal.com\/fr\/\",\"name\":\"Dunas de Sal Design Hotel\",\"description\":\"\",\"publisher\":{\"@id\":\"https:\/\/www.hoteldunasdesal.com\/fr\/#organization\"},\"potentialAction\":[{\"@type\":\"SearchAction\",\"target\":{\"@type\":\"EntryPoint\",\"urlTemplate\":\"https:\/\/www.hoteldunasdesal.com\/fr\/?s={search_term_string}\"},\"query-input\":\"required name=search_term_string\"}],\"inLanguage\":\"fr-FR\"},{\"@type\":\"Organization\",\"@id\":\"https:\/\/www.hoteldunasdesal.com\/fr\/#organization\",\"name\":\"Dunas de Sal Design Hotel\",\"url\":\"https:\/\/www.hoteldunasdesal.com\/fr\/\",\"logo\":{\"@type\":\"ImageObject\",\"inLanguage\":\"fr-FR\",\"@id\":\"https:\/\/www.hoteldunasdesal.com\/fr\/#\/schema\/logo\/image\/\",\"url\":\"https:\/\/www.hoteldunasdesal.com\/wp-content\/uploads\/sites\/221\/2025\/03\/logo-dunas-de-sal.png\",\"contentUrl\":\"https:\/\/www.hoteldunasdesal.com\/wp-content\/uploads\/sites\/221\/2025\/03\/logo-dunas-de-sal.png\",\"width\":2856,\"height\":495,\"caption\":\"Dunas de Sal Design Hotel\"},\"image\":{\"@id\":\"https:\/\/www.hoteldunasdesal.com\/fr\/#\/schema\/logo\/image\/\"},\"sameAs\":[\"https:\/\/www.facebook.com\/dunasdesalhotel\",\"https:\/\/www.instagram.com\/hoteldunasdesal\/\"]}]}<\/script>\n<!-- \/ Yoast SEO plugin. -->","yoast_head_json":{"title":"Durabilit\u00e9 et responsabilit\u00e9 sociale &#8226; Dunas de Sal Design Hotel &#8226;","description":"\u00c0 l'H\u00f4tel Dunas de Sal, nous pensons que ce sont avec de petits gestes r\u00e9p\u00e9t\u00e9s quotidiennement que la diff\u00e9rence se fait.  C'est pourquoi nous travaillons chaque jour pour r\u00e9duire notre empreinte \u00e9cologique et pour donner de la dignit\u00e9 et valoriser nos employ\u00e9s et la communaut\u00e9 dans laquelle nous op\u00e9rons.  Nous nous engageons \u00e0 r\u00e9duire notre production de gaz \u00e0 effet de serre, ainsi qu'\u00e0 r\u00e9duire la consommation d'\u00e9nergie et d'eau et \u00e0 r\u00e9duire la production de d\u00e9chets produits par nos op\u00e9rations, notamment la consommation de plastiques \u00e0 usage unique.  Dans ce processus, nous avons d\u00e9j\u00e0 certaines pratiques en place :   Utilisation de panneaux solaires pour produire de l'\u00e9lectricit\u00e9  Utilisation de produits d'entretien \u00e9cologiques  Acquisition de produits en emballages industriels r\u00e9duisant la consommation d'emballages \u00e0 usage unique  Consommation pr\u00e9f\u00e9rentielle de produits d'origine locale  Utilisation d'eau recycl\u00e9e pour l'irrigation  Utilisation de lampes et \u00e9quipements basse consommation  Appel \u00e0 une r\u00e9duction sur l'\u00e9change de serviettes et linge de lit par nos clients  Compostage des d\u00e9chets organiques  Recyclage des huiles et des batteries  Don du linge de lit et des serviettes \u00e0 des associations caritatives apr\u00e8s la fin de leur cycle de vie \u00e0 l'Hotel .","robots":{"index":"index","follow":"follow","max-snippet":"max-snippet:-1","max-image-preview":"max-image-preview:large","max-video-preview":"max-video-preview:-1"},"canonical":"https:\/\/www.hoteldunasdesal.com\/fr\/durabilite-et-responsabilite-sociale\/","og_locale":"fr_FR","og_type":"article","og_title":"Durabilit\u00e9 et responsabilit\u00e9 sociale &#8226; Dunas de Sal Design Hotel &#8226;","og_description":"\u00c0 l'H\u00f4tel Dunas de Sal, nous pensons que ce sont avec de petits gestes r\u00e9p\u00e9t\u00e9s quotidiennement que la diff\u00e9rence se fait.  C'est pourquoi nous travaillons chaque jour pour r\u00e9duire notre empreinte \u00e9cologique et pour donner de la dignit\u00e9 et valoriser nos employ\u00e9s et la communaut\u00e9 dans laquelle nous op\u00e9rons.  Nous nous engageons \u00e0 r\u00e9duire notre production de gaz \u00e0 effet de serre, ainsi qu'\u00e0 r\u00e9duire la consommation d'\u00e9nergie et d'eau et \u00e0 r\u00e9duire la production de d\u00e9chets produits par nos op\u00e9rations, notamment la consommation de plastiques \u00e0 usage unique.  Dans ce processus, nous avons d\u00e9j\u00e0 certaines pratiques en place :   Utilisation de panneaux solaires pour produire de l'\u00e9lectricit\u00e9  Utilisation de produits d'entretien \u00e9cologiques  Acquisition de produits en emballages industriels r\u00e9duisant la consommation d'emballages \u00e0 usage unique  Consommation pr\u00e9f\u00e9rentielle de produits d'origine locale  Utilisation d'eau recycl\u00e9e pour l'irrigation  Utilisation de lampes et \u00e9quipements basse consommation  Appel \u00e0 une r\u00e9duction sur l'\u00e9change de serviettes et linge de lit par nos clients  Compostage des d\u00e9chets organiques  Recyclage des huiles et des batteries  Don du linge de lit et des serviettes \u00e0 des associations caritatives apr\u00e8s la fin de leur cycle de vie \u00e0 l'Hotel .","og_url":"https:\/\/www.hoteldunasdesal.com\/fr\/durabilite-et-responsabilite-sociale\/","og_site_name":"Dunas de Sal Design Hotel","article_publisher":"https:\/\/www.facebook.com\/dunasdesalhotel","article_modified_time":"2026-01-14T19:10:10+00:00","og_image":[{"width":2200,"height":1466,"url":"https:\/\/www.hoteldunasdesal.com\/wp-content\/uploads\/sites\/221\/2025\/03\/Hotel-Dunas-De-Sal-Cabo-Verde-2.jpg","type":"image\/jpeg"}],"twitter_card":"summary_large_image","twitter_misc":{"Dur\u00e9e de lecture estim\u00e9e":"2 minutes"},"schema":{"@context":"https:\/\/schema.org","@graph":[{"@type":"WebPage","@id":"https:\/\/www.hoteldunasdesal.com\/fr\/durabilite-et-responsabilite-sociale\/","url":"https:\/\/www.hoteldunasdesal.com\/fr\/durabilite-et-responsabilite-sociale\/","name":"Durabilit\u00e9 et responsabilit\u00e9 sociale &#8226; Dunas de Sal Design Hotel &#8226;","isPartOf":{"@id":"https:\/\/www.hoteldunasdesal.com\/fr\/#website"},"datePublished":"2025-02-28T11:17:40+00:00","dateModified":"2026-01-14T19:10:10+00:00","description":"\u00c0 l'H\u00f4tel Dunas de Sal, nous pensons que ce sont avec de petits gestes r\u00e9p\u00e9t\u00e9s quotidiennement que la diff\u00e9rence se fait. C'est pourquoi nous travaillons chaque jour pour r\u00e9duire notre empreinte \u00e9cologique et pour donner de la dignit\u00e9 et valoriser nos employ\u00e9s et la communaut\u00e9 dans laquelle nous op\u00e9rons. Nous nous engageons \u00e0 r\u00e9duire notre production de gaz \u00e0 effet de serre, ainsi qu'\u00e0 r\u00e9duire la consommation d'\u00e9nergie et d'eau et \u00e0 r\u00e9duire la production de d\u00e9chets produits par nos op\u00e9rations, notamment la consommation de plastiques \u00e0 usage unique. Dans ce processus, nous avons d\u00e9j\u00e0 certaines pratiques en place : \u2022 Utilisation de panneaux solaires pour produire de l'\u00e9lectricit\u00e9 \u2022 Utilisation de produits d'entretien \u00e9cologiques \u2022 Acquisition de produits en emballages industriels r\u00e9duisant la consommation d'emballages \u00e0 usage unique \u2022 Consommation pr\u00e9f\u00e9rentielle de produits d'origine locale \u2022 Utilisation d'eau recycl\u00e9e pour l'irrigation \u2022 Utilisation de lampes et \u00e9quipements basse consommation \u2022 Appel \u00e0 une r\u00e9duction sur l'\u00e9change de serviettes et linge de lit par nos clients \u2022 Compostage des d\u00e9chets organiques \u2022 Recyclage des huiles et des batteries \u2022 Don du linge de lit et des serviettes \u00e0 des associations caritatives apr\u00e8s la fin de leur cycle de vie \u00e0 l'Hotel .","breadcrumb":{"@id":"https:\/\/www.hoteldunasdesal.com\/fr\/durabilite-et-responsabilite-sociale\/#breadcrumb"},"inLanguage":"fr-FR","potentialAction":[{"@type":"ReadAction","target":["https:\/\/www.hoteldunasdesal.com\/fr\/durabilite-et-responsabilite-sociale\/"]}]},{"@type":"BreadcrumbList","@id":"https:\/\/www.hoteldunasdesal.com\/fr\/durabilite-et-responsabilite-sociale\/#breadcrumb","itemListElement":[{"@type":"ListItem","position":1,"name":"Home","item":"https:\/\/www.hoteldunasdesal.com\/fr\/"},{"@type":"ListItem","position":2,"name":"Durabilit\u00e9 et responsabilit\u00e9 sociale"}]},{"@type":"WebSite","@id":"https:\/\/www.hoteldunasdesal.com\/fr\/#website","url":"https:\/\/www.hoteldunasdesal.com\/fr\/","name":"Dunas de Sal Design Hotel","description":"","publisher":{"@id":"https:\/\/www.hoteldunasdesal.com\/fr\/#organization"},"potentialAction":[{"@type":"SearchAction","target":{"@type":"EntryPoint","urlTemplate":"https:\/\/www.hoteldunasdesal.com\/fr\/?s={search_term_string}"},"query-input":"required name=search_term_string"}],"inLanguage":"fr-FR"},{"@type":"Organization","@id":"https:\/\/www.hoteldunasdesal.com\/fr\/#organization","name":"Dunas de Sal Design Hotel","url":"https:\/\/www.hoteldunasdesal.com\/fr\/","logo":{"@type":"ImageObject","inLanguage":"fr-FR","@id":"https:\/\/www.hoteldunasdesal.com\/fr\/#\/schema\/logo\/image\/","url":"https:\/\/www.hoteldunasdesal.com\/wp-content\/uploads\/sites\/221\/2025\/03\/logo-dunas-de-sal.png","contentUrl":"https:\/\/www.hoteldunasdesal.com\/wp-content\/uploads\/sites\/221\/2025\/03\/logo-dunas-de-sal.png","width":2856,"height":495,"caption":"Dunas de Sal Design Hotel"},"image":{"@id":"https:\/\/www.hoteldunasdesal.com\/fr\/#\/schema\/logo\/image\/"},"sameAs":["https:\/\/www.facebook.com\/dunasdesalhotel","https:\/\/www.instagram.com\/hoteldunasdesal\/"]}]}},"acf":[],"_links":{"self":[{"href":"https:\/\/www.hoteldunasdesal.com\/fr\/wp-json\/wp\/v2\/pages\/210"}],"collection":[{"href":"https:\/\/www.hoteldunasdesal.com\/fr\/wp-json\/wp\/v2\/pages"}],"about":[{"href":"https:\/\/www.hoteldunasdesal.com\/fr\/wp-json\/wp\/v2\/types\/page"}],"author":[{"embeddable":true,"href":"https:\/\/www.hoteldunasdesal.com\/fr\/wp-json\/wp\/v2\/users\/8"}],"replies":[{"embeddable":true,"href":"https:\/\/www.hoteldunasdesal.com\/fr\/wp-json\/wp\/v2\/comments?post=210"}],"version-history":[{"count":0,"href":"https:\/\/www.hoteldunasdesal.com\/fr\/wp-json\/wp\/v2\/pages\/210\/revisions"}],"wp:attachment":[{"href":"https:\/\/www.hoteldunasdesal.com\/fr\/wp-json\/wp\/v2\/media?parent=210"}],"curies":[{"name":"wp","href":"https:\/\/api.w.org\/{rel}","templated":true}]}}