{"id":199,"date":"2025-03-03T11:08:28","date_gmt":"2025-03-03T11:08:28","guid":{"rendered":"https:\/\/dunas-de-sal-capeverde.ms2.decms.eu\/estilo-de-vida\/"},"modified":"2025-03-14T14:40:23","modified_gmt":"2025-03-14T14:40:23","slug":"style-de-vie","status":"publish","type":"page","link":"https:\/\/www.hoteldunasdesal.com\/fr\/style-de-vie\/","title":{"rendered":"Style de vie"},"content":{"rendered":"<p>\u00c0 Dunas de Sal, nous voulons que nos clients vivent une exp\u00e9rience exotique, c&rsquo;est pourquoi nous vous encourageons \u00e0 explorer toute l&rsquo;\u00eele, \u00e0 rencontrer les personnes et leurs coutumes, \u00e0 d\u00e9couvrir le monde des profondeurs de la mer, \u00e0 vivre des aventures dans les dunes c\u00f4ti\u00e8res et dans le d\u00e9sert de l&rsquo;\u00eele de Sal, et \u00e0 vous d\u00e9tendre avec une sensation de bien-\u00eatre et de connexion au pr\u00e9sent, dans le plus pur style cap-verdien.<\/p>\n<p><strong>Vivez une exp\u00e9rience unique !<\/strong><\/p>\n<p>Une journ\u00e9e sur l&rsquo;\u00eele de Sal ne peut pas commencer sans un bon petit-d\u00e9jeuner, de pr\u00e9f\u00e9rence avec le traditionnel cachupa mijot\u00e9 accompagn\u00e9 de poisson frit, de \u00ab\u00a0chouri\u00e7o de terra\u00a0\u00bb ou d&rsquo;\u0153uf frit, la nourriture n\u00e9cessaire pour une longue matin\u00e9e de soleil et de mer sur la plage paradisiaque de Santa Maria.<\/p>\n<p>C&rsquo;est l\u00e0 que le touriste se souvient pourquoi il a d\u00e9cid\u00e9 de r\u00e9server son voyage \u00e0 Sal, avec un sable blanc et chaud baign\u00e9 par la mer turquoise envo\u00fbtante \u00e0 la temp\u00e9rature parfaite pour rafra\u00eechir le corps.<\/p>\n<p>Dans votre valise, vous n&rsquo;avez pas besoin de beaucoup, des v\u00eatements l\u00e9gers, des sandales et un maillot de bain, un chapeau et des lunettes de soleil, et un livre vierge pour y inscrire des souvenirs.<\/p>\n","protected":false},"excerpt":{"rendered":"<p>\u00c0 Dunas de Sal, nous voulons que nos clients vivent une exp\u00e9rience exotique, c&rsquo;est pourquoi nous vous encourageons \u00e0 explorer toute l&rsquo;\u00eele, \u00e0 rencontrer les personnes et leurs coutumes, \u00e0 d\u00e9couvrir le monde des profondeurs de la mer, \u00e0 vivre des aventures dans les dunes c\u00f4ti\u00e8res et dans le d\u00e9sert de l&rsquo;\u00eele de Sal, et [&hellip;]<\/p>\n","protected":false},"author":8,"featured_media":0,"parent":0,"menu_order":50,"comment_status":"closed","ping_status":"closed","template":"","meta":{"footnotes":""},"yoast_head":"<!-- This site is optimized with the Yoast SEO plugin v22.3 - https:\/\/yoast.com\/wordpress\/plugins\/seo\/ -->\n<title>Style de vie &#8226; Dunas de Sal Design Hotel &#8226;<\/title>\n<meta name=\"description\" content=\"\u00c0 Dunas de Sal, nous voulons que nos clients vivent une exp\u00e9rience exotique, c&#039;est pourquoi nous vous encourageons \u00e0 explorer toute l&#039;\u00eele, \u00e0 rencontrer les personnes et leurs coutumes, \u00e0 d\u00e9couvrir le monde des profondeurs de la mer, \u00e0 vivre des aventures dans les dunes c\u00f4ti\u00e8res et dans le d\u00e9sert de l&#039;\u00eele de Sal, et \u00e0 vous d\u00e9tendre avec une sensation de bien-\u00eatre et de connexion au pr\u00e9sent, dans le plus pur style cap-verdien.  Vivez une exp\u00e9rience unique !  Une journ\u00e9e sur l&#039;\u00eele de Sal ne peut pas commencer sans un bon petit-d\u00e9jeuner, de pr\u00e9f\u00e9rence avec le traditionnel cachupa mijot\u00e9 accompagn\u00e9 de poisson frit, de &quot;chouri\u00e7o de terra&quot; ou d&#039;\u0153uf frit, la nourriture n\u00e9cessaire pour une longue matin\u00e9e de soleil et de mer sur la plage paradisiaque de Santa Maria.  C&#039;est l\u00e0 que le touriste se souvient pourquoi il a d\u00e9cid\u00e9 de r\u00e9server son voyage \u00e0 Sal, avec un sable blanc et chaud baign\u00e9 par la mer turquoise envo\u00fbtante \u00e0 la temp\u00e9rature parfaite pour rafra\u00eechir le corps.  Dans votre valise, vous n&#039;avez pas besoin de beaucoup, des v\u00eatements l\u00e9gers, des sandales et un maillot de bain, un chapeau et des lunettes de soleil, et un livre vierge pour y inscrire des souvenirs..\" \/>\n<meta name=\"robots\" content=\"index, follow, max-snippet:-1, max-image-preview:large, max-video-preview:-1\" \/>\n<link rel=\"canonical\" href=\"https:\/\/www.hoteldunasdesal.com\/fr\/style-de-vie\/\" \/>\n<meta property=\"og:locale\" content=\"fr_FR\" \/>\n<meta property=\"og:type\" content=\"article\" \/>\n<meta property=\"og:title\" content=\"Style de vie &#8226; Dunas de Sal Design Hotel &#8226;\" \/>\n<meta property=\"og:description\" content=\"\u00c0 Dunas de Sal, nous voulons que nos clients vivent une exp\u00e9rience exotique, c&#039;est pourquoi nous vous encourageons \u00e0 explorer toute l&#039;\u00eele, \u00e0 rencontrer les personnes et leurs coutumes, \u00e0 d\u00e9couvrir le monde des profondeurs de la mer, \u00e0 vivre des aventures dans les dunes c\u00f4ti\u00e8res et dans le d\u00e9sert de l&#039;\u00eele de Sal, et \u00e0 vous d\u00e9tendre avec une sensation de bien-\u00eatre et de connexion au pr\u00e9sent, dans le plus pur style cap-verdien.  Vivez une exp\u00e9rience unique !  Une journ\u00e9e sur l&#039;\u00eele de Sal ne peut pas commencer sans un bon petit-d\u00e9jeuner, de pr\u00e9f\u00e9rence avec le traditionnel cachupa mijot\u00e9 accompagn\u00e9 de poisson frit, de &quot;chouri\u00e7o de terra&quot; ou d&#039;\u0153uf frit, la nourriture n\u00e9cessaire pour une longue matin\u00e9e de soleil et de mer sur la plage paradisiaque de Santa Maria.  C&#039;est l\u00e0 que le touriste se souvient pourquoi il a d\u00e9cid\u00e9 de r\u00e9server son voyage \u00e0 Sal, avec un sable blanc et chaud baign\u00e9 par la mer turquoise envo\u00fbtante \u00e0 la temp\u00e9rature parfaite pour rafra\u00eechir le corps.  Dans votre valise, vous n&#039;avez pas besoin de beaucoup, des v\u00eatements l\u00e9gers, des sandales et un maillot de bain, un chapeau et des lunettes de soleil, et un livre vierge pour y inscrire des souvenirs..\" \/>\n<meta property=\"og:url\" content=\"https:\/\/www.hoteldunasdesal.com\/fr\/style-de-vie\/\" \/>\n<meta property=\"og:site_name\" content=\"Dunas de Sal Design Hotel\" \/>\n<meta property=\"article:publisher\" content=\"https:\/\/www.facebook.com\/dunasdesalhotel\" \/>\n<meta property=\"article:modified_time\" content=\"2025-03-14T14:40:23+00:00\" \/>\n<meta property=\"og:image\" content=\"https:\/\/www.hoteldunasdesal.com\/wp-content\/uploads\/sites\/221\/2025\/03\/Hotel-Dunas-De-Sal-Cabo-Verde-2.jpg\" \/>\n\t<meta property=\"og:image:width\" content=\"2200\" \/>\n\t<meta property=\"og:image:height\" content=\"1466\" \/>\n\t<meta property=\"og:image:type\" content=\"image\/jpeg\" \/>\n<meta name=\"twitter:card\" content=\"summary_large_image\" \/>\n<meta name=\"twitter:label1\" content=\"Dur\u00e9e de lecture estim\u00e9e\" \/>\n\t<meta name=\"twitter:data1\" content=\"1 minute\" \/>\n<script type=\"application\/ld+json\" class=\"yoast-schema-graph\">{\"@context\":\"https:\/\/schema.org\",\"@graph\":[{\"@type\":\"WebPage\",\"@id\":\"https:\/\/www.hoteldunasdesal.com\/fr\/style-de-vie\/\",\"url\":\"https:\/\/www.hoteldunasdesal.com\/fr\/style-de-vie\/\",\"name\":\"Style de vie &#8226; Dunas de Sal Design Hotel &#8226;\",\"isPartOf\":{\"@id\":\"https:\/\/www.hoteldunasdesal.com\/fr\/#website\"},\"datePublished\":\"2025-03-03T11:08:28+00:00\",\"dateModified\":\"2025-03-14T14:40:23+00:00\",\"description\":\"\u00c0 Dunas de Sal, nous voulons que nos clients vivent une exp\u00e9rience exotique, c'est pourquoi nous vous encourageons \u00e0 explorer toute l'\u00eele, \u00e0 rencontrer les personnes et leurs coutumes, \u00e0 d\u00e9couvrir le monde des profondeurs de la mer, \u00e0 vivre des aventures dans les dunes c\u00f4ti\u00e8res et dans le d\u00e9sert de l'\u00eele de Sal, et \u00e0 vous d\u00e9tendre avec une sensation de bien-\u00eatre et de connexion au pr\u00e9sent, dans le plus pur style cap-verdien. Vivez une exp\u00e9rience unique ! Une journ\u00e9e sur l'\u00eele de Sal ne peut pas commencer sans un bon petit-d\u00e9jeuner, de pr\u00e9f\u00e9rence avec le traditionnel cachupa mijot\u00e9 accompagn\u00e9 de poisson frit, de \\\"chouri\u00e7o de terra\\\" ou d'\u0153uf frit, la nourriture n\u00e9cessaire pour une longue matin\u00e9e de soleil et de mer sur la plage paradisiaque de Santa Maria. C'est l\u00e0 que le touriste se souvient pourquoi il a d\u00e9cid\u00e9 de r\u00e9server son voyage \u00e0 Sal, avec un sable blanc et chaud baign\u00e9 par la mer turquoise envo\u00fbtante \u00e0 la temp\u00e9rature parfaite pour rafra\u00eechir le corps. Dans votre valise, vous n'avez pas besoin de beaucoup, des v\u00eatements l\u00e9gers, des sandales et un maillot de bain, un chapeau et des lunettes de soleil, et un livre vierge pour y inscrire des souvenirs..\",\"breadcrumb\":{\"@id\":\"https:\/\/www.hoteldunasdesal.com\/fr\/style-de-vie\/#breadcrumb\"},\"inLanguage\":\"fr-FR\",\"potentialAction\":[{\"@type\":\"ReadAction\",\"target\":[\"https:\/\/www.hoteldunasdesal.com\/fr\/style-de-vie\/\"]}]},{\"@type\":\"BreadcrumbList\",\"@id\":\"https:\/\/www.hoteldunasdesal.com\/fr\/style-de-vie\/#breadcrumb\",\"itemListElement\":[{\"@type\":\"ListItem\",\"position\":1,\"name\":\"Home\",\"item\":\"https:\/\/www.hoteldunasdesal.com\/fr\/\"},{\"@type\":\"ListItem\",\"position\":2,\"name\":\"Style de vie\"}]},{\"@type\":\"WebSite\",\"@id\":\"https:\/\/www.hoteldunasdesal.com\/fr\/#website\",\"url\":\"https:\/\/www.hoteldunasdesal.com\/fr\/\",\"name\":\"Dunas de Sal Design Hotel\",\"description\":\"\",\"publisher\":{\"@id\":\"https:\/\/www.hoteldunasdesal.com\/fr\/#organization\"},\"potentialAction\":[{\"@type\":\"SearchAction\",\"target\":{\"@type\":\"EntryPoint\",\"urlTemplate\":\"https:\/\/www.hoteldunasdesal.com\/fr\/?s={search_term_string}\"},\"query-input\":\"required name=search_term_string\"}],\"inLanguage\":\"fr-FR\"},{\"@type\":\"Organization\",\"@id\":\"https:\/\/www.hoteldunasdesal.com\/fr\/#organization\",\"name\":\"Dunas de Sal Design Hotel\",\"url\":\"https:\/\/www.hoteldunasdesal.com\/fr\/\",\"logo\":{\"@type\":\"ImageObject\",\"inLanguage\":\"fr-FR\",\"@id\":\"https:\/\/www.hoteldunasdesal.com\/fr\/#\/schema\/logo\/image\/\",\"url\":\"https:\/\/www.hoteldunasdesal.com\/wp-content\/uploads\/sites\/221\/2025\/03\/logo-dunas-de-sal.png\",\"contentUrl\":\"https:\/\/www.hoteldunasdesal.com\/wp-content\/uploads\/sites\/221\/2025\/03\/logo-dunas-de-sal.png\",\"width\":2856,\"height\":495,\"caption\":\"Dunas de Sal Design Hotel\"},\"image\":{\"@id\":\"https:\/\/www.hoteldunasdesal.com\/fr\/#\/schema\/logo\/image\/\"},\"sameAs\":[\"https:\/\/www.facebook.com\/dunasdesalhotel\",\"https:\/\/www.instagram.com\/hoteldunasdesal\/\"]}]}<\/script>\n<!-- \/ Yoast SEO plugin. -->","yoast_head_json":{"title":"Style de vie &#8226; Dunas de Sal Design Hotel &#8226;","description":"\u00c0 Dunas de Sal, nous voulons que nos clients vivent une exp\u00e9rience exotique, c'est pourquoi nous vous encourageons \u00e0 explorer toute l'\u00eele, \u00e0 rencontrer les personnes et leurs coutumes, \u00e0 d\u00e9couvrir le monde des profondeurs de la mer, \u00e0 vivre des aventures dans les dunes c\u00f4ti\u00e8res et dans le d\u00e9sert de l'\u00eele de Sal, et \u00e0 vous d\u00e9tendre avec une sensation de bien-\u00eatre et de connexion au pr\u00e9sent, dans le plus pur style cap-verdien.  Vivez une exp\u00e9rience unique !  Une journ\u00e9e sur l'\u00eele de Sal ne peut pas commencer sans un bon petit-d\u00e9jeuner, de pr\u00e9f\u00e9rence avec le traditionnel cachupa mijot\u00e9 accompagn\u00e9 de poisson frit, de \"chouri\u00e7o de terra\" ou d'\u0153uf frit, la nourriture n\u00e9cessaire pour une longue matin\u00e9e de soleil et de mer sur la plage paradisiaque de Santa Maria.  C'est l\u00e0 que le touriste se souvient pourquoi il a d\u00e9cid\u00e9 de r\u00e9server son voyage \u00e0 Sal, avec un sable blanc et chaud baign\u00e9 par la mer turquoise envo\u00fbtante \u00e0 la temp\u00e9rature parfaite pour rafra\u00eechir le corps.  Dans votre valise, vous n'avez pas besoin de beaucoup, des v\u00eatements l\u00e9gers, des sandales et un maillot de bain, un chapeau et des lunettes de soleil, et un livre vierge pour y inscrire des souvenirs..","robots":{"index":"index","follow":"follow","max-snippet":"max-snippet:-1","max-image-preview":"max-image-preview:large","max-video-preview":"max-video-preview:-1"},"canonical":"https:\/\/www.hoteldunasdesal.com\/fr\/style-de-vie\/","og_locale":"fr_FR","og_type":"article","og_title":"Style de vie &#8226; Dunas de Sal Design Hotel &#8226;","og_description":"\u00c0 Dunas de Sal, nous voulons que nos clients vivent une exp\u00e9rience exotique, c'est pourquoi nous vous encourageons \u00e0 explorer toute l'\u00eele, \u00e0 rencontrer les personnes et leurs coutumes, \u00e0 d\u00e9couvrir le monde des profondeurs de la mer, \u00e0 vivre des aventures dans les dunes c\u00f4ti\u00e8res et dans le d\u00e9sert de l'\u00eele de Sal, et \u00e0 vous d\u00e9tendre avec une sensation de bien-\u00eatre et de connexion au pr\u00e9sent, dans le plus pur style cap-verdien.  Vivez une exp\u00e9rience unique !  Une journ\u00e9e sur l'\u00eele de Sal ne peut pas commencer sans un bon petit-d\u00e9jeuner, de pr\u00e9f\u00e9rence avec le traditionnel cachupa mijot\u00e9 accompagn\u00e9 de poisson frit, de \"chouri\u00e7o de terra\" ou d'\u0153uf frit, la nourriture n\u00e9cessaire pour une longue matin\u00e9e de soleil et de mer sur la plage paradisiaque de Santa Maria.  C'est l\u00e0 que le touriste se souvient pourquoi il a d\u00e9cid\u00e9 de r\u00e9server son voyage \u00e0 Sal, avec un sable blanc et chaud baign\u00e9 par la mer turquoise envo\u00fbtante \u00e0 la temp\u00e9rature parfaite pour rafra\u00eechir le corps.  Dans votre valise, vous n'avez pas besoin de beaucoup, des v\u00eatements l\u00e9gers, des sandales et un maillot de bain, un chapeau et des lunettes de soleil, et un livre vierge pour y inscrire des souvenirs..","og_url":"https:\/\/www.hoteldunasdesal.com\/fr\/style-de-vie\/","og_site_name":"Dunas de Sal Design Hotel","article_publisher":"https:\/\/www.facebook.com\/dunasdesalhotel","article_modified_time":"2025-03-14T14:40:23+00:00","og_image":[{"width":2200,"height":1466,"url":"https:\/\/www.hoteldunasdesal.com\/wp-content\/uploads\/sites\/221\/2025\/03\/Hotel-Dunas-De-Sal-Cabo-Verde-2.jpg","type":"image\/jpeg"}],"twitter_card":"summary_large_image","twitter_misc":{"Dur\u00e9e de lecture estim\u00e9e":"1 minute"},"schema":{"@context":"https:\/\/schema.org","@graph":[{"@type":"WebPage","@id":"https:\/\/www.hoteldunasdesal.com\/fr\/style-de-vie\/","url":"https:\/\/www.hoteldunasdesal.com\/fr\/style-de-vie\/","name":"Style de vie &#8226; Dunas de Sal Design Hotel &#8226;","isPartOf":{"@id":"https:\/\/www.hoteldunasdesal.com\/fr\/#website"},"datePublished":"2025-03-03T11:08:28+00:00","dateModified":"2025-03-14T14:40:23+00:00","description":"\u00c0 Dunas de Sal, nous voulons que nos clients vivent une exp\u00e9rience exotique, c'est pourquoi nous vous encourageons \u00e0 explorer toute l'\u00eele, \u00e0 rencontrer les personnes et leurs coutumes, \u00e0 d\u00e9couvrir le monde des profondeurs de la mer, \u00e0 vivre des aventures dans les dunes c\u00f4ti\u00e8res et dans le d\u00e9sert de l'\u00eele de Sal, et \u00e0 vous d\u00e9tendre avec une sensation de bien-\u00eatre et de connexion au pr\u00e9sent, dans le plus pur style cap-verdien. Vivez une exp\u00e9rience unique ! Une journ\u00e9e sur l'\u00eele de Sal ne peut pas commencer sans un bon petit-d\u00e9jeuner, de pr\u00e9f\u00e9rence avec le traditionnel cachupa mijot\u00e9 accompagn\u00e9 de poisson frit, de \"chouri\u00e7o de terra\" ou d'\u0153uf frit, la nourriture n\u00e9cessaire pour une longue matin\u00e9e de soleil et de mer sur la plage paradisiaque de Santa Maria. C'est l\u00e0 que le touriste se souvient pourquoi il a d\u00e9cid\u00e9 de r\u00e9server son voyage \u00e0 Sal, avec un sable blanc et chaud baign\u00e9 par la mer turquoise envo\u00fbtante \u00e0 la temp\u00e9rature parfaite pour rafra\u00eechir le corps. Dans votre valise, vous n'avez pas besoin de beaucoup, des v\u00eatements l\u00e9gers, des sandales et un maillot de bain, un chapeau et des lunettes de soleil, et un livre vierge pour y inscrire des souvenirs..","breadcrumb":{"@id":"https:\/\/www.hoteldunasdesal.com\/fr\/style-de-vie\/#breadcrumb"},"inLanguage":"fr-FR","potentialAction":[{"@type":"ReadAction","target":["https:\/\/www.hoteldunasdesal.com\/fr\/style-de-vie\/"]}]},{"@type":"BreadcrumbList","@id":"https:\/\/www.hoteldunasdesal.com\/fr\/style-de-vie\/#breadcrumb","itemListElement":[{"@type":"ListItem","position":1,"name":"Home","item":"https:\/\/www.hoteldunasdesal.com\/fr\/"},{"@type":"ListItem","position":2,"name":"Style de vie"}]},{"@type":"WebSite","@id":"https:\/\/www.hoteldunasdesal.com\/fr\/#website","url":"https:\/\/www.hoteldunasdesal.com\/fr\/","name":"Dunas de Sal Design Hotel","description":"","publisher":{"@id":"https:\/\/www.hoteldunasdesal.com\/fr\/#organization"},"potentialAction":[{"@type":"SearchAction","target":{"@type":"EntryPoint","urlTemplate":"https:\/\/www.hoteldunasdesal.com\/fr\/?s={search_term_string}"},"query-input":"required name=search_term_string"}],"inLanguage":"fr-FR"},{"@type":"Organization","@id":"https:\/\/www.hoteldunasdesal.com\/fr\/#organization","name":"Dunas de Sal Design Hotel","url":"https:\/\/www.hoteldunasdesal.com\/fr\/","logo":{"@type":"ImageObject","inLanguage":"fr-FR","@id":"https:\/\/www.hoteldunasdesal.com\/fr\/#\/schema\/logo\/image\/","url":"https:\/\/www.hoteldunasdesal.com\/wp-content\/uploads\/sites\/221\/2025\/03\/logo-dunas-de-sal.png","contentUrl":"https:\/\/www.hoteldunasdesal.com\/wp-content\/uploads\/sites\/221\/2025\/03\/logo-dunas-de-sal.png","width":2856,"height":495,"caption":"Dunas de Sal Design Hotel"},"image":{"@id":"https:\/\/www.hoteldunasdesal.com\/fr\/#\/schema\/logo\/image\/"},"sameAs":["https:\/\/www.facebook.com\/dunasdesalhotel","https:\/\/www.instagram.com\/hoteldunasdesal\/"]}]}},"acf":[],"_links":{"self":[{"href":"https:\/\/www.hoteldunasdesal.com\/fr\/wp-json\/wp\/v2\/pages\/199"}],"collection":[{"href":"https:\/\/www.hoteldunasdesal.com\/fr\/wp-json\/wp\/v2\/pages"}],"about":[{"href":"https:\/\/www.hoteldunasdesal.com\/fr\/wp-json\/wp\/v2\/types\/page"}],"author":[{"embeddable":true,"href":"https:\/\/www.hoteldunasdesal.com\/fr\/wp-json\/wp\/v2\/users\/8"}],"replies":[{"embeddable":true,"href":"https:\/\/www.hoteldunasdesal.com\/fr\/wp-json\/wp\/v2\/comments?post=199"}],"version-history":[{"count":0,"href":"https:\/\/www.hoteldunasdesal.com\/fr\/wp-json\/wp\/v2\/pages\/199\/revisions"}],"wp:attachment":[{"href":"https:\/\/www.hoteldunasdesal.com\/fr\/wp-json\/wp\/v2\/media?parent=199"}],"curies":[{"name":"wp","href":"https:\/\/api.w.org\/{rel}","templated":true}]}}