{"id":192,"date":"2025-02-26T16:31:34","date_gmt":"2025-02-26T16:31:34","guid":{"rendered":"https:\/\/dunas-de-sal-capeverde.ms2.decms.eu\/chambres-et-suites\/suite-master\/"},"modified":"2025-03-04T11:49:58","modified_gmt":"2025-03-04T11:49:58","slug":"suite-master","status":"publish","type":"page","link":"https:\/\/www.hoteldunasdesal.com\/fr\/chambres-et-suites\/suite-master\/","title":{"rendered":"Suite Master"},"content":{"rendered":"<p>La suite sup\u00e9rieure dispose d&rsquo;un lit double avec matelas orthop\u00e9dique et de linge de lit et d&rsquo;oreillers en mat\u00e9riau hypoallerg\u00e9nique et anti-transpirant. <\/p>\n<p><strong>Son emplacement privil\u00e9gi\u00e9 avec acc\u00e8s ind\u00e9pendant offre une intimit\u00e9 suppl\u00e9mentaire et un balcon plus grand.<\/strong><br \/>\nLe baignoire d&rsquo;hydromassage est situ\u00e9 \u00e0 l&rsquo;int\u00e9rieur de la chambre pour un plus grand confort des clients. <\/p>\n<p>Les vastes zones de sommeil, de s\u00e9jour et de d\u00e9tente, ainsi que les services de caf\u00e9\/th\u00e9 en capsule et de coffre-fort gratuit, compl\u00e8tent l&rsquo;exp\u00e9rience d&rsquo;h\u00e9bergement dans son ensemble. <\/p>\n<p>Des services de minibar et de blanchisserie sont \u00e9galement disponibles moyennant des frais suppl\u00e9mentaires.<\/p>\n<p>Ce type de chambre a une capacit\u00e9 maximale de 4 personnes, y compris un ou deux lits suppl\u00e9mentaires (co\u00fbt suppl\u00e9mentaire) ou un berceau (gratuit). L&rsquo;h\u00e9bergement de mineurs sans la supervision d&rsquo;un adulte n&rsquo;est pas autoris\u00e9.<\/p>\n","protected":false},"excerpt":{"rendered":"<p>La suite sup\u00e9rieure dispose d&rsquo;un lit double avec matelas orthop\u00e9dique et de linge de lit et d&rsquo;oreillers en mat\u00e9riau hypoallerg\u00e9nique et anti-transpirant. Son emplacement privil\u00e9gi\u00e9 avec acc\u00e8s ind\u00e9pendant offre une intimit\u00e9 suppl\u00e9mentaire et un balcon plus grand. Le baignoire d&rsquo;hydromassage est situ\u00e9 \u00e0 l&rsquo;int\u00e9rieur de la chambre pour un plus grand confort des clients. Les [&hellip;]<\/p>\n","protected":false},"author":8,"featured_media":0,"parent":121,"menu_order":9,"comment_status":"closed","ping_status":"closed","template":"template-single-room.php","meta":{"footnotes":""},"class_list":["post-192","page","type-page","status-publish","hentry"],"yoast_head":"<!-- This site is optimized with the Yoast SEO plugin v27.3 - https:\/\/yoast.com\/product\/yoast-seo-wordpress\/ -->\n<title>Suite Master &#8226; Dunas de Sal Design Hotel &#8226;<\/title>\n<meta name=\"description\" content=\"La suite sup\u00e9rieure dispose d&#039;un lit double avec matelas orthop\u00e9dique et de linge de lit et d&#039;oreillers en mat\u00e9riau hypoallerg\u00e9nique et anti-transpirant.   Son emplacement privil\u00e9gi\u00e9 avec acc\u00e8s ind\u00e9pendant offre une intimit\u00e9 suppl\u00e9mentaire et un balcon plus grand.  Le baignoire d&#039;hydromassage est situ\u00e9 \u00e0 l&#039;int\u00e9rieur de la chambre pour un plus grand confort des clients\" \/>\n<meta name=\"robots\" content=\"index, follow, max-snippet:-1, max-image-preview:large, max-video-preview:-1\" \/>\n<link rel=\"canonical\" href=\"https:\/\/www.hoteldunasdesal.com\/fr\/chambres-et-suites\/suite-master\/\" \/>\n<meta property=\"og:locale\" content=\"fr_FR\" \/>\n<meta property=\"og:type\" content=\"article\" \/>\n<meta property=\"og:title\" content=\"Suite Master &#8226; Dunas de Sal Design Hotel &#8226;\" \/>\n<meta property=\"og:description\" content=\"La suite sup\u00e9rieure dispose d&#039;un lit double avec matelas orthop\u00e9dique et de linge de lit et d&#039;oreillers en mat\u00e9riau hypoallerg\u00e9nique et anti-transpirant.   Son emplacement privil\u00e9gi\u00e9 avec acc\u00e8s ind\u00e9pendant offre une intimit\u00e9 suppl\u00e9mentaire et un balcon plus grand.  Le baignoire d&#039;hydromassage est situ\u00e9 \u00e0 l&#039;int\u00e9rieur de la chambre pour un plus grand confort des clients\" \/>\n<meta property=\"og:url\" content=\"https:\/\/www.hoteldunasdesal.com\/fr\/chambres-et-suites\/suite-master\/\" \/>\n<meta property=\"og:site_name\" content=\"Dunas de Sal Design Hotel\" \/>\n<meta property=\"article:publisher\" content=\"https:\/\/www.facebook.com\/dunasdesalhotel\" \/>\n<meta property=\"article:modified_time\" content=\"2025-03-04T11:49:58+00:00\" \/>\n<meta property=\"og:image\" content=\"https:\/\/www.hoteldunasdesal.com\/wp-content\/uploads\/sites\/221\/2025\/03\/Hotel-Dunas-De-Sal-Cabo-Verde-2.jpg\" \/>\n\t<meta property=\"og:image:width\" content=\"2200\" \/>\n\t<meta property=\"og:image:height\" content=\"1466\" \/>\n\t<meta property=\"og:image:type\" content=\"image\/jpeg\" \/>\n<meta name=\"twitter:card\" content=\"summary_large_image\" \/>\n<meta name=\"twitter:label1\" content=\"Dur\u00e9e de lecture estim\u00e9e\" \/>\n\t<meta name=\"twitter:data1\" content=\"1 minute\" \/>\n<script type=\"application\/ld+json\" class=\"yoast-schema-graph\">{\"@context\":\"https:\\\/\\\/schema.org\",\"@graph\":[{\"@type\":\"WebPage\",\"@id\":\"https:\\\/\\\/www.hoteldunasdesal.com\\\/fr\\\/chambres-et-suites\\\/suite-master\\\/\",\"url\":\"https:\\\/\\\/www.hoteldunasdesal.com\\\/fr\\\/chambres-et-suites\\\/suite-master\\\/\",\"name\":\"Suite Master &#8226; Dunas de Sal Design Hotel &#8226;\",\"isPartOf\":{\"@id\":\"https:\\\/\\\/www.hoteldunasdesal.com\\\/fr\\\/#website\"},\"datePublished\":\"2025-02-26T16:31:34+00:00\",\"dateModified\":\"2025-03-04T11:49:58+00:00\",\"description\":\"La suite sup\u00e9rieure dispose d'un lit double avec matelas orthop\u00e9dique et de linge de lit et d'oreillers en mat\u00e9riau hypoallerg\u00e9nique et anti-transpirant. Son emplacement privil\u00e9gi\u00e9 avec acc\u00e8s ind\u00e9pendant offre une intimit\u00e9 suppl\u00e9mentaire et un balcon plus grand. Le baignoire d'hydromassage est situ\u00e9 \u00e0 l'int\u00e9rieur de la chambre pour un plus grand confort des clients\",\"breadcrumb\":{\"@id\":\"https:\\\/\\\/www.hoteldunasdesal.com\\\/fr\\\/chambres-et-suites\\\/suite-master\\\/#breadcrumb\"},\"inLanguage\":\"fr-FR\",\"potentialAction\":[{\"@type\":\"ReadAction\",\"target\":[\"https:\\\/\\\/www.hoteldunasdesal.com\\\/fr\\\/chambres-et-suites\\\/suite-master\\\/\"]}]},{\"@type\":\"BreadcrumbList\",\"@id\":\"https:\\\/\\\/www.hoteldunasdesal.com\\\/fr\\\/chambres-et-suites\\\/suite-master\\\/#breadcrumb\",\"itemListElement\":[{\"@type\":\"ListItem\",\"position\":1,\"name\":\"Home\",\"item\":\"https:\\\/\\\/www.hoteldunasdesal.com\\\/fr\\\/\"},{\"@type\":\"ListItem\",\"position\":2,\"name\":\"Chambres et Suites\",\"item\":\"https:\\\/\\\/www.hoteldunasdesal.com\\\/fr\\\/quartos-e-suites\\\/\"},{\"@type\":\"ListItem\",\"position\":3,\"name\":\"Suite Master\"}]},{\"@type\":\"WebSite\",\"@id\":\"https:\\\/\\\/www.hoteldunasdesal.com\\\/fr\\\/#website\",\"url\":\"https:\\\/\\\/www.hoteldunasdesal.com\\\/fr\\\/\",\"name\":\"Dunas de Sal Design Hotel\",\"description\":\"\",\"publisher\":{\"@id\":\"https:\\\/\\\/www.hoteldunasdesal.com\\\/fr\\\/#organization\"},\"potentialAction\":[{\"@type\":\"SearchAction\",\"target\":{\"@type\":\"EntryPoint\",\"urlTemplate\":\"https:\\\/\\\/www.hoteldunasdesal.com\\\/fr\\\/?s={search_term_string}\"},\"query-input\":{\"@type\":\"PropertyValueSpecification\",\"valueRequired\":true,\"valueName\":\"search_term_string\"}}],\"inLanguage\":\"fr-FR\"},{\"@type\":\"Organization\",\"@id\":\"https:\\\/\\\/www.hoteldunasdesal.com\\\/fr\\\/#organization\",\"name\":\"Dunas de Sal Design Hotel\",\"url\":\"https:\\\/\\\/www.hoteldunasdesal.com\\\/fr\\\/\",\"logo\":{\"@type\":\"ImageObject\",\"inLanguage\":\"fr-FR\",\"@id\":\"https:\\\/\\\/www.hoteldunasdesal.com\\\/fr\\\/#\\\/schema\\\/logo\\\/image\\\/\",\"url\":\"https:\\\/\\\/www.hoteldunasdesal.com\\\/wp-content\\\/uploads\\\/sites\\\/221\\\/2025\\\/03\\\/logo-dunas-de-sal.png\",\"contentUrl\":\"https:\\\/\\\/www.hoteldunasdesal.com\\\/wp-content\\\/uploads\\\/sites\\\/221\\\/2025\\\/03\\\/logo-dunas-de-sal.png\",\"width\":2856,\"height\":495,\"caption\":\"Dunas de Sal Design Hotel\"},\"image\":{\"@id\":\"https:\\\/\\\/www.hoteldunasdesal.com\\\/fr\\\/#\\\/schema\\\/logo\\\/image\\\/\"},\"sameAs\":[\"https:\\\/\\\/www.facebook.com\\\/dunasdesalhotel\",\"https:\\\/\\\/www.instagram.com\\\/hoteldunasdesal\\\/\"]}]}<\/script>\n<!-- \/ Yoast SEO plugin. -->","yoast_head_json":{"title":"Suite Master &#8226; Dunas de Sal Design Hotel &#8226;","description":"La suite sup\u00e9rieure dispose d'un lit double avec matelas orthop\u00e9dique et de linge de lit et d'oreillers en mat\u00e9riau hypoallerg\u00e9nique et anti-transpirant.   Son emplacement privil\u00e9gi\u00e9 avec acc\u00e8s ind\u00e9pendant offre une intimit\u00e9 suppl\u00e9mentaire et un balcon plus grand.  Le baignoire d'hydromassage est situ\u00e9 \u00e0 l'int\u00e9rieur de la chambre pour un plus grand confort des clients","robots":{"index":"index","follow":"follow","max-snippet":"max-snippet:-1","max-image-preview":"max-image-preview:large","max-video-preview":"max-video-preview:-1"},"canonical":"https:\/\/www.hoteldunasdesal.com\/fr\/chambres-et-suites\/suite-master\/","og_locale":"fr_FR","og_type":"article","og_title":"Suite Master &#8226; Dunas de Sal Design Hotel &#8226;","og_description":"La suite sup\u00e9rieure dispose d'un lit double avec matelas orthop\u00e9dique et de linge de lit et d'oreillers en mat\u00e9riau hypoallerg\u00e9nique et anti-transpirant.   Son emplacement privil\u00e9gi\u00e9 avec acc\u00e8s ind\u00e9pendant offre une intimit\u00e9 suppl\u00e9mentaire et un balcon plus grand.  Le baignoire d'hydromassage est situ\u00e9 \u00e0 l'int\u00e9rieur de la chambre pour un plus grand confort des clients","og_url":"https:\/\/www.hoteldunasdesal.com\/fr\/chambres-et-suites\/suite-master\/","og_site_name":"Dunas de Sal Design Hotel","article_publisher":"https:\/\/www.facebook.com\/dunasdesalhotel","article_modified_time":"2025-03-04T11:49:58+00:00","og_image":[{"width":2200,"height":1466,"url":"https:\/\/www.hoteldunasdesal.com\/wp-content\/uploads\/sites\/221\/2025\/03\/Hotel-Dunas-De-Sal-Cabo-Verde-2.jpg","type":"image\/jpeg"}],"twitter_card":"summary_large_image","twitter_misc":{"Dur\u00e9e de lecture estim\u00e9e":"1 minute"},"schema":{"@context":"https:\/\/schema.org","@graph":[{"@type":"WebPage","@id":"https:\/\/www.hoteldunasdesal.com\/fr\/chambres-et-suites\/suite-master\/","url":"https:\/\/www.hoteldunasdesal.com\/fr\/chambres-et-suites\/suite-master\/","name":"Suite Master &#8226; Dunas de Sal Design Hotel &#8226;","isPartOf":{"@id":"https:\/\/www.hoteldunasdesal.com\/fr\/#website"},"datePublished":"2025-02-26T16:31:34+00:00","dateModified":"2025-03-04T11:49:58+00:00","description":"La suite sup\u00e9rieure dispose d'un lit double avec matelas orthop\u00e9dique et de linge de lit et d'oreillers en mat\u00e9riau hypoallerg\u00e9nique et anti-transpirant. Son emplacement privil\u00e9gi\u00e9 avec acc\u00e8s ind\u00e9pendant offre une intimit\u00e9 suppl\u00e9mentaire et un balcon plus grand. Le baignoire d'hydromassage est situ\u00e9 \u00e0 l'int\u00e9rieur de la chambre pour un plus grand confort des clients","breadcrumb":{"@id":"https:\/\/www.hoteldunasdesal.com\/fr\/chambres-et-suites\/suite-master\/#breadcrumb"},"inLanguage":"fr-FR","potentialAction":[{"@type":"ReadAction","target":["https:\/\/www.hoteldunasdesal.com\/fr\/chambres-et-suites\/suite-master\/"]}]},{"@type":"BreadcrumbList","@id":"https:\/\/www.hoteldunasdesal.com\/fr\/chambres-et-suites\/suite-master\/#breadcrumb","itemListElement":[{"@type":"ListItem","position":1,"name":"Home","item":"https:\/\/www.hoteldunasdesal.com\/fr\/"},{"@type":"ListItem","position":2,"name":"Chambres et Suites","item":"https:\/\/www.hoteldunasdesal.com\/fr\/quartos-e-suites\/"},{"@type":"ListItem","position":3,"name":"Suite Master"}]},{"@type":"WebSite","@id":"https:\/\/www.hoteldunasdesal.com\/fr\/#website","url":"https:\/\/www.hoteldunasdesal.com\/fr\/","name":"Dunas de Sal Design Hotel","description":"","publisher":{"@id":"https:\/\/www.hoteldunasdesal.com\/fr\/#organization"},"potentialAction":[{"@type":"SearchAction","target":{"@type":"EntryPoint","urlTemplate":"https:\/\/www.hoteldunasdesal.com\/fr\/?s={search_term_string}"},"query-input":{"@type":"PropertyValueSpecification","valueRequired":true,"valueName":"search_term_string"}}],"inLanguage":"fr-FR"},{"@type":"Organization","@id":"https:\/\/www.hoteldunasdesal.com\/fr\/#organization","name":"Dunas de Sal Design Hotel","url":"https:\/\/www.hoteldunasdesal.com\/fr\/","logo":{"@type":"ImageObject","inLanguage":"fr-FR","@id":"https:\/\/www.hoteldunasdesal.com\/fr\/#\/schema\/logo\/image\/","url":"https:\/\/www.hoteldunasdesal.com\/wp-content\/uploads\/sites\/221\/2025\/03\/logo-dunas-de-sal.png","contentUrl":"https:\/\/www.hoteldunasdesal.com\/wp-content\/uploads\/sites\/221\/2025\/03\/logo-dunas-de-sal.png","width":2856,"height":495,"caption":"Dunas de Sal Design Hotel"},"image":{"@id":"https:\/\/www.hoteldunasdesal.com\/fr\/#\/schema\/logo\/image\/"},"sameAs":["https:\/\/www.facebook.com\/dunasdesalhotel","https:\/\/www.instagram.com\/hoteldunasdesal\/"]}]}},"acf":[],"_links":{"self":[{"href":"https:\/\/www.hoteldunasdesal.com\/fr\/wp-json\/wp\/v2\/pages\/192","targetHints":{"allow":["GET"]}}],"collection":[{"href":"https:\/\/www.hoteldunasdesal.com\/fr\/wp-json\/wp\/v2\/pages"}],"about":[{"href":"https:\/\/www.hoteldunasdesal.com\/fr\/wp-json\/wp\/v2\/types\/page"}],"author":[{"embeddable":true,"href":"https:\/\/www.hoteldunasdesal.com\/fr\/wp-json\/wp\/v2\/users\/8"}],"replies":[{"embeddable":true,"href":"https:\/\/www.hoteldunasdesal.com\/fr\/wp-json\/wp\/v2\/comments?post=192"}],"version-history":[{"count":0,"href":"https:\/\/www.hoteldunasdesal.com\/fr\/wp-json\/wp\/v2\/pages\/192\/revisions"}],"up":[{"embeddable":true,"href":"https:\/\/www.hoteldunasdesal.com\/fr\/wp-json\/wp\/v2\/pages\/121"}],"wp:attachment":[{"href":"https:\/\/www.hoteldunasdesal.com\/fr\/wp-json\/wp\/v2\/media?parent=192"}],"curies":[{"name":"wp","href":"https:\/\/api.w.org\/{rel}","templated":true}]}}