{"id":474,"date":"2025-03-13T16:17:47","date_gmt":"2025-03-13T16:17:47","guid":{"rendered":"https:\/\/dunas-de-sal-capeverde.ms2.decms.eu\/onde-estamos\/"},"modified":"2025-03-14T11:54:54","modified_gmt":"2025-03-14T11:54:54","slug":"onde-estamos","status":"publish","type":"page","link":"https:\/\/www.hoteldunasdesal.com\/de\/onde-estamos\/","title":{"rendered":"Lage"},"content":{"rendered":"<p>Dunas de Sal ist der ideale Ort f\u00fcr G\u00e4ste, die auf der Suche nach Ausgeglichenheit und Ruhe sind, mit einer heiteren Atmosph\u00e4re, die die Entspannung f\u00f6rdert.<\/p>\n<p>Entdecken Sie ein neues Niveau an Komfort und Design im <strong>Hotel Dunas de Sal<\/strong>, einem modernen Ort auf den <strong>Kapverden<\/strong>.<\/p>\n","protected":false},"excerpt":{"rendered":"<p>Dunas de Sal ist der ideale Ort f\u00fcr G\u00e4ste, die auf der Suche nach Ausgeglichenheit und Ruhe sind, mit einer heiteren Atmosph\u00e4re, die die Entspannung f\u00f6rdert. Entdecken Sie ein neues Niveau an Komfort und Design im Hotel Dunas de Sal, einem modernen Ort auf den Kapverden.<\/p>\n","protected":false},"author":8,"featured_media":0,"parent":0,"menu_order":80,"comment_status":"closed","ping_status":"closed","template":"template-location.php","meta":{"footnotes":""},"class_list":["post-474","page","type-page","status-publish","hentry"],"yoast_head":"<!-- This site is optimized with the Yoast SEO plugin v27.3 - https:\/\/yoast.com\/product\/yoast-seo-wordpress\/ -->\n<title>Lage &#8226; Dunas de Sal Design Hotel &#8226;<\/title>\n<meta name=\"description\" content=\"Dunas de Sal ist der ideale Ort f\u00fcr G\u00e4ste, die auf der Suche nach Ausgeglichenheit und Ruhe sind, mit einer heiteren Atmosph\u00e4re, die die Entspannung f\u00f6rdert.  Entdecken Sie ein neues Niveau an Komfort und Design im Hotel Dunas de Sal, einem modernen Ort auf den Kapverden..\" \/>\n<meta name=\"robots\" content=\"index, follow, max-snippet:-1, max-image-preview:large, max-video-preview:-1\" \/>\n<link rel=\"canonical\" href=\"https:\/\/www.hoteldunasdesal.com\/de\/onde-estamos\/\" \/>\n<meta property=\"og:locale\" content=\"de_DE\" \/>\n<meta property=\"og:type\" content=\"article\" \/>\n<meta property=\"og:title\" content=\"Lage &#8226; Dunas de Sal Design Hotel &#8226;\" \/>\n<meta property=\"og:description\" content=\"Dunas de Sal ist der ideale Ort f\u00fcr G\u00e4ste, die auf der Suche nach Ausgeglichenheit und Ruhe sind, mit einer heiteren Atmosph\u00e4re, die die Entspannung f\u00f6rdert.  Entdecken Sie ein neues Niveau an Komfort und Design im Hotel Dunas de Sal, einem modernen Ort auf den Kapverden..\" \/>\n<meta property=\"og:url\" content=\"https:\/\/www.hoteldunasdesal.com\/de\/onde-estamos\/\" \/>\n<meta property=\"og:site_name\" content=\"Dunas de Sal Design Hotel\" \/>\n<meta property=\"article:publisher\" content=\"https:\/\/www.facebook.com\/dunasdesalhotel\" \/>\n<meta property=\"article:modified_time\" content=\"2025-03-14T11:54:54+00:00\" \/>\n<meta property=\"og:image\" content=\"https:\/\/www.hoteldunasdesal.com\/wp-content\/uploads\/sites\/221\/2025\/03\/Hotel-Dunas-De-Sal-Cabo-Verde-2.jpg\" \/>\n\t<meta property=\"og:image:width\" content=\"2200\" \/>\n\t<meta property=\"og:image:height\" content=\"1466\" \/>\n\t<meta property=\"og:image:type\" content=\"image\/jpeg\" \/>\n<meta name=\"twitter:card\" content=\"summary_large_image\" \/>\n<meta name=\"twitter:label1\" content=\"Gesch\u00e4tzte Lesezeit\" \/>\n\t<meta name=\"twitter:data1\" content=\"1 Minute\" \/>\n<script type=\"application\/ld+json\" class=\"yoast-schema-graph\">{\"@context\":\"https:\\\/\\\/schema.org\",\"@graph\":[{\"@type\":\"WebPage\",\"@id\":\"https:\\\/\\\/www.hoteldunasdesal.com\\\/de\\\/onde-estamos\\\/\",\"url\":\"https:\\\/\\\/www.hoteldunasdesal.com\\\/de\\\/onde-estamos\\\/\",\"name\":\"Lage &#8226; Dunas de Sal Design Hotel &#8226;\",\"isPartOf\":{\"@id\":\"https:\\\/\\\/www.hoteldunasdesal.com\\\/de\\\/#website\"},\"datePublished\":\"2025-03-13T16:17:47+00:00\",\"dateModified\":\"2025-03-14T11:54:54+00:00\",\"description\":\"Dunas de Sal ist der ideale Ort f\u00fcr G\u00e4ste, die auf der Suche nach Ausgeglichenheit und Ruhe sind, mit einer heiteren Atmosph\u00e4re, die die Entspannung f\u00f6rdert. Entdecken Sie ein neues Niveau an Komfort und Design im Hotel Dunas de Sal, einem modernen Ort auf den Kapverden..\",\"breadcrumb\":{\"@id\":\"https:\\\/\\\/www.hoteldunasdesal.com\\\/de\\\/onde-estamos\\\/#breadcrumb\"},\"inLanguage\":\"de-DE\",\"potentialAction\":[{\"@type\":\"ReadAction\",\"target\":[\"https:\\\/\\\/www.hoteldunasdesal.com\\\/de\\\/onde-estamos\\\/\"]}]},{\"@type\":\"BreadcrumbList\",\"@id\":\"https:\\\/\\\/www.hoteldunasdesal.com\\\/de\\\/onde-estamos\\\/#breadcrumb\",\"itemListElement\":[{\"@type\":\"ListItem\",\"position\":1,\"name\":\"Home\",\"item\":\"https:\\\/\\\/www.hoteldunasdesal.com\\\/de\\\/\"},{\"@type\":\"ListItem\",\"position\":2,\"name\":\"Lage\"}]},{\"@type\":\"WebSite\",\"@id\":\"https:\\\/\\\/www.hoteldunasdesal.com\\\/de\\\/#website\",\"url\":\"https:\\\/\\\/www.hoteldunasdesal.com\\\/de\\\/\",\"name\":\"Dunas de Sal Design Hotel\",\"description\":\"\",\"publisher\":{\"@id\":\"https:\\\/\\\/www.hoteldunasdesal.com\\\/de\\\/#organization\"},\"potentialAction\":[{\"@type\":\"SearchAction\",\"target\":{\"@type\":\"EntryPoint\",\"urlTemplate\":\"https:\\\/\\\/www.hoteldunasdesal.com\\\/de\\\/?s={search_term_string}\"},\"query-input\":{\"@type\":\"PropertyValueSpecification\",\"valueRequired\":true,\"valueName\":\"search_term_string\"}}],\"inLanguage\":\"de-DE\"},{\"@type\":\"Organization\",\"@id\":\"https:\\\/\\\/www.hoteldunasdesal.com\\\/de\\\/#organization\",\"name\":\"Dunas de Sal Design Hotel\",\"url\":\"https:\\\/\\\/www.hoteldunasdesal.com\\\/de\\\/\",\"logo\":{\"@type\":\"ImageObject\",\"inLanguage\":\"de-DE\",\"@id\":\"https:\\\/\\\/www.hoteldunasdesal.com\\\/de\\\/#\\\/schema\\\/logo\\\/image\\\/\",\"url\":\"https:\\\/\\\/www.hoteldunasdesal.com\\\/wp-content\\\/uploads\\\/sites\\\/221\\\/2025\\\/03\\\/logo-dunas-de-sal.png\",\"contentUrl\":\"https:\\\/\\\/www.hoteldunasdesal.com\\\/wp-content\\\/uploads\\\/sites\\\/221\\\/2025\\\/03\\\/logo-dunas-de-sal.png\",\"width\":2856,\"height\":495,\"caption\":\"Dunas de Sal Design Hotel\"},\"image\":{\"@id\":\"https:\\\/\\\/www.hoteldunasdesal.com\\\/de\\\/#\\\/schema\\\/logo\\\/image\\\/\"},\"sameAs\":[\"https:\\\/\\\/www.facebook.com\\\/dunasdesalhotel\",\"https:\\\/\\\/www.instagram.com\\\/hoteldunasdesal\\\/\"]}]}<\/script>\n<!-- \/ Yoast SEO plugin. -->","yoast_head_json":{"title":"Lage &#8226; Dunas de Sal Design Hotel &#8226;","description":"Dunas de Sal ist der ideale Ort f\u00fcr G\u00e4ste, die auf der Suche nach Ausgeglichenheit und Ruhe sind, mit einer heiteren Atmosph\u00e4re, die die Entspannung f\u00f6rdert.  Entdecken Sie ein neues Niveau an Komfort und Design im Hotel Dunas de Sal, einem modernen Ort auf den Kapverden..","robots":{"index":"index","follow":"follow","max-snippet":"max-snippet:-1","max-image-preview":"max-image-preview:large","max-video-preview":"max-video-preview:-1"},"canonical":"https:\/\/www.hoteldunasdesal.com\/de\/onde-estamos\/","og_locale":"de_DE","og_type":"article","og_title":"Lage &#8226; Dunas de Sal Design Hotel &#8226;","og_description":"Dunas de Sal ist der ideale Ort f\u00fcr G\u00e4ste, die auf der Suche nach Ausgeglichenheit und Ruhe sind, mit einer heiteren Atmosph\u00e4re, die die Entspannung f\u00f6rdert.  Entdecken Sie ein neues Niveau an Komfort und Design im Hotel Dunas de Sal, einem modernen Ort auf den Kapverden..","og_url":"https:\/\/www.hoteldunasdesal.com\/de\/onde-estamos\/","og_site_name":"Dunas de Sal Design Hotel","article_publisher":"https:\/\/www.facebook.com\/dunasdesalhotel","article_modified_time":"2025-03-14T11:54:54+00:00","og_image":[{"width":2200,"height":1466,"url":"https:\/\/www.hoteldunasdesal.com\/wp-content\/uploads\/sites\/221\/2025\/03\/Hotel-Dunas-De-Sal-Cabo-Verde-2.jpg","type":"image\/jpeg"}],"twitter_card":"summary_large_image","twitter_misc":{"Gesch\u00e4tzte Lesezeit":"1 Minute"},"schema":{"@context":"https:\/\/schema.org","@graph":[{"@type":"WebPage","@id":"https:\/\/www.hoteldunasdesal.com\/de\/onde-estamos\/","url":"https:\/\/www.hoteldunasdesal.com\/de\/onde-estamos\/","name":"Lage &#8226; Dunas de Sal Design Hotel &#8226;","isPartOf":{"@id":"https:\/\/www.hoteldunasdesal.com\/de\/#website"},"datePublished":"2025-03-13T16:17:47+00:00","dateModified":"2025-03-14T11:54:54+00:00","description":"Dunas de Sal ist der ideale Ort f\u00fcr G\u00e4ste, die auf der Suche nach Ausgeglichenheit und Ruhe sind, mit einer heiteren Atmosph\u00e4re, die die Entspannung f\u00f6rdert. Entdecken Sie ein neues Niveau an Komfort und Design im Hotel Dunas de Sal, einem modernen Ort auf den Kapverden..","breadcrumb":{"@id":"https:\/\/www.hoteldunasdesal.com\/de\/onde-estamos\/#breadcrumb"},"inLanguage":"de-DE","potentialAction":[{"@type":"ReadAction","target":["https:\/\/www.hoteldunasdesal.com\/de\/onde-estamos\/"]}]},{"@type":"BreadcrumbList","@id":"https:\/\/www.hoteldunasdesal.com\/de\/onde-estamos\/#breadcrumb","itemListElement":[{"@type":"ListItem","position":1,"name":"Home","item":"https:\/\/www.hoteldunasdesal.com\/de\/"},{"@type":"ListItem","position":2,"name":"Lage"}]},{"@type":"WebSite","@id":"https:\/\/www.hoteldunasdesal.com\/de\/#website","url":"https:\/\/www.hoteldunasdesal.com\/de\/","name":"Dunas de Sal Design Hotel","description":"","publisher":{"@id":"https:\/\/www.hoteldunasdesal.com\/de\/#organization"},"potentialAction":[{"@type":"SearchAction","target":{"@type":"EntryPoint","urlTemplate":"https:\/\/www.hoteldunasdesal.com\/de\/?s={search_term_string}"},"query-input":{"@type":"PropertyValueSpecification","valueRequired":true,"valueName":"search_term_string"}}],"inLanguage":"de-DE"},{"@type":"Organization","@id":"https:\/\/www.hoteldunasdesal.com\/de\/#organization","name":"Dunas de Sal Design Hotel","url":"https:\/\/www.hoteldunasdesal.com\/de\/","logo":{"@type":"ImageObject","inLanguage":"de-DE","@id":"https:\/\/www.hoteldunasdesal.com\/de\/#\/schema\/logo\/image\/","url":"https:\/\/www.hoteldunasdesal.com\/wp-content\/uploads\/sites\/221\/2025\/03\/logo-dunas-de-sal.png","contentUrl":"https:\/\/www.hoteldunasdesal.com\/wp-content\/uploads\/sites\/221\/2025\/03\/logo-dunas-de-sal.png","width":2856,"height":495,"caption":"Dunas de Sal Design Hotel"},"image":{"@id":"https:\/\/www.hoteldunasdesal.com\/de\/#\/schema\/logo\/image\/"},"sameAs":["https:\/\/www.facebook.com\/dunasdesalhotel","https:\/\/www.instagram.com\/hoteldunasdesal\/"]}]}},"acf":[],"_links":{"self":[{"href":"https:\/\/www.hoteldunasdesal.com\/de\/wp-json\/wp\/v2\/pages\/474","targetHints":{"allow":["GET"]}}],"collection":[{"href":"https:\/\/www.hoteldunasdesal.com\/de\/wp-json\/wp\/v2\/pages"}],"about":[{"href":"https:\/\/www.hoteldunasdesal.com\/de\/wp-json\/wp\/v2\/types\/page"}],"author":[{"embeddable":true,"href":"https:\/\/www.hoteldunasdesal.com\/de\/wp-json\/wp\/v2\/users\/8"}],"replies":[{"embeddable":true,"href":"https:\/\/www.hoteldunasdesal.com\/de\/wp-json\/wp\/v2\/comments?post=474"}],"version-history":[{"count":0,"href":"https:\/\/www.hoteldunasdesal.com\/de\/wp-json\/wp\/v2\/pages\/474\/revisions"}],"wp:attachment":[{"href":"https:\/\/www.hoteldunasdesal.com\/de\/wp-json\/wp\/v2\/media?parent=474"}],"curies":[{"name":"wp","href":"https:\/\/api.w.org\/{rel}","templated":true}]}}