{"id":377,"date":"2025-03-11T16:23:34","date_gmt":"2025-03-11T16:23:34","guid":{"rendered":"https:\/\/dunas-de-sal-capeverde.ms2.decms.eu\/?page_id=377"},"modified":"2025-03-11T16:24:45","modified_gmt":"2025-03-11T16:24:45","slug":"legaler-hinweis-imprint","status":"publish","type":"page","link":"https:\/\/www.hoteldunasdesal.com\/de\/legaler-hinweis-imprint\/","title":{"rendered":"Legaler Hinweis \/ Imprint"},"content":{"rendered":"<p>Der Eigent\u00fcmer dieser Website ist: Hotel Dunas de Sal, Ponta Preta, eingetragen im Handelsregister, Identifikationsnummer 200184954, Telefon +238 2429050 und e-mail geral@hoteldunasdesal.com<\/p>\n<p>Weitere Informationen zu anderen Kontaktformularen finden Sie auf unserer Hauptkontaktseite.<\/p>\n<p>Der Quellcode, die grafischen Entw\u00fcrfe, die Informationen und Inhalte, die in diesem Web erscheinen, sind durch Rechte an geistigem und gewerblichem Eigentum des Website-Eigent\u00fcmers oder Eigentum Dritter gesch\u00fctzt und k\u00f6nnen nicht ohne schriftliche Genehmigung der gesch\u00fctzten Organisationen verwendet werden .<\/p>\n<p>Der Benutzer kann das hier angezeigte Material ausschlie\u00dflich f\u00fcr seinen pers\u00f6nlichen und beraubten Gebrauch verwenden, wenn er alle Rechte an geistigem Eigentum, gewerblichem Eigentum und anderen Eigentumsrechten respektiert und daher seine Vervielf\u00e4ltigung oder jede andere Art der Verwendung mit kommerziellen Inhalten untersagt ist Ziele oder illegale Aktivit\u00e4ten; seine Verteilung, Verbreitung sowie seine Modifikation, Ver\u00e4nderung, Dekompilierung oder Speicherung f\u00fcr jeden Zweck.<\/p>\n<p>Die zuvor erw\u00e4hnten gesch\u00fctzten Organisationen werden den Versto\u00df gegen die vorherigen Bedingungen sowie jede illegale Verwendung der pr\u00e4sentierten \/ angezeigten Inhalte verfolgen und alle ihnen entsprechenden Zivil- und Strafma\u00dfnahmen aus\u00fcben.<\/p>\n","protected":false},"excerpt":{"rendered":"<p>Der Eigent\u00fcmer dieser Website ist: Hotel Dunas de Sal, Ponta Preta, eingetragen im Handelsregister, Identifikationsnummer 200184954, Telefon +238 2429050 und e-mail geral@hoteldunasdesal.com Weitere Informationen zu anderen Kontaktformularen finden Sie auf unserer Hauptkontaktseite. Der Quellcode, die grafischen Entw\u00fcrfe, die Informationen und Inhalte, die in diesem Web erscheinen, sind durch Rechte an geistigem und gewerblichem Eigentum des [&hellip;]<\/p>\n","protected":false},"author":8,"featured_media":0,"parent":0,"menu_order":998,"comment_status":"closed","ping_status":"closed","template":"","meta":{"footnotes":""},"class_list":["post-377","page","type-page","status-publish","hentry"],"yoast_head":"<!-- This site is optimized with the Yoast SEO plugin v27.3 - https:\/\/yoast.com\/product\/yoast-seo-wordpress\/ -->\n<title>Legaler Hinweis \/ Imprint &#8226; Dunas de Sal Design Hotel &#8226;<\/title>\n<meta name=\"description\" content=\"Der Eigent\u00fcmer dieser Website ist: Hotel Dunas de Sal, Ponta Preta, eingetragen im Handelsregister, Identifikationsnummer 200184954, Telefon +238 2429050 und e-mail geral@hoteldunasdesal.com  Weitere Informationen zu anderen Kontaktformularen finden Sie auf unserer Hauptkontaktseite.  Der Quellcode, die grafischen Entw\u00fcrfe, die Informationen und Inhalte, die in diesem Web erscheinen, sind durch Rechte an geistigem und gewerblichem Eigentum des Website-Eigent\u00fcmers oder Eigentum Dritter gesch\u00fctzt und k\u00f6nnen nicht ohne schriftliche Genehmigung der gesch\u00fctzten Organisationen verwendet werden .  Der Benutzer kann das hier angezeigte Material ausschlie\u00dflich f\u00fcr seinen pers\u00f6nlichen und beraubten Gebrauch verwenden, wenn er alle Rechte an geistigem Eigentum, gewerblichem Eigentum und anderen Eigentumsrechten respektiert und daher seine Vervielf\u00e4ltigung oder jede andere Art der Verwendung mit kommerziellen Inhalten untersagt ist Ziele oder illegale Aktivit\u00e4ten; seine Verteilung, Verbreitung sowie seine Modifikation, Ver\u00e4nderung, Dekompilierung oder Speicherung f\u00fcr jeden Zweck.  Die zuvor erw\u00e4hnten gesch\u00fctzten Organisationen werden den Versto\u00df gegen die vorherigen Bedingungen sowie jede illegale Verwendung der pr\u00e4sentierten \/ angezeigten Inhalte verfolgen und alle ihnen entsprechenden Zivil- und Strafma\u00dfnahmen aus\u00fcben..\" \/>\n<meta name=\"robots\" content=\"index, follow, max-snippet:-1, max-image-preview:large, max-video-preview:-1\" \/>\n<link rel=\"canonical\" href=\"https:\/\/www.hoteldunasdesal.com\/de\/legaler-hinweis-imprint\/\" \/>\n<meta property=\"og:locale\" content=\"de_DE\" \/>\n<meta property=\"og:type\" content=\"article\" \/>\n<meta property=\"og:title\" content=\"Legaler Hinweis \/ Imprint &#8226; Dunas de Sal Design Hotel &#8226;\" \/>\n<meta property=\"og:description\" content=\"Der Eigent\u00fcmer dieser Website ist: Hotel Dunas de Sal, Ponta Preta, eingetragen im Handelsregister, Identifikationsnummer 200184954, Telefon +238 2429050 und e-mail geral@hoteldunasdesal.com  Weitere Informationen zu anderen Kontaktformularen finden Sie auf unserer Hauptkontaktseite.  Der Quellcode, die grafischen Entw\u00fcrfe, die Informationen und Inhalte, die in diesem Web erscheinen, sind durch Rechte an geistigem und gewerblichem Eigentum des Website-Eigent\u00fcmers oder Eigentum Dritter gesch\u00fctzt und k\u00f6nnen nicht ohne schriftliche Genehmigung der gesch\u00fctzten Organisationen verwendet werden .  Der Benutzer kann das hier angezeigte Material ausschlie\u00dflich f\u00fcr seinen pers\u00f6nlichen und beraubten Gebrauch verwenden, wenn er alle Rechte an geistigem Eigentum, gewerblichem Eigentum und anderen Eigentumsrechten respektiert und daher seine Vervielf\u00e4ltigung oder jede andere Art der Verwendung mit kommerziellen Inhalten untersagt ist Ziele oder illegale Aktivit\u00e4ten; seine Verteilung, Verbreitung sowie seine Modifikation, Ver\u00e4nderung, Dekompilierung oder Speicherung f\u00fcr jeden Zweck.  Die zuvor erw\u00e4hnten gesch\u00fctzten Organisationen werden den Versto\u00df gegen die vorherigen Bedingungen sowie jede illegale Verwendung der pr\u00e4sentierten \/ angezeigten Inhalte verfolgen und alle ihnen entsprechenden Zivil- und Strafma\u00dfnahmen aus\u00fcben..\" \/>\n<meta property=\"og:url\" content=\"https:\/\/www.hoteldunasdesal.com\/de\/legaler-hinweis-imprint\/\" \/>\n<meta property=\"og:site_name\" content=\"Dunas de Sal Design Hotel\" \/>\n<meta property=\"article:publisher\" content=\"https:\/\/www.facebook.com\/dunasdesalhotel\" \/>\n<meta property=\"article:modified_time\" content=\"2025-03-11T16:24:45+00:00\" \/>\n<meta property=\"og:image\" content=\"https:\/\/www.hoteldunasdesal.com\/wp-content\/uploads\/sites\/221\/2025\/03\/Hotel-Dunas-De-Sal-Cabo-Verde-2.jpg\" \/>\n\t<meta property=\"og:image:width\" content=\"2200\" \/>\n\t<meta property=\"og:image:height\" content=\"1466\" \/>\n\t<meta property=\"og:image:type\" content=\"image\/jpeg\" \/>\n<meta name=\"twitter:card\" content=\"summary_large_image\" \/>\n<meta name=\"twitter:label1\" content=\"Gesch\u00e4tzte Lesezeit\" \/>\n\t<meta name=\"twitter:data1\" content=\"1 Minute\" \/>\n<script type=\"application\/ld+json\" class=\"yoast-schema-graph\">{\"@context\":\"https:\\\/\\\/schema.org\",\"@graph\":[{\"@type\":\"WebPage\",\"@id\":\"https:\\\/\\\/www.hoteldunasdesal.com\\\/de\\\/legaler-hinweis-imprint\\\/\",\"url\":\"https:\\\/\\\/www.hoteldunasdesal.com\\\/de\\\/legaler-hinweis-imprint\\\/\",\"name\":\"Legaler Hinweis \\\/ Imprint &#8226; Dunas de Sal Design Hotel &#8226;\",\"isPartOf\":{\"@id\":\"https:\\\/\\\/www.hoteldunasdesal.com\\\/de\\\/#website\"},\"datePublished\":\"2025-03-11T16:23:34+00:00\",\"dateModified\":\"2025-03-11T16:24:45+00:00\",\"description\":\"Der Eigent\u00fcmer dieser Website ist: Hotel Dunas de Sal, Ponta Preta, eingetragen im Handelsregister, Identifikationsnummer 200184954, Telefon +238 2429050 und e-mail geral@hoteldunasdesal.com Weitere Informationen zu anderen Kontaktformularen finden Sie auf unserer Hauptkontaktseite. Der Quellcode, die grafischen Entw\u00fcrfe, die Informationen und Inhalte, die in diesem Web erscheinen, sind durch Rechte an geistigem und gewerblichem Eigentum des Website-Eigent\u00fcmers oder Eigentum Dritter gesch\u00fctzt und k\u00f6nnen nicht ohne schriftliche Genehmigung der gesch\u00fctzten Organisationen verwendet werden . Der Benutzer kann das hier angezeigte Material ausschlie\u00dflich f\u00fcr seinen pers\u00f6nlichen und beraubten Gebrauch verwenden, wenn er alle Rechte an geistigem Eigentum, gewerblichem Eigentum und anderen Eigentumsrechten respektiert und daher seine Vervielf\u00e4ltigung oder jede andere Art der Verwendung mit kommerziellen Inhalten untersagt ist Ziele oder illegale Aktivit\u00e4ten; seine Verteilung, Verbreitung sowie seine Modifikation, Ver\u00e4nderung, Dekompilierung oder Speicherung f\u00fcr jeden Zweck. Die zuvor erw\u00e4hnten gesch\u00fctzten Organisationen werden den Versto\u00df gegen die vorherigen Bedingungen sowie jede illegale Verwendung der pr\u00e4sentierten \\\/ angezeigten Inhalte verfolgen und alle ihnen entsprechenden Zivil- und Strafma\u00dfnahmen aus\u00fcben..\",\"breadcrumb\":{\"@id\":\"https:\\\/\\\/www.hoteldunasdesal.com\\\/de\\\/legaler-hinweis-imprint\\\/#breadcrumb\"},\"inLanguage\":\"de-DE\",\"potentialAction\":[{\"@type\":\"ReadAction\",\"target\":[\"https:\\\/\\\/www.hoteldunasdesal.com\\\/de\\\/legaler-hinweis-imprint\\\/\"]}]},{\"@type\":\"BreadcrumbList\",\"@id\":\"https:\\\/\\\/www.hoteldunasdesal.com\\\/de\\\/legaler-hinweis-imprint\\\/#breadcrumb\",\"itemListElement\":[{\"@type\":\"ListItem\",\"position\":1,\"name\":\"Home\",\"item\":\"https:\\\/\\\/www.hoteldunasdesal.com\\\/de\\\/\"},{\"@type\":\"ListItem\",\"position\":2,\"name\":\"Legaler Hinweis \\\/ Imprint\"}]},{\"@type\":\"WebSite\",\"@id\":\"https:\\\/\\\/www.hoteldunasdesal.com\\\/de\\\/#website\",\"url\":\"https:\\\/\\\/www.hoteldunasdesal.com\\\/de\\\/\",\"name\":\"Dunas de Sal Design Hotel\",\"description\":\"\",\"publisher\":{\"@id\":\"https:\\\/\\\/www.hoteldunasdesal.com\\\/de\\\/#organization\"},\"potentialAction\":[{\"@type\":\"SearchAction\",\"target\":{\"@type\":\"EntryPoint\",\"urlTemplate\":\"https:\\\/\\\/www.hoteldunasdesal.com\\\/de\\\/?s={search_term_string}\"},\"query-input\":{\"@type\":\"PropertyValueSpecification\",\"valueRequired\":true,\"valueName\":\"search_term_string\"}}],\"inLanguage\":\"de-DE\"},{\"@type\":\"Organization\",\"@id\":\"https:\\\/\\\/www.hoteldunasdesal.com\\\/de\\\/#organization\",\"name\":\"Dunas de Sal Design Hotel\",\"url\":\"https:\\\/\\\/www.hoteldunasdesal.com\\\/de\\\/\",\"logo\":{\"@type\":\"ImageObject\",\"inLanguage\":\"de-DE\",\"@id\":\"https:\\\/\\\/www.hoteldunasdesal.com\\\/de\\\/#\\\/schema\\\/logo\\\/image\\\/\",\"url\":\"https:\\\/\\\/www.hoteldunasdesal.com\\\/wp-content\\\/uploads\\\/sites\\\/221\\\/2025\\\/03\\\/logo-dunas-de-sal.png\",\"contentUrl\":\"https:\\\/\\\/www.hoteldunasdesal.com\\\/wp-content\\\/uploads\\\/sites\\\/221\\\/2025\\\/03\\\/logo-dunas-de-sal.png\",\"width\":2856,\"height\":495,\"caption\":\"Dunas de Sal Design Hotel\"},\"image\":{\"@id\":\"https:\\\/\\\/www.hoteldunasdesal.com\\\/de\\\/#\\\/schema\\\/logo\\\/image\\\/\"},\"sameAs\":[\"https:\\\/\\\/www.facebook.com\\\/dunasdesalhotel\",\"https:\\\/\\\/www.instagram.com\\\/hoteldunasdesal\\\/\"]}]}<\/script>\n<!-- \/ Yoast SEO plugin. -->","yoast_head_json":{"title":"Legaler Hinweis \/ Imprint &#8226; Dunas de Sal Design Hotel &#8226;","description":"Der Eigent\u00fcmer dieser Website ist: Hotel Dunas de Sal, Ponta Preta, eingetragen im Handelsregister, Identifikationsnummer 200184954, Telefon +238 2429050 und e-mail geral@hoteldunasdesal.com  Weitere Informationen zu anderen Kontaktformularen finden Sie auf unserer Hauptkontaktseite.  Der Quellcode, die grafischen Entw\u00fcrfe, die Informationen und Inhalte, die in diesem Web erscheinen, sind durch Rechte an geistigem und gewerblichem Eigentum des Website-Eigent\u00fcmers oder Eigentum Dritter gesch\u00fctzt und k\u00f6nnen nicht ohne schriftliche Genehmigung der gesch\u00fctzten Organisationen verwendet werden .  Der Benutzer kann das hier angezeigte Material ausschlie\u00dflich f\u00fcr seinen pers\u00f6nlichen und beraubten Gebrauch verwenden, wenn er alle Rechte an geistigem Eigentum, gewerblichem Eigentum und anderen Eigentumsrechten respektiert und daher seine Vervielf\u00e4ltigung oder jede andere Art der Verwendung mit kommerziellen Inhalten untersagt ist Ziele oder illegale Aktivit\u00e4ten; seine Verteilung, Verbreitung sowie seine Modifikation, Ver\u00e4nderung, Dekompilierung oder Speicherung f\u00fcr jeden Zweck.  Die zuvor erw\u00e4hnten gesch\u00fctzten Organisationen werden den Versto\u00df gegen die vorherigen Bedingungen sowie jede illegale Verwendung der pr\u00e4sentierten \/ angezeigten Inhalte verfolgen und alle ihnen entsprechenden Zivil- und Strafma\u00dfnahmen aus\u00fcben..","robots":{"index":"index","follow":"follow","max-snippet":"max-snippet:-1","max-image-preview":"max-image-preview:large","max-video-preview":"max-video-preview:-1"},"canonical":"https:\/\/www.hoteldunasdesal.com\/de\/legaler-hinweis-imprint\/","og_locale":"de_DE","og_type":"article","og_title":"Legaler Hinweis \/ Imprint &#8226; Dunas de Sal Design Hotel &#8226;","og_description":"Der Eigent\u00fcmer dieser Website ist: Hotel Dunas de Sal, Ponta Preta, eingetragen im Handelsregister, Identifikationsnummer 200184954, Telefon +238 2429050 und e-mail geral@hoteldunasdesal.com  Weitere Informationen zu anderen Kontaktformularen finden Sie auf unserer Hauptkontaktseite.  Der Quellcode, die grafischen Entw\u00fcrfe, die Informationen und Inhalte, die in diesem Web erscheinen, sind durch Rechte an geistigem und gewerblichem Eigentum des Website-Eigent\u00fcmers oder Eigentum Dritter gesch\u00fctzt und k\u00f6nnen nicht ohne schriftliche Genehmigung der gesch\u00fctzten Organisationen verwendet werden .  Der Benutzer kann das hier angezeigte Material ausschlie\u00dflich f\u00fcr seinen pers\u00f6nlichen und beraubten Gebrauch verwenden, wenn er alle Rechte an geistigem Eigentum, gewerblichem Eigentum und anderen Eigentumsrechten respektiert und daher seine Vervielf\u00e4ltigung oder jede andere Art der Verwendung mit kommerziellen Inhalten untersagt ist Ziele oder illegale Aktivit\u00e4ten; seine Verteilung, Verbreitung sowie seine Modifikation, Ver\u00e4nderung, Dekompilierung oder Speicherung f\u00fcr jeden Zweck.  Die zuvor erw\u00e4hnten gesch\u00fctzten Organisationen werden den Versto\u00df gegen die vorherigen Bedingungen sowie jede illegale Verwendung der pr\u00e4sentierten \/ angezeigten Inhalte verfolgen und alle ihnen entsprechenden Zivil- und Strafma\u00dfnahmen aus\u00fcben..","og_url":"https:\/\/www.hoteldunasdesal.com\/de\/legaler-hinweis-imprint\/","og_site_name":"Dunas de Sal Design Hotel","article_publisher":"https:\/\/www.facebook.com\/dunasdesalhotel","article_modified_time":"2025-03-11T16:24:45+00:00","og_image":[{"width":2200,"height":1466,"url":"https:\/\/www.hoteldunasdesal.com\/wp-content\/uploads\/sites\/221\/2025\/03\/Hotel-Dunas-De-Sal-Cabo-Verde-2.jpg","type":"image\/jpeg"}],"twitter_card":"summary_large_image","twitter_misc":{"Gesch\u00e4tzte Lesezeit":"1 Minute"},"schema":{"@context":"https:\/\/schema.org","@graph":[{"@type":"WebPage","@id":"https:\/\/www.hoteldunasdesal.com\/de\/legaler-hinweis-imprint\/","url":"https:\/\/www.hoteldunasdesal.com\/de\/legaler-hinweis-imprint\/","name":"Legaler Hinweis \/ Imprint &#8226; Dunas de Sal Design Hotel &#8226;","isPartOf":{"@id":"https:\/\/www.hoteldunasdesal.com\/de\/#website"},"datePublished":"2025-03-11T16:23:34+00:00","dateModified":"2025-03-11T16:24:45+00:00","description":"Der Eigent\u00fcmer dieser Website ist: Hotel Dunas de Sal, Ponta Preta, eingetragen im Handelsregister, Identifikationsnummer 200184954, Telefon +238 2429050 und e-mail geral@hoteldunasdesal.com Weitere Informationen zu anderen Kontaktformularen finden Sie auf unserer Hauptkontaktseite. Der Quellcode, die grafischen Entw\u00fcrfe, die Informationen und Inhalte, die in diesem Web erscheinen, sind durch Rechte an geistigem und gewerblichem Eigentum des Website-Eigent\u00fcmers oder Eigentum Dritter gesch\u00fctzt und k\u00f6nnen nicht ohne schriftliche Genehmigung der gesch\u00fctzten Organisationen verwendet werden . Der Benutzer kann das hier angezeigte Material ausschlie\u00dflich f\u00fcr seinen pers\u00f6nlichen und beraubten Gebrauch verwenden, wenn er alle Rechte an geistigem Eigentum, gewerblichem Eigentum und anderen Eigentumsrechten respektiert und daher seine Vervielf\u00e4ltigung oder jede andere Art der Verwendung mit kommerziellen Inhalten untersagt ist Ziele oder illegale Aktivit\u00e4ten; seine Verteilung, Verbreitung sowie seine Modifikation, Ver\u00e4nderung, Dekompilierung oder Speicherung f\u00fcr jeden Zweck. Die zuvor erw\u00e4hnten gesch\u00fctzten Organisationen werden den Versto\u00df gegen die vorherigen Bedingungen sowie jede illegale Verwendung der pr\u00e4sentierten \/ angezeigten Inhalte verfolgen und alle ihnen entsprechenden Zivil- und Strafma\u00dfnahmen aus\u00fcben..","breadcrumb":{"@id":"https:\/\/www.hoteldunasdesal.com\/de\/legaler-hinweis-imprint\/#breadcrumb"},"inLanguage":"de-DE","potentialAction":[{"@type":"ReadAction","target":["https:\/\/www.hoteldunasdesal.com\/de\/legaler-hinweis-imprint\/"]}]},{"@type":"BreadcrumbList","@id":"https:\/\/www.hoteldunasdesal.com\/de\/legaler-hinweis-imprint\/#breadcrumb","itemListElement":[{"@type":"ListItem","position":1,"name":"Home","item":"https:\/\/www.hoteldunasdesal.com\/de\/"},{"@type":"ListItem","position":2,"name":"Legaler Hinweis \/ Imprint"}]},{"@type":"WebSite","@id":"https:\/\/www.hoteldunasdesal.com\/de\/#website","url":"https:\/\/www.hoteldunasdesal.com\/de\/","name":"Dunas de Sal Design Hotel","description":"","publisher":{"@id":"https:\/\/www.hoteldunasdesal.com\/de\/#organization"},"potentialAction":[{"@type":"SearchAction","target":{"@type":"EntryPoint","urlTemplate":"https:\/\/www.hoteldunasdesal.com\/de\/?s={search_term_string}"},"query-input":{"@type":"PropertyValueSpecification","valueRequired":true,"valueName":"search_term_string"}}],"inLanguage":"de-DE"},{"@type":"Organization","@id":"https:\/\/www.hoteldunasdesal.com\/de\/#organization","name":"Dunas de Sal Design Hotel","url":"https:\/\/www.hoteldunasdesal.com\/de\/","logo":{"@type":"ImageObject","inLanguage":"de-DE","@id":"https:\/\/www.hoteldunasdesal.com\/de\/#\/schema\/logo\/image\/","url":"https:\/\/www.hoteldunasdesal.com\/wp-content\/uploads\/sites\/221\/2025\/03\/logo-dunas-de-sal.png","contentUrl":"https:\/\/www.hoteldunasdesal.com\/wp-content\/uploads\/sites\/221\/2025\/03\/logo-dunas-de-sal.png","width":2856,"height":495,"caption":"Dunas de Sal Design Hotel"},"image":{"@id":"https:\/\/www.hoteldunasdesal.com\/de\/#\/schema\/logo\/image\/"},"sameAs":["https:\/\/www.facebook.com\/dunasdesalhotel","https:\/\/www.instagram.com\/hoteldunasdesal\/"]}]}},"acf":[],"_links":{"self":[{"href":"https:\/\/www.hoteldunasdesal.com\/de\/wp-json\/wp\/v2\/pages\/377","targetHints":{"allow":["GET"]}}],"collection":[{"href":"https:\/\/www.hoteldunasdesal.com\/de\/wp-json\/wp\/v2\/pages"}],"about":[{"href":"https:\/\/www.hoteldunasdesal.com\/de\/wp-json\/wp\/v2\/types\/page"}],"author":[{"embeddable":true,"href":"https:\/\/www.hoteldunasdesal.com\/de\/wp-json\/wp\/v2\/users\/8"}],"replies":[{"embeddable":true,"href":"https:\/\/www.hoteldunasdesal.com\/de\/wp-json\/wp\/v2\/comments?post=377"}],"version-history":[{"count":0,"href":"https:\/\/www.hoteldunasdesal.com\/de\/wp-json\/wp\/v2\/pages\/377\/revisions"}],"wp:attachment":[{"href":"https:\/\/www.hoteldunasdesal.com\/de\/wp-json\/wp\/v2\/media?parent=377"}],"curies":[{"name":"wp","href":"https:\/\/api.w.org\/{rel}","templated":true}]}}