{"id":365,"date":"2025-03-11T15:43:18","date_gmt":"2025-03-11T15:43:18","guid":{"rendered":"https:\/\/dunas-de-sal-capeverde.ms2.decms.eu\/?page_id=365"},"modified":"2025-03-11T15:46:03","modified_gmt":"2025-03-11T15:46:03","slug":"datenschutz","status":"publish","type":"page","link":"https:\/\/www.hoteldunasdesal.com\/de\/datenschutz\/","title":{"rendered":"Datenschutz"},"content":{"rendered":"<p>Durch das Surfen im Internet und das Ausf\u00fcllen der Formulare auf der Website akzeptiert der Nutzer, dass die von ihm zur Verf\u00fcgung gestellten personenbezogenen Daten sowie diejenigen, die in Zukunft in besagter Weise bereitgestellt werden, in personenbezogenen Dateien des hotel. Dies gilt auch f\u00fcr die Sammlung von Zugangsdaten sowie die Nutzung von Cookies und f\u00fcr durch Dritte bereitgestellte Funktionen.<\/p>\n<p><strong>Bearbeitungszweck, Rechtsgrundlage und Empf\u00e4nger der Informationen<\/strong><br \/>\nDie Daten werden zu folgenden Zwecken verwendet:<br \/>\n\u2022 Sie erm\u00f6glichen das Funktionieren des Internets und gew\u00e4hren Zugang zu Bereichen, die f\u00fcr registrierte Benutzer reserviert sind.<br \/>\n\u2022 Zur Registrierung und Beantwortung von Benutzeranfragen durch die Webformulare (Kontakt usw.).<br \/>\n\u2022 Die Bereitstellung und Verwaltung der Hotelleistungen, die Bearbeitung von Reservierungen und die Abholung<br \/>\n\u2022 Zur Erstellung von Webanalysen und Statistiken.<br \/>\n\u2022 Zur Einf\u00fcgung von Funktionen Dritter (Google Maps usw.).<\/p>\n<p>Um im Internet zu Surfen und f\u00fcr den Zugang zu f\u00fcr registrierte Benutzer reservierten Bereichen.<br \/>\n\u2022 Zweck der Verwendung: Es werden die f\u00fcr die Bereitstellung der Online-Dienste notwendigen Daten verarbeitet, einschlie\u00dflich der Registrierung von IP-Adressen, besuchte Seiten und das Datum des Zugriffs sowie Informationen \u00fcber das Endger\u00e4t des Benutzers. Die Daten werden auch f\u00fcr Sicherheitszwecke und zur Verbesserung der Website verarbeitet.<br \/>\n\u2022 Rechtsgrundlage: Die Verarbeitung der Daten ist f\u00fcr die Bereitstellung der Online-Dienste erforderlich. Zustimmung: Erteilt durch die Nutzung der Website.<br \/>\n\u2022 Empf\u00e4nger und Weiterleitung: Einrichtung, Webhosting-Unternehmen<\/p>\n<p>Verwendung der Webformulare<br \/>\n\u2022 Zweck der Verwendung: Die Bearbeitung der durch die Webformulare eingereichten Anfragen.<br \/>\n\u2022 Rechtsgrundlage: Die durch die Benutzung und Versendung des Formulars erteilte Zustimmung.<br \/>\n\u2022 Empf\u00e4nger und Weiterleitung: Unternehmen und Unternehmen, die an der Erbringung der gew\u00fcnschten Dienstleistungen beteiligt sind<\/p>\n<p>Bereitstellung von Dienstleistungen<br \/>\n\u2022 Zweck der Verwendung: Die Dienstleistungen zur Verf\u00fcgung zu stellen, einschlie\u00dflich der Bearbeitung von Hotelreservierungen und der Bezahlung. Die \u00dcbersendungen von Informationen \u00fcber die Dienstleistungen mittels elektronischer Medien.<br \/>\n\u2022 Rechtsgrundlage: Ausf\u00fchrung des Vertrages oder Erbringung der Dienstleistung.<br \/>\n\u2022 Empf\u00e4nger und Weiterleitung: Unternehmen und Unternehmen, die an der Erbringung der gew\u00fcnschten Dienstleistungen beteiligt sind<\/p>\n<p>Webanalysen<br \/>\n\u2022 Zweck der Verwendung: Das Kennenlernen der Art und Weise, in der die Website gesucht, aufgerufen und von der Allgemeinheit genutzt wird. Diese k\u00f6nnen die Erfassung personenbezogener Daten, wie zum Beispiel die IP-Adresse, den Standort der Verbindung, Informationen zur Navigationssoftware oder -hardware usw. umfassen.<br \/>\n\u2022 Rechtsgrundlage: Zustimmung, erteilt durch die Nutzung der Website.<br \/>\n\u2022 Empf\u00e4nger und Weiterleitung: Einrichtung<\/p>\n<p>Durch Dritte bereitgestellte Funktionen<br \/>\n\u2022 Zweck der Verwendung: Die Integration dieser von Drittanbietern bereitgestellten Funktionen, z. B. Karten, Analysen, Schaltfl\u00e4chen f\u00fcr soziale Netzwerke, Zendesk Chat-Widget usw.<br \/>\n\u2022 Rechtsgrundlage: Zustimmung, erteilt durch die Nutzung der Website.<br \/>\n\u2022 Empf\u00e4nger und Weiterleitung: Die Funktionen Dritter stellen eine direkte Verbindung zwischen dem Browser des Nutzers und den Internet-Domains Dritter her und erm\u00f6glichen den Download und die Ausf\u00fchrung der Funktion, auch von Seiten au\u00dferhalb des europ\u00e4ischen Wirtschaftsraums.<\/p>\n<p>Diese Website integriert Funktionen von Google Inc., so Google Analytics und Google Maps. Durch die Nutzung dieser Website gestattet der Nutzer die Verarbeitung seiner Daten durch Google gem\u00e4\u00df den Bestimmungen seiner Datenschutzerkl\u00e4rung: https:\/\/policies.google.com\/privacy<\/p>\n<p>Richtigkeit der Daten<br \/>\nDer Benutzer muss die Formulare mit wahrheitsgetreuen, genauen, vollst\u00e4ndigen und aktuellen Daten ausf\u00fcllen. Der Benutzer gibt nicht die Daten anderer Person ein; es wird vermutet, dass die Daten vom Eigent\u00fcmer zur Verf\u00fcgung gestellt wurden. Der Benutzer ist allein der Verantwortliche f\u00fcr alle Sch\u00e4den oder Nachteile, direkter oder indirekter Art, die aufgrund des Ausf\u00fcllens des Formulars mit den Daten einer anderen Person irgendjemand erleiden k\u00f6nnte.<\/p>\n<p>Recht auf Auskunft, Berichtigung, L\u00f6schung, Widerspruch und andere Rechte<br \/>\nDer Inhaber der Daten hat aufgrund der gesetzlichen Bestimmungen zum Datenschutz jederzeit das Recht, Auskunft \u00fcber die ihn betreffenden Daten zu erhalten, sie zu berichtigen und zu l\u00f6schen sowie sich der Verarbeitung seiner Daten zu widersetzen. Weiter hat der Inhaber das Recht, Folgendes zu verlangen: Die Portabilit\u00e4t seiner Daten, der Widerruf der gegebenenfalls erteilten Einwilligung und die Beschr\u00e4nkung der Bearbeitung.<br \/>\nDer Inhaber der Daten kann diese Rechte durch Schreiben per Post an die Einrichtung aus\u00fcben.<br \/>\nDer Antragsteller muss diese unterzeichnete Mitteilung mit der angeforderten Ma\u00dfnahme und einer Fotokopie des Personalausweises oder Reisepasses beif\u00fcgen.<br \/>\nDer Inhaber der Daten kann sich auch dem Empfang kommerzieller E-Mails widersetzen, hierf\u00fcr gen\u00fcgt es, dass er dies per E-Mail von der Adresse verlangt, die er abbestellen m\u00f6chte und an die Einrichtung weitergeleitet wird.Ist der Inhaber der Daten der Ansicht, dass die Behandlung seiner Daten gegen die Datenschutzgesetze verst\u00f6\u00dft, kann er eine Beschwerde bei der Datenschutzkontrollbeh\u00f6rde einreichen.<\/p>\n<p>Minderj\u00e4hrige<br \/>\nPersonen unter 18 Jahren ist die Nutzung der Internetdienstleistungen untersagt.<\/p>\n<p>Datensicherheit<br \/>\nDiese Website hat eine der sichersten Technologien in Bezug auf den Datenschutz Ihrer Kreditkarte. Es entspricht auch allen internationalen Standards, die das Thema regeln. Alle Bereiche, in denen wir vertrauliche Informationen anfordern, verwenden das SSL-Kommunikationsprotokoll. Das bedeutet, dass die Informationen, die \u00fcber das Internet von Ihrem Computer zu unserem Server \u00fcbertragen werden, verschl\u00fcsselt werden, sodass sie f\u00fcr Au\u00dfenstehende nicht entzifferbar sind. Diese Technologie gew\u00e4hrleistet und garantiert, dass Ihre Daten in keiner Weise abgefangen, manipuliert oder verf\u00e4lscht werden k\u00f6nnen. Auf diese Weise ist die Bezahlung \u00fcber das Internet heutzutage genauso sicher wie ein Direktkauf.<\/p>\n<p>Was bedeutet SSL?<br \/>\nSSL (Secure Socket Layer) ist eine Standardtechnologie f\u00fcr Internetsicherheit. Es wird ein Verschl\u00fcsselungssystem (Codierung) verwendet, das eine maximale Vertraulichkeit der an uns \u00fcbermittelten Daten gew\u00e4hrleistet. Dadurch wird, solange die Daten im Internet zirkulieren, ein illegales Eindringen oder Abh\u00f6ren in einem System verhindert. Zur Erh\u00f6hung der Sicherheit werden diese Daten in einem sicheren Server gespeichert, der durch die st\u00e4ndige \u00dcberwachung einer Firewall gesch\u00fctzt ist.<\/p>\n","protected":false},"excerpt":{"rendered":"<p>Durch das Surfen im Internet und das Ausf\u00fcllen der Formulare auf der Website akzeptiert der Nutzer, dass die von ihm zur Verf\u00fcgung gestellten personenbezogenen Daten sowie diejenigen, die in Zukunft in besagter Weise bereitgestellt werden, in personenbezogenen Dateien des hotel. Dies gilt auch f\u00fcr die Sammlung von Zugangsdaten sowie die Nutzung von Cookies und f\u00fcr [&hellip;]<\/p>\n","protected":false},"author":8,"featured_media":0,"parent":0,"menu_order":990,"comment_status":"closed","ping_status":"closed","template":"","meta":{"footnotes":""},"class_list":["post-365","page","type-page","status-publish","hentry"],"yoast_head":"<!-- This site is optimized with the Yoast SEO plugin v27.3 - https:\/\/yoast.com\/product\/yoast-seo-wordpress\/ -->\n<title>Datenschutz &#8226; Dunas de Sal Design Hotel &#8226;<\/title>\n<meta name=\"description\" content=\"Durch das Surfen im Internet und das Ausf\u00fcllen der Formulare auf der Website akzeptiert der Nutzer, dass die von ihm zur Verf\u00fcgung gestellten personenbezogenen Daten sowie diejenigen, die in Zukunft in besagter Weise bereitgestellt werden, in personenbezogenen Dateien des hotel. Dies gilt auch f\u00fcr die Sammlung von Zugangsdaten sowie die Nutzung von Cookies und f\u00fcr durch Dritte bereitgestellte Funktionen.  Bearbeitungszweck, Rechtsgrundlage und Empf\u00e4nger der Informationen Die Daten werden zu folgenden Zwecken verwendet: \u2022 Sie erm\u00f6glichen das Funktionieren des Internets und gew\u00e4hren Zugang zu Bereichen, die f\u00fcr registrierte Benutzer reserviert sind. \u2022 Zur Registrierung und Beantwortung von Benutzeranfragen durch die Webformulare (Kontakt usw.). \u2022 Die Bereitstellung und Verwaltung der Hotelleistungen, die Bearbeitung von Reservierungen und die Abholung \u2022 Zur Erstellung von Webanalysen und Statistiken. \u2022 Zur Einf\u00fcgung von Funktionen Dritter (Google Maps usw.).  Um im Internet zu Surfen und f\u00fcr den Zugang zu f\u00fcr registrierte Benutzer reservierten Bereichen. \u2022 Zweck der Verwendung: Es werden die f\u00fcr die Bereitstellung der Online-Dienste notwendigen Daten verarbeitet, einschlie\u00dflich der Registrierung von IP-Adressen, besuchte Seiten und das Datum des Zugriffs sowie Informationen \u00fcber das Endger\u00e4t des Benutzers\" \/>\n<meta name=\"robots\" content=\"index, follow, max-snippet:-1, max-image-preview:large, max-video-preview:-1\" \/>\n<link rel=\"canonical\" href=\"https:\/\/www.hoteldunasdesal.com\/de\/datenschutz\/\" \/>\n<meta property=\"og:locale\" content=\"de_DE\" \/>\n<meta property=\"og:type\" content=\"article\" \/>\n<meta property=\"og:title\" content=\"Datenschutz &#8226; Dunas de Sal Design Hotel &#8226;\" \/>\n<meta property=\"og:description\" content=\"Durch das Surfen im Internet und das Ausf\u00fcllen der Formulare auf der Website akzeptiert der Nutzer, dass die von ihm zur Verf\u00fcgung gestellten personenbezogenen Daten sowie diejenigen, die in Zukunft in besagter Weise bereitgestellt werden, in personenbezogenen Dateien des hotel. Dies gilt auch f\u00fcr die Sammlung von Zugangsdaten sowie die Nutzung von Cookies und f\u00fcr durch Dritte bereitgestellte Funktionen.  Bearbeitungszweck, Rechtsgrundlage und Empf\u00e4nger der Informationen Die Daten werden zu folgenden Zwecken verwendet: \u2022 Sie erm\u00f6glichen das Funktionieren des Internets und gew\u00e4hren Zugang zu Bereichen, die f\u00fcr registrierte Benutzer reserviert sind. \u2022 Zur Registrierung und Beantwortung von Benutzeranfragen durch die Webformulare (Kontakt usw.). \u2022 Die Bereitstellung und Verwaltung der Hotelleistungen, die Bearbeitung von Reservierungen und die Abholung \u2022 Zur Erstellung von Webanalysen und Statistiken. \u2022 Zur Einf\u00fcgung von Funktionen Dritter (Google Maps usw.).  Um im Internet zu Surfen und f\u00fcr den Zugang zu f\u00fcr registrierte Benutzer reservierten Bereichen. \u2022 Zweck der Verwendung: Es werden die f\u00fcr die Bereitstellung der Online-Dienste notwendigen Daten verarbeitet, einschlie\u00dflich der Registrierung von IP-Adressen, besuchte Seiten und das Datum des Zugriffs sowie Informationen \u00fcber das Endger\u00e4t des Benutzers\" \/>\n<meta property=\"og:url\" content=\"https:\/\/www.hoteldunasdesal.com\/de\/datenschutz\/\" \/>\n<meta property=\"og:site_name\" content=\"Dunas de Sal Design Hotel\" \/>\n<meta property=\"article:publisher\" content=\"https:\/\/www.facebook.com\/dunasdesalhotel\" \/>\n<meta property=\"article:modified_time\" content=\"2025-03-11T15:46:03+00:00\" \/>\n<meta property=\"og:image\" content=\"https:\/\/www.hoteldunasdesal.com\/wp-content\/uploads\/sites\/221\/2025\/03\/Hotel-Dunas-De-Sal-Cabo-Verde-2.jpg\" \/>\n\t<meta property=\"og:image:width\" content=\"2200\" \/>\n\t<meta property=\"og:image:height\" content=\"1466\" \/>\n\t<meta property=\"og:image:type\" content=\"image\/jpeg\" \/>\n<meta name=\"twitter:card\" content=\"summary_large_image\" \/>\n<meta name=\"twitter:label1\" content=\"Gesch\u00e4tzte Lesezeit\" \/>\n\t<meta name=\"twitter:data1\" content=\"4 Minuten\" \/>\n<script type=\"application\/ld+json\" class=\"yoast-schema-graph\">{\"@context\":\"https:\\\/\\\/schema.org\",\"@graph\":[{\"@type\":\"WebPage\",\"@id\":\"https:\\\/\\\/www.hoteldunasdesal.com\\\/de\\\/datenschutz\\\/\",\"url\":\"https:\\\/\\\/www.hoteldunasdesal.com\\\/de\\\/datenschutz\\\/\",\"name\":\"Datenschutz &#8226; Dunas de Sal Design Hotel &#8226;\",\"isPartOf\":{\"@id\":\"https:\\\/\\\/www.hoteldunasdesal.com\\\/de\\\/#website\"},\"datePublished\":\"2025-03-11T15:43:18+00:00\",\"dateModified\":\"2025-03-11T15:46:03+00:00\",\"description\":\"Durch das Surfen im Internet und das Ausf\u00fcllen der Formulare auf der Website akzeptiert der Nutzer, dass die von ihm zur Verf\u00fcgung gestellten personenbezogenen Daten sowie diejenigen, die in Zukunft in besagter Weise bereitgestellt werden, in personenbezogenen Dateien des hotel. Dies gilt auch f\u00fcr die Sammlung von Zugangsdaten sowie die Nutzung von Cookies und f\u00fcr durch Dritte bereitgestellte Funktionen. Bearbeitungszweck, Rechtsgrundlage und Empf\u00e4nger der Informationen Die Daten werden zu folgenden Zwecken verwendet: \u2022 Sie erm\u00f6glichen das Funktionieren des Internets und gew\u00e4hren Zugang zu Bereichen, die f\u00fcr registrierte Benutzer reserviert sind. \u2022 Zur Registrierung und Beantwortung von Benutzeranfragen durch die Webformulare (Kontakt usw.). \u2022 Die Bereitstellung und Verwaltung der Hotelleistungen, die Bearbeitung von Reservierungen und die Abholung \u2022 Zur Erstellung von Webanalysen und Statistiken. \u2022 Zur Einf\u00fcgung von Funktionen Dritter (Google Maps usw.). Um im Internet zu Surfen und f\u00fcr den Zugang zu f\u00fcr registrierte Benutzer reservierten Bereichen. \u2022 Zweck der Verwendung: Es werden die f\u00fcr die Bereitstellung der Online-Dienste notwendigen Daten verarbeitet, einschlie\u00dflich der Registrierung von IP-Adressen, besuchte Seiten und das Datum des Zugriffs sowie Informationen \u00fcber das Endger\u00e4t des Benutzers\",\"breadcrumb\":{\"@id\":\"https:\\\/\\\/www.hoteldunasdesal.com\\\/de\\\/datenschutz\\\/#breadcrumb\"},\"inLanguage\":\"de-DE\",\"potentialAction\":[{\"@type\":\"ReadAction\",\"target\":[\"https:\\\/\\\/www.hoteldunasdesal.com\\\/de\\\/datenschutz\\\/\"]}]},{\"@type\":\"BreadcrumbList\",\"@id\":\"https:\\\/\\\/www.hoteldunasdesal.com\\\/de\\\/datenschutz\\\/#breadcrumb\",\"itemListElement\":[{\"@type\":\"ListItem\",\"position\":1,\"name\":\"Home\",\"item\":\"https:\\\/\\\/www.hoteldunasdesal.com\\\/de\\\/\"},{\"@type\":\"ListItem\",\"position\":2,\"name\":\"Datenschutz\"}]},{\"@type\":\"WebSite\",\"@id\":\"https:\\\/\\\/www.hoteldunasdesal.com\\\/de\\\/#website\",\"url\":\"https:\\\/\\\/www.hoteldunasdesal.com\\\/de\\\/\",\"name\":\"Dunas de Sal Design Hotel\",\"description\":\"\",\"publisher\":{\"@id\":\"https:\\\/\\\/www.hoteldunasdesal.com\\\/de\\\/#organization\"},\"potentialAction\":[{\"@type\":\"SearchAction\",\"target\":{\"@type\":\"EntryPoint\",\"urlTemplate\":\"https:\\\/\\\/www.hoteldunasdesal.com\\\/de\\\/?s={search_term_string}\"},\"query-input\":{\"@type\":\"PropertyValueSpecification\",\"valueRequired\":true,\"valueName\":\"search_term_string\"}}],\"inLanguage\":\"de-DE\"},{\"@type\":\"Organization\",\"@id\":\"https:\\\/\\\/www.hoteldunasdesal.com\\\/de\\\/#organization\",\"name\":\"Dunas de Sal Design Hotel\",\"url\":\"https:\\\/\\\/www.hoteldunasdesal.com\\\/de\\\/\",\"logo\":{\"@type\":\"ImageObject\",\"inLanguage\":\"de-DE\",\"@id\":\"https:\\\/\\\/www.hoteldunasdesal.com\\\/de\\\/#\\\/schema\\\/logo\\\/image\\\/\",\"url\":\"https:\\\/\\\/www.hoteldunasdesal.com\\\/wp-content\\\/uploads\\\/sites\\\/221\\\/2025\\\/03\\\/logo-dunas-de-sal.png\",\"contentUrl\":\"https:\\\/\\\/www.hoteldunasdesal.com\\\/wp-content\\\/uploads\\\/sites\\\/221\\\/2025\\\/03\\\/logo-dunas-de-sal.png\",\"width\":2856,\"height\":495,\"caption\":\"Dunas de Sal Design Hotel\"},\"image\":{\"@id\":\"https:\\\/\\\/www.hoteldunasdesal.com\\\/de\\\/#\\\/schema\\\/logo\\\/image\\\/\"},\"sameAs\":[\"https:\\\/\\\/www.facebook.com\\\/dunasdesalhotel\",\"https:\\\/\\\/www.instagram.com\\\/hoteldunasdesal\\\/\"]}]}<\/script>\n<!-- \/ Yoast SEO plugin. -->","yoast_head_json":{"title":"Datenschutz &#8226; Dunas de Sal Design Hotel &#8226;","description":"Durch das Surfen im Internet und das Ausf\u00fcllen der Formulare auf der Website akzeptiert der Nutzer, dass die von ihm zur Verf\u00fcgung gestellten personenbezogenen Daten sowie diejenigen, die in Zukunft in besagter Weise bereitgestellt werden, in personenbezogenen Dateien des hotel. Dies gilt auch f\u00fcr die Sammlung von Zugangsdaten sowie die Nutzung von Cookies und f\u00fcr durch Dritte bereitgestellte Funktionen.  Bearbeitungszweck, Rechtsgrundlage und Empf\u00e4nger der Informationen Die Daten werden zu folgenden Zwecken verwendet: \u2022 Sie erm\u00f6glichen das Funktionieren des Internets und gew\u00e4hren Zugang zu Bereichen, die f\u00fcr registrierte Benutzer reserviert sind. \u2022 Zur Registrierung und Beantwortung von Benutzeranfragen durch die Webformulare (Kontakt usw.). \u2022 Die Bereitstellung und Verwaltung der Hotelleistungen, die Bearbeitung von Reservierungen und die Abholung \u2022 Zur Erstellung von Webanalysen und Statistiken. \u2022 Zur Einf\u00fcgung von Funktionen Dritter (Google Maps usw.).  Um im Internet zu Surfen und f\u00fcr den Zugang zu f\u00fcr registrierte Benutzer reservierten Bereichen. \u2022 Zweck der Verwendung: Es werden die f\u00fcr die Bereitstellung der Online-Dienste notwendigen Daten verarbeitet, einschlie\u00dflich der Registrierung von IP-Adressen, besuchte Seiten und das Datum des Zugriffs sowie Informationen \u00fcber das Endger\u00e4t des Benutzers","robots":{"index":"index","follow":"follow","max-snippet":"max-snippet:-1","max-image-preview":"max-image-preview:large","max-video-preview":"max-video-preview:-1"},"canonical":"https:\/\/www.hoteldunasdesal.com\/de\/datenschutz\/","og_locale":"de_DE","og_type":"article","og_title":"Datenschutz &#8226; Dunas de Sal Design Hotel &#8226;","og_description":"Durch das Surfen im Internet und das Ausf\u00fcllen der Formulare auf der Website akzeptiert der Nutzer, dass die von ihm zur Verf\u00fcgung gestellten personenbezogenen Daten sowie diejenigen, die in Zukunft in besagter Weise bereitgestellt werden, in personenbezogenen Dateien des hotel. Dies gilt auch f\u00fcr die Sammlung von Zugangsdaten sowie die Nutzung von Cookies und f\u00fcr durch Dritte bereitgestellte Funktionen.  Bearbeitungszweck, Rechtsgrundlage und Empf\u00e4nger der Informationen Die Daten werden zu folgenden Zwecken verwendet: \u2022 Sie erm\u00f6glichen das Funktionieren des Internets und gew\u00e4hren Zugang zu Bereichen, die f\u00fcr registrierte Benutzer reserviert sind. \u2022 Zur Registrierung und Beantwortung von Benutzeranfragen durch die Webformulare (Kontakt usw.). \u2022 Die Bereitstellung und Verwaltung der Hotelleistungen, die Bearbeitung von Reservierungen und die Abholung \u2022 Zur Erstellung von Webanalysen und Statistiken. \u2022 Zur Einf\u00fcgung von Funktionen Dritter (Google Maps usw.).  Um im Internet zu Surfen und f\u00fcr den Zugang zu f\u00fcr registrierte Benutzer reservierten Bereichen. \u2022 Zweck der Verwendung: Es werden die f\u00fcr die Bereitstellung der Online-Dienste notwendigen Daten verarbeitet, einschlie\u00dflich der Registrierung von IP-Adressen, besuchte Seiten und das Datum des Zugriffs sowie Informationen \u00fcber das Endger\u00e4t des Benutzers","og_url":"https:\/\/www.hoteldunasdesal.com\/de\/datenschutz\/","og_site_name":"Dunas de Sal Design Hotel","article_publisher":"https:\/\/www.facebook.com\/dunasdesalhotel","article_modified_time":"2025-03-11T15:46:03+00:00","og_image":[{"width":2200,"height":1466,"url":"https:\/\/www.hoteldunasdesal.com\/wp-content\/uploads\/sites\/221\/2025\/03\/Hotel-Dunas-De-Sal-Cabo-Verde-2.jpg","type":"image\/jpeg"}],"twitter_card":"summary_large_image","twitter_misc":{"Gesch\u00e4tzte Lesezeit":"4 Minuten"},"schema":{"@context":"https:\/\/schema.org","@graph":[{"@type":"WebPage","@id":"https:\/\/www.hoteldunasdesal.com\/de\/datenschutz\/","url":"https:\/\/www.hoteldunasdesal.com\/de\/datenschutz\/","name":"Datenschutz &#8226; Dunas de Sal Design Hotel &#8226;","isPartOf":{"@id":"https:\/\/www.hoteldunasdesal.com\/de\/#website"},"datePublished":"2025-03-11T15:43:18+00:00","dateModified":"2025-03-11T15:46:03+00:00","description":"Durch das Surfen im Internet und das Ausf\u00fcllen der Formulare auf der Website akzeptiert der Nutzer, dass die von ihm zur Verf\u00fcgung gestellten personenbezogenen Daten sowie diejenigen, die in Zukunft in besagter Weise bereitgestellt werden, in personenbezogenen Dateien des hotel. Dies gilt auch f\u00fcr die Sammlung von Zugangsdaten sowie die Nutzung von Cookies und f\u00fcr durch Dritte bereitgestellte Funktionen. Bearbeitungszweck, Rechtsgrundlage und Empf\u00e4nger der Informationen Die Daten werden zu folgenden Zwecken verwendet: \u2022 Sie erm\u00f6glichen das Funktionieren des Internets und gew\u00e4hren Zugang zu Bereichen, die f\u00fcr registrierte Benutzer reserviert sind. \u2022 Zur Registrierung und Beantwortung von Benutzeranfragen durch die Webformulare (Kontakt usw.). \u2022 Die Bereitstellung und Verwaltung der Hotelleistungen, die Bearbeitung von Reservierungen und die Abholung \u2022 Zur Erstellung von Webanalysen und Statistiken. \u2022 Zur Einf\u00fcgung von Funktionen Dritter (Google Maps usw.). Um im Internet zu Surfen und f\u00fcr den Zugang zu f\u00fcr registrierte Benutzer reservierten Bereichen. \u2022 Zweck der Verwendung: Es werden die f\u00fcr die Bereitstellung der Online-Dienste notwendigen Daten verarbeitet, einschlie\u00dflich der Registrierung von IP-Adressen, besuchte Seiten und das Datum des Zugriffs sowie Informationen \u00fcber das Endger\u00e4t des Benutzers","breadcrumb":{"@id":"https:\/\/www.hoteldunasdesal.com\/de\/datenschutz\/#breadcrumb"},"inLanguage":"de-DE","potentialAction":[{"@type":"ReadAction","target":["https:\/\/www.hoteldunasdesal.com\/de\/datenschutz\/"]}]},{"@type":"BreadcrumbList","@id":"https:\/\/www.hoteldunasdesal.com\/de\/datenschutz\/#breadcrumb","itemListElement":[{"@type":"ListItem","position":1,"name":"Home","item":"https:\/\/www.hoteldunasdesal.com\/de\/"},{"@type":"ListItem","position":2,"name":"Datenschutz"}]},{"@type":"WebSite","@id":"https:\/\/www.hoteldunasdesal.com\/de\/#website","url":"https:\/\/www.hoteldunasdesal.com\/de\/","name":"Dunas de Sal Design Hotel","description":"","publisher":{"@id":"https:\/\/www.hoteldunasdesal.com\/de\/#organization"},"potentialAction":[{"@type":"SearchAction","target":{"@type":"EntryPoint","urlTemplate":"https:\/\/www.hoteldunasdesal.com\/de\/?s={search_term_string}"},"query-input":{"@type":"PropertyValueSpecification","valueRequired":true,"valueName":"search_term_string"}}],"inLanguage":"de-DE"},{"@type":"Organization","@id":"https:\/\/www.hoteldunasdesal.com\/de\/#organization","name":"Dunas de Sal Design Hotel","url":"https:\/\/www.hoteldunasdesal.com\/de\/","logo":{"@type":"ImageObject","inLanguage":"de-DE","@id":"https:\/\/www.hoteldunasdesal.com\/de\/#\/schema\/logo\/image\/","url":"https:\/\/www.hoteldunasdesal.com\/wp-content\/uploads\/sites\/221\/2025\/03\/logo-dunas-de-sal.png","contentUrl":"https:\/\/www.hoteldunasdesal.com\/wp-content\/uploads\/sites\/221\/2025\/03\/logo-dunas-de-sal.png","width":2856,"height":495,"caption":"Dunas de Sal Design Hotel"},"image":{"@id":"https:\/\/www.hoteldunasdesal.com\/de\/#\/schema\/logo\/image\/"},"sameAs":["https:\/\/www.facebook.com\/dunasdesalhotel","https:\/\/www.instagram.com\/hoteldunasdesal\/"]}]}},"acf":[],"_links":{"self":[{"href":"https:\/\/www.hoteldunasdesal.com\/de\/wp-json\/wp\/v2\/pages\/365","targetHints":{"allow":["GET"]}}],"collection":[{"href":"https:\/\/www.hoteldunasdesal.com\/de\/wp-json\/wp\/v2\/pages"}],"about":[{"href":"https:\/\/www.hoteldunasdesal.com\/de\/wp-json\/wp\/v2\/types\/page"}],"author":[{"embeddable":true,"href":"https:\/\/www.hoteldunasdesal.com\/de\/wp-json\/wp\/v2\/users\/8"}],"replies":[{"embeddable":true,"href":"https:\/\/www.hoteldunasdesal.com\/de\/wp-json\/wp\/v2\/comments?post=365"}],"version-history":[{"count":0,"href":"https:\/\/www.hoteldunasdesal.com\/de\/wp-json\/wp\/v2\/pages\/365\/revisions"}],"wp:attachment":[{"href":"https:\/\/www.hoteldunasdesal.com\/de\/wp-json\/wp\/v2\/media?parent=365"}],"curies":[{"name":"wp","href":"https:\/\/api.w.org\/{rel}","templated":true}]}}