{"id":355,"date":"2025-03-06T11:26:45","date_gmt":"2025-03-06T11:26:45","guid":{"rendered":"https:\/\/dunas-de-sal-capeverde.ms2.decms.eu\/?page_id=355"},"modified":"2025-04-01T06:54:24","modified_gmt":"2025-04-01T06:54:24","slug":"yoga-und-mehr","status":"publish","type":"page","link":"https:\/\/www.hoteldunasdesal.com\/de\/aktivitaeten\/yoga-und-mehr\/","title":{"rendered":"Yoga und mehr"},"content":{"rendered":"<p>Das\u00a0<b>Hotel Dunas de Sal\u00a0<\/b>ist f\u00fcr seine erholsame Atmosph\u00e4re bekannt, die entspannende und revitalisierende Erfahrungen bietet. F\u00fcr ein noch besseres Wohlbefinden bieten wir unseren G\u00e4sten eine Vielzahl von Aktivit\u00e4ten, die sie allein oder in Gruppen genie\u00dfen k\u00f6nnen.<\/p>\n<p><b>Es ist nie zu sp\u00e4t, \u201eYogi\u201c zu werden.<\/b><\/p>\n","protected":false},"excerpt":{"rendered":"<p>Das\u00a0Hotel Dunas de Sal\u00a0ist f\u00fcr seine erholsame Atmosph\u00e4re bekannt, die entspannende und revitalisierende Erfahrungen bietet. F\u00fcr ein noch besseres Wohlbefinden bieten wir unseren G\u00e4sten eine Vielzahl von Aktivit\u00e4ten, die sie allein oder in Gruppen genie\u00dfen k\u00f6nnen. Es ist nie zu sp\u00e4t, \u201eYogi\u201c zu werden.<\/p>\n","protected":false},"author":8,"featured_media":0,"parent":323,"menu_order":1,"comment_status":"closed","ping_status":"closed","template":"template-default-2.php","meta":{"footnotes":""},"yoast_head":"<!-- This site is optimized with the Yoast SEO plugin v22.3 - https:\/\/yoast.com\/wordpress\/plugins\/seo\/ -->\n<title>Yoga und mehr &#8226; Dunas de Sal Design Hotel &#8226;<\/title>\n<meta name=\"description\" content=\"Das\u00a0Hotel Dunas de Sal\u00a0ist f\u00fcr seine erholsame Atmosph\u00e4re bekannt, die entspannende und revitalisierende Erfahrungen bietet. F\u00fcr ein noch besseres Wohlbefinden bieten wir unseren G\u00e4sten eine Vielzahl von Aktivit\u00e4ten, die sie allein oder in Gruppen genie\u00dfen k\u00f6nnen.  Es ist nie zu sp\u00e4t, \u201eYogi\u201c zu werden.\" \/>\n<meta name=\"robots\" content=\"index, follow, max-snippet:-1, max-image-preview:large, max-video-preview:-1\" \/>\n<link rel=\"canonical\" href=\"https:\/\/www.hoteldunasdesal.com\/de\/aktivitaeten\/yoga-und-mehr\/\" \/>\n<meta property=\"og:locale\" content=\"de_DE\" \/>\n<meta property=\"og:type\" content=\"article\" \/>\n<meta property=\"og:title\" content=\"Yoga und mehr &#8226; Dunas de Sal Design Hotel &#8226;\" \/>\n<meta property=\"og:description\" content=\"Das\u00a0Hotel Dunas de Sal\u00a0ist f\u00fcr seine erholsame Atmosph\u00e4re bekannt, die entspannende und revitalisierende Erfahrungen bietet. F\u00fcr ein noch besseres Wohlbefinden bieten wir unseren G\u00e4sten eine Vielzahl von Aktivit\u00e4ten, die sie allein oder in Gruppen genie\u00dfen k\u00f6nnen.  Es ist nie zu sp\u00e4t, \u201eYogi\u201c zu werden.\" \/>\n<meta property=\"og:url\" content=\"https:\/\/www.hoteldunasdesal.com\/de\/aktivitaeten\/yoga-und-mehr\/\" \/>\n<meta property=\"og:site_name\" content=\"Dunas de Sal Design Hotel\" \/>\n<meta property=\"article:publisher\" content=\"https:\/\/www.facebook.com\/dunasdesalhotel\" \/>\n<meta property=\"article:modified_time\" content=\"2025-04-01T06:54:24+00:00\" \/>\n<meta property=\"og:image\" content=\"https:\/\/www.hoteldunasdesal.com\/wp-content\/uploads\/sites\/221\/2025\/03\/Hotel-Dunas-De-Sal-Cabo-Verde-2.jpg\" \/>\n\t<meta property=\"og:image:width\" content=\"2200\" \/>\n\t<meta property=\"og:image:height\" content=\"1466\" \/>\n\t<meta property=\"og:image:type\" content=\"image\/jpeg\" \/>\n<meta name=\"twitter:card\" content=\"summary_large_image\" \/>\n<meta name=\"twitter:label1\" content=\"Gesch\u00e4tzte Lesezeit\" \/>\n\t<meta name=\"twitter:data1\" content=\"1 Minute\" \/>\n<script type=\"application\/ld+json\" class=\"yoast-schema-graph\">{\"@context\":\"https:\/\/schema.org\",\"@graph\":[{\"@type\":\"WebPage\",\"@id\":\"https:\/\/www.hoteldunasdesal.com\/de\/aktivitaeten\/yoga-und-mehr\/\",\"url\":\"https:\/\/www.hoteldunasdesal.com\/de\/aktivitaeten\/yoga-und-mehr\/\",\"name\":\"Yoga und mehr &#8226; Dunas de Sal Design Hotel &#8226;\",\"isPartOf\":{\"@id\":\"https:\/\/www.hoteldunasdesal.com\/de\/#website\"},\"datePublished\":\"2025-03-06T11:26:45+00:00\",\"dateModified\":\"2025-04-01T06:54:24+00:00\",\"description\":\"Das\u00a0Hotel Dunas de Sal\u00a0ist f\u00fcr seine erholsame Atmosph\u00e4re bekannt, die entspannende und revitalisierende Erfahrungen bietet. F\u00fcr ein noch besseres Wohlbefinden bieten wir unseren G\u00e4sten eine Vielzahl von Aktivit\u00e4ten, die sie allein oder in Gruppen genie\u00dfen k\u00f6nnen. Es ist nie zu sp\u00e4t, \u201eYogi\u201c zu werden.\",\"breadcrumb\":{\"@id\":\"https:\/\/www.hoteldunasdesal.com\/de\/aktivitaeten\/yoga-und-mehr\/#breadcrumb\"},\"inLanguage\":\"de-DE\",\"potentialAction\":[{\"@type\":\"ReadAction\",\"target\":[\"https:\/\/www.hoteldunasdesal.com\/de\/aktivitaeten\/yoga-und-mehr\/\"]}]},{\"@type\":\"BreadcrumbList\",\"@id\":\"https:\/\/www.hoteldunasdesal.com\/de\/aktivitaeten\/yoga-und-mehr\/#breadcrumb\",\"itemListElement\":[{\"@type\":\"ListItem\",\"position\":1,\"name\":\"Home\",\"item\":\"https:\/\/www.hoteldunasdesal.com\/de\/\"},{\"@type\":\"ListItem\",\"position\":2,\"name\":\"Aktivit\u00e4ten\",\"item\":\"https:\/\/www.hoteldunasdesal.com\/de\/aktivitaeten\/\"},{\"@type\":\"ListItem\",\"position\":3,\"name\":\"Yoga und mehr\"}]},{\"@type\":\"WebSite\",\"@id\":\"https:\/\/www.hoteldunasdesal.com\/de\/#website\",\"url\":\"https:\/\/www.hoteldunasdesal.com\/de\/\",\"name\":\"Dunas de Sal Design Hotel\",\"description\":\"\",\"publisher\":{\"@id\":\"https:\/\/www.hoteldunasdesal.com\/de\/#organization\"},\"potentialAction\":[{\"@type\":\"SearchAction\",\"target\":{\"@type\":\"EntryPoint\",\"urlTemplate\":\"https:\/\/www.hoteldunasdesal.com\/de\/?s={search_term_string}\"},\"query-input\":\"required name=search_term_string\"}],\"inLanguage\":\"de-DE\"},{\"@type\":\"Organization\",\"@id\":\"https:\/\/www.hoteldunasdesal.com\/de\/#organization\",\"name\":\"Dunas de Sal Design Hotel\",\"url\":\"https:\/\/www.hoteldunasdesal.com\/de\/\",\"logo\":{\"@type\":\"ImageObject\",\"inLanguage\":\"de-DE\",\"@id\":\"https:\/\/www.hoteldunasdesal.com\/de\/#\/schema\/logo\/image\/\",\"url\":\"https:\/\/www.hoteldunasdesal.com\/wp-content\/uploads\/sites\/221\/2025\/03\/logo-dunas-de-sal.png\",\"contentUrl\":\"https:\/\/www.hoteldunasdesal.com\/wp-content\/uploads\/sites\/221\/2025\/03\/logo-dunas-de-sal.png\",\"width\":2856,\"height\":495,\"caption\":\"Dunas de Sal Design Hotel\"},\"image\":{\"@id\":\"https:\/\/www.hoteldunasdesal.com\/de\/#\/schema\/logo\/image\/\"},\"sameAs\":[\"https:\/\/www.facebook.com\/dunasdesalhotel\",\"https:\/\/www.instagram.com\/hoteldunasdesal\/\"]}]}<\/script>\n<!-- \/ Yoast SEO plugin. -->","yoast_head_json":{"title":"Yoga und mehr &#8226; Dunas de Sal Design Hotel &#8226;","description":"Das\u00a0Hotel Dunas de Sal\u00a0ist f\u00fcr seine erholsame Atmosph\u00e4re bekannt, die entspannende und revitalisierende Erfahrungen bietet. F\u00fcr ein noch besseres Wohlbefinden bieten wir unseren G\u00e4sten eine Vielzahl von Aktivit\u00e4ten, die sie allein oder in Gruppen genie\u00dfen k\u00f6nnen.  Es ist nie zu sp\u00e4t, \u201eYogi\u201c zu werden.","robots":{"index":"index","follow":"follow","max-snippet":"max-snippet:-1","max-image-preview":"max-image-preview:large","max-video-preview":"max-video-preview:-1"},"canonical":"https:\/\/www.hoteldunasdesal.com\/de\/aktivitaeten\/yoga-und-mehr\/","og_locale":"de_DE","og_type":"article","og_title":"Yoga und mehr &#8226; Dunas de Sal Design Hotel &#8226;","og_description":"Das\u00a0Hotel Dunas de Sal\u00a0ist f\u00fcr seine erholsame Atmosph\u00e4re bekannt, die entspannende und revitalisierende Erfahrungen bietet. F\u00fcr ein noch besseres Wohlbefinden bieten wir unseren G\u00e4sten eine Vielzahl von Aktivit\u00e4ten, die sie allein oder in Gruppen genie\u00dfen k\u00f6nnen.  Es ist nie zu sp\u00e4t, \u201eYogi\u201c zu werden.","og_url":"https:\/\/www.hoteldunasdesal.com\/de\/aktivitaeten\/yoga-und-mehr\/","og_site_name":"Dunas de Sal Design Hotel","article_publisher":"https:\/\/www.facebook.com\/dunasdesalhotel","article_modified_time":"2025-04-01T06:54:24+00:00","og_image":[{"width":2200,"height":1466,"url":"https:\/\/www.hoteldunasdesal.com\/wp-content\/uploads\/sites\/221\/2025\/03\/Hotel-Dunas-De-Sal-Cabo-Verde-2.jpg","type":"image\/jpeg"}],"twitter_card":"summary_large_image","twitter_misc":{"Gesch\u00e4tzte Lesezeit":"1 Minute"},"schema":{"@context":"https:\/\/schema.org","@graph":[{"@type":"WebPage","@id":"https:\/\/www.hoteldunasdesal.com\/de\/aktivitaeten\/yoga-und-mehr\/","url":"https:\/\/www.hoteldunasdesal.com\/de\/aktivitaeten\/yoga-und-mehr\/","name":"Yoga und mehr &#8226; Dunas de Sal Design Hotel &#8226;","isPartOf":{"@id":"https:\/\/www.hoteldunasdesal.com\/de\/#website"},"datePublished":"2025-03-06T11:26:45+00:00","dateModified":"2025-04-01T06:54:24+00:00","description":"Das\u00a0Hotel Dunas de Sal\u00a0ist f\u00fcr seine erholsame Atmosph\u00e4re bekannt, die entspannende und revitalisierende Erfahrungen bietet. F\u00fcr ein noch besseres Wohlbefinden bieten wir unseren G\u00e4sten eine Vielzahl von Aktivit\u00e4ten, die sie allein oder in Gruppen genie\u00dfen k\u00f6nnen. Es ist nie zu sp\u00e4t, \u201eYogi\u201c zu werden.","breadcrumb":{"@id":"https:\/\/www.hoteldunasdesal.com\/de\/aktivitaeten\/yoga-und-mehr\/#breadcrumb"},"inLanguage":"de-DE","potentialAction":[{"@type":"ReadAction","target":["https:\/\/www.hoteldunasdesal.com\/de\/aktivitaeten\/yoga-und-mehr\/"]}]},{"@type":"BreadcrumbList","@id":"https:\/\/www.hoteldunasdesal.com\/de\/aktivitaeten\/yoga-und-mehr\/#breadcrumb","itemListElement":[{"@type":"ListItem","position":1,"name":"Home","item":"https:\/\/www.hoteldunasdesal.com\/de\/"},{"@type":"ListItem","position":2,"name":"Aktivit\u00e4ten","item":"https:\/\/www.hoteldunasdesal.com\/de\/aktivitaeten\/"},{"@type":"ListItem","position":3,"name":"Yoga und mehr"}]},{"@type":"WebSite","@id":"https:\/\/www.hoteldunasdesal.com\/de\/#website","url":"https:\/\/www.hoteldunasdesal.com\/de\/","name":"Dunas de Sal Design Hotel","description":"","publisher":{"@id":"https:\/\/www.hoteldunasdesal.com\/de\/#organization"},"potentialAction":[{"@type":"SearchAction","target":{"@type":"EntryPoint","urlTemplate":"https:\/\/www.hoteldunasdesal.com\/de\/?s={search_term_string}"},"query-input":"required name=search_term_string"}],"inLanguage":"de-DE"},{"@type":"Organization","@id":"https:\/\/www.hoteldunasdesal.com\/de\/#organization","name":"Dunas de Sal Design Hotel","url":"https:\/\/www.hoteldunasdesal.com\/de\/","logo":{"@type":"ImageObject","inLanguage":"de-DE","@id":"https:\/\/www.hoteldunasdesal.com\/de\/#\/schema\/logo\/image\/","url":"https:\/\/www.hoteldunasdesal.com\/wp-content\/uploads\/sites\/221\/2025\/03\/logo-dunas-de-sal.png","contentUrl":"https:\/\/www.hoteldunasdesal.com\/wp-content\/uploads\/sites\/221\/2025\/03\/logo-dunas-de-sal.png","width":2856,"height":495,"caption":"Dunas de Sal Design Hotel"},"image":{"@id":"https:\/\/www.hoteldunasdesal.com\/de\/#\/schema\/logo\/image\/"},"sameAs":["https:\/\/www.facebook.com\/dunasdesalhotel","https:\/\/www.instagram.com\/hoteldunasdesal\/"]}]}},"acf":[],"_links":{"self":[{"href":"https:\/\/www.hoteldunasdesal.com\/de\/wp-json\/wp\/v2\/pages\/355"}],"collection":[{"href":"https:\/\/www.hoteldunasdesal.com\/de\/wp-json\/wp\/v2\/pages"}],"about":[{"href":"https:\/\/www.hoteldunasdesal.com\/de\/wp-json\/wp\/v2\/types\/page"}],"author":[{"embeddable":true,"href":"https:\/\/www.hoteldunasdesal.com\/de\/wp-json\/wp\/v2\/users\/8"}],"replies":[{"embeddable":true,"href":"https:\/\/www.hoteldunasdesal.com\/de\/wp-json\/wp\/v2\/comments?post=355"}],"version-history":[{"count":0,"href":"https:\/\/www.hoteldunasdesal.com\/de\/wp-json\/wp\/v2\/pages\/355\/revisions"}],"up":[{"embeddable":true,"href":"https:\/\/www.hoteldunasdesal.com\/de\/wp-json\/wp\/v2\/pages\/323"}],"wp:attachment":[{"href":"https:\/\/www.hoteldunasdesal.com\/de\/wp-json\/wp\/v2\/media?parent=355"}],"curies":[{"name":"wp","href":"https:\/\/api.w.org\/{rel}","templated":true}]}}