{"id":242,"date":"2025-03-05T16:31:29","date_gmt":"2025-03-05T16:31:29","guid":{"rendered":"https:\/\/dunas-de-sal-capeverde.ms2.decms.eu\/?page_id=242"},"modified":"2025-03-06T11:01:39","modified_gmt":"2025-03-06T11:01:39","slug":"entdecken-sie-kap-verde","status":"publish","type":"page","link":"https:\/\/www.hoteldunasdesal.com\/de\/entdecken-sie-kap-verde\/","title":{"rendered":"Entdecken sie kap verde"},"content":{"rendered":"<p>Die\u00a0<b>Insel Sal\u00a0<\/b>entstand vor Millionen von Jahren durch vulkanische und tektonische Aktivit\u00e4ten unter dem Meeresspiegel. Die Unterwasservulkane brachen aus, die Lava k\u00fchlte ab und bildete schlie\u00dflich\u00a0<b>Schichten aus vulkanischem Gestein.<\/b><\/p>\n<p>Im Laufe der Zeit stiegen diese Gesteinsschichten aus dem Ozean auf und verschmolzen zu einer Insel, wodurch eine auf der Erde<b>\u00a0einmalige geologische Struktur<\/b>\u00a0entstand.<\/p>\n<p>Diese Insel geh\u00f6rt zu den zehn\u00a0<b>Hauptreisezielen von Kap Verde\u00a0<\/b>und befindet sich im Archipel der Inseln \u00fcber dem Wind.<\/p>\n<p>Mit einer Fl\u00e4che von etwa 216 km\u00b2 ist sie die kleinste Insel des Landes.<\/p>\n<p>Trotz ihrer geringen Gr\u00f6\u00dfe ist die Insel mit ihrer reichen Geschichte, ihrer vielf\u00e4ltigen Fauna und Flora und ihrem Meerwasser ein einzigartiges Ziel f\u00fcr Besucher aus aller Welt.<\/p>\n","protected":false},"excerpt":{"rendered":"<p>Die\u00a0Insel Sal\u00a0entstand vor Millionen von Jahren durch vulkanische und tektonische Aktivit\u00e4ten unter dem Meeresspiegel. Die Unterwasservulkane brachen aus, die Lava k\u00fchlte ab und bildete schlie\u00dflich\u00a0Schichten aus vulkanischem Gestein. Im Laufe der Zeit stiegen diese Gesteinsschichten aus dem Ozean auf und verschmolzen zu einer Insel, wodurch eine auf der Erde\u00a0einmalige geologische Struktur\u00a0entstand. Diese Insel geh\u00f6rt zu [&hellip;]<\/p>\n","protected":false},"author":8,"featured_media":0,"parent":0,"menu_order":15,"comment_status":"closed","ping_status":"closed","template":"","meta":{"footnotes":""},"class_list":["post-242","page","type-page","status-publish","hentry"],"yoast_head":"<!-- This site is optimized with the Yoast SEO plugin v27.3 - https:\/\/yoast.com\/product\/yoast-seo-wordpress\/ -->\n<title>Entdecken sie kap verde &#8226; Dunas de Sal Design Hotel &#8226;<\/title>\n<meta name=\"description\" content=\"Die\u00a0Insel Sal\u00a0entstand vor Millionen von Jahren durch vulkanische und tektonische Aktivit\u00e4ten unter dem Meeresspiegel. Die Unterwasservulkane brachen aus, die Lava k\u00fchlte ab und bildete schlie\u00dflich\u00a0Schichten aus vulkanischem Gestein.  Im Laufe der Zeit stiegen diese Gesteinsschichten aus dem Ozean auf und verschmolzen zu einer Insel, wodurch eine auf der Erde\u00a0einmalige geologische Struktur\u00a0entstand.  Diese Insel geh\u00f6rt zu den zehn\u00a0Hauptreisezielen von Kap Verde\u00a0und befindet sich im Archipel der Inseln \u00fcber dem Wind.  Mit einer Fl\u00e4che von etwa 216 km\u00b2 ist sie die kleinste Insel des Landes.  Trotz ihrer geringen Gr\u00f6\u00dfe ist die Insel mit ihrer reichen Geschichte, ihrer vielf\u00e4ltigen Fauna und Flora und ihrem Meerwasser ein einzigartiges Ziel f\u00fcr Besucher aus aller Welt.\" \/>\n<meta name=\"robots\" content=\"index, follow, max-snippet:-1, max-image-preview:large, max-video-preview:-1\" \/>\n<link rel=\"canonical\" href=\"https:\/\/www.hoteldunasdesal.com\/de\/entdecken-sie-kap-verde\/\" \/>\n<meta property=\"og:locale\" content=\"de_DE\" \/>\n<meta property=\"og:type\" content=\"article\" \/>\n<meta property=\"og:title\" content=\"Entdecken sie kap verde &#8226; Dunas de Sal Design Hotel &#8226;\" \/>\n<meta property=\"og:description\" content=\"Die\u00a0Insel Sal\u00a0entstand vor Millionen von Jahren durch vulkanische und tektonische Aktivit\u00e4ten unter dem Meeresspiegel. Die Unterwasservulkane brachen aus, die Lava k\u00fchlte ab und bildete schlie\u00dflich\u00a0Schichten aus vulkanischem Gestein.  Im Laufe der Zeit stiegen diese Gesteinsschichten aus dem Ozean auf und verschmolzen zu einer Insel, wodurch eine auf der Erde\u00a0einmalige geologische Struktur\u00a0entstand.  Diese Insel geh\u00f6rt zu den zehn\u00a0Hauptreisezielen von Kap Verde\u00a0und befindet sich im Archipel der Inseln \u00fcber dem Wind.  Mit einer Fl\u00e4che von etwa 216 km\u00b2 ist sie die kleinste Insel des Landes.  Trotz ihrer geringen Gr\u00f6\u00dfe ist die Insel mit ihrer reichen Geschichte, ihrer vielf\u00e4ltigen Fauna und Flora und ihrem Meerwasser ein einzigartiges Ziel f\u00fcr Besucher aus aller Welt.\" \/>\n<meta property=\"og:url\" content=\"https:\/\/www.hoteldunasdesal.com\/de\/entdecken-sie-kap-verde\/\" \/>\n<meta property=\"og:site_name\" content=\"Dunas de Sal Design Hotel\" \/>\n<meta property=\"article:publisher\" content=\"https:\/\/www.facebook.com\/dunasdesalhotel\" \/>\n<meta property=\"article:modified_time\" content=\"2025-03-06T11:01:39+00:00\" \/>\n<meta property=\"og:image\" content=\"https:\/\/www.hoteldunasdesal.com\/wp-content\/uploads\/sites\/221\/2025\/03\/Hotel-Dunas-De-Sal-Cabo-Verde-2.jpg\" \/>\n\t<meta property=\"og:image:width\" content=\"2200\" \/>\n\t<meta property=\"og:image:height\" content=\"1466\" \/>\n\t<meta property=\"og:image:type\" content=\"image\/jpeg\" \/>\n<meta name=\"twitter:card\" content=\"summary_large_image\" \/>\n<meta name=\"twitter:label1\" content=\"Gesch\u00e4tzte Lesezeit\" \/>\n\t<meta name=\"twitter:data1\" content=\"1 Minute\" \/>\n<script type=\"application\/ld+json\" class=\"yoast-schema-graph\">{\"@context\":\"https:\\\/\\\/schema.org\",\"@graph\":[{\"@type\":\"WebPage\",\"@id\":\"https:\\\/\\\/www.hoteldunasdesal.com\\\/de\\\/entdecken-sie-kap-verde\\\/\",\"url\":\"https:\\\/\\\/www.hoteldunasdesal.com\\\/de\\\/entdecken-sie-kap-verde\\\/\",\"name\":\"Entdecken sie kap verde &#8226; Dunas de Sal Design Hotel &#8226;\",\"isPartOf\":{\"@id\":\"https:\\\/\\\/www.hoteldunasdesal.com\\\/de\\\/#website\"},\"datePublished\":\"2025-03-05T16:31:29+00:00\",\"dateModified\":\"2025-03-06T11:01:39+00:00\",\"description\":\"Die\u00a0Insel Sal\u00a0entstand vor Millionen von Jahren durch vulkanische und tektonische Aktivit\u00e4ten unter dem Meeresspiegel. Die Unterwasservulkane brachen aus, die Lava k\u00fchlte ab und bildete schlie\u00dflich\u00a0Schichten aus vulkanischem Gestein. Im Laufe der Zeit stiegen diese Gesteinsschichten aus dem Ozean auf und verschmolzen zu einer Insel, wodurch eine auf der Erde\u00a0einmalige geologische Struktur\u00a0entstand. Diese Insel geh\u00f6rt zu den zehn\u00a0Hauptreisezielen von Kap Verde\u00a0und befindet sich im Archipel der Inseln \u00fcber dem Wind. Mit einer Fl\u00e4che von etwa 216 km\u00b2 ist sie die kleinste Insel des Landes. Trotz ihrer geringen Gr\u00f6\u00dfe ist die Insel mit ihrer reichen Geschichte, ihrer vielf\u00e4ltigen Fauna und Flora und ihrem Meerwasser ein einzigartiges Ziel f\u00fcr Besucher aus aller Welt.\",\"breadcrumb\":{\"@id\":\"https:\\\/\\\/www.hoteldunasdesal.com\\\/de\\\/entdecken-sie-kap-verde\\\/#breadcrumb\"},\"inLanguage\":\"de-DE\",\"potentialAction\":[{\"@type\":\"ReadAction\",\"target\":[\"https:\\\/\\\/www.hoteldunasdesal.com\\\/de\\\/entdecken-sie-kap-verde\\\/\"]}]},{\"@type\":\"BreadcrumbList\",\"@id\":\"https:\\\/\\\/www.hoteldunasdesal.com\\\/de\\\/entdecken-sie-kap-verde\\\/#breadcrumb\",\"itemListElement\":[{\"@type\":\"ListItem\",\"position\":1,\"name\":\"Home\",\"item\":\"https:\\\/\\\/www.hoteldunasdesal.com\\\/de\\\/\"},{\"@type\":\"ListItem\",\"position\":2,\"name\":\"Entdecken sie kap verde\"}]},{\"@type\":\"WebSite\",\"@id\":\"https:\\\/\\\/www.hoteldunasdesal.com\\\/de\\\/#website\",\"url\":\"https:\\\/\\\/www.hoteldunasdesal.com\\\/de\\\/\",\"name\":\"Dunas de Sal Design Hotel\",\"description\":\"\",\"publisher\":{\"@id\":\"https:\\\/\\\/www.hoteldunasdesal.com\\\/de\\\/#organization\"},\"potentialAction\":[{\"@type\":\"SearchAction\",\"target\":{\"@type\":\"EntryPoint\",\"urlTemplate\":\"https:\\\/\\\/www.hoteldunasdesal.com\\\/de\\\/?s={search_term_string}\"},\"query-input\":{\"@type\":\"PropertyValueSpecification\",\"valueRequired\":true,\"valueName\":\"search_term_string\"}}],\"inLanguage\":\"de-DE\"},{\"@type\":\"Organization\",\"@id\":\"https:\\\/\\\/www.hoteldunasdesal.com\\\/de\\\/#organization\",\"name\":\"Dunas de Sal Design Hotel\",\"url\":\"https:\\\/\\\/www.hoteldunasdesal.com\\\/de\\\/\",\"logo\":{\"@type\":\"ImageObject\",\"inLanguage\":\"de-DE\",\"@id\":\"https:\\\/\\\/www.hoteldunasdesal.com\\\/de\\\/#\\\/schema\\\/logo\\\/image\\\/\",\"url\":\"https:\\\/\\\/www.hoteldunasdesal.com\\\/wp-content\\\/uploads\\\/sites\\\/221\\\/2025\\\/03\\\/logo-dunas-de-sal.png\",\"contentUrl\":\"https:\\\/\\\/www.hoteldunasdesal.com\\\/wp-content\\\/uploads\\\/sites\\\/221\\\/2025\\\/03\\\/logo-dunas-de-sal.png\",\"width\":2856,\"height\":495,\"caption\":\"Dunas de Sal Design Hotel\"},\"image\":{\"@id\":\"https:\\\/\\\/www.hoteldunasdesal.com\\\/de\\\/#\\\/schema\\\/logo\\\/image\\\/\"},\"sameAs\":[\"https:\\\/\\\/www.facebook.com\\\/dunasdesalhotel\",\"https:\\\/\\\/www.instagram.com\\\/hoteldunasdesal\\\/\"]}]}<\/script>\n<!-- \/ Yoast SEO plugin. -->","yoast_head_json":{"title":"Entdecken sie kap verde &#8226; Dunas de Sal Design Hotel &#8226;","description":"Die\u00a0Insel Sal\u00a0entstand vor Millionen von Jahren durch vulkanische und tektonische Aktivit\u00e4ten unter dem Meeresspiegel. Die Unterwasservulkane brachen aus, die Lava k\u00fchlte ab und bildete schlie\u00dflich\u00a0Schichten aus vulkanischem Gestein.  Im Laufe der Zeit stiegen diese Gesteinsschichten aus dem Ozean auf und verschmolzen zu einer Insel, wodurch eine auf der Erde\u00a0einmalige geologische Struktur\u00a0entstand.  Diese Insel geh\u00f6rt zu den zehn\u00a0Hauptreisezielen von Kap Verde\u00a0und befindet sich im Archipel der Inseln \u00fcber dem Wind.  Mit einer Fl\u00e4che von etwa 216 km\u00b2 ist sie die kleinste Insel des Landes.  Trotz ihrer geringen Gr\u00f6\u00dfe ist die Insel mit ihrer reichen Geschichte, ihrer vielf\u00e4ltigen Fauna und Flora und ihrem Meerwasser ein einzigartiges Ziel f\u00fcr Besucher aus aller Welt.","robots":{"index":"index","follow":"follow","max-snippet":"max-snippet:-1","max-image-preview":"max-image-preview:large","max-video-preview":"max-video-preview:-1"},"canonical":"https:\/\/www.hoteldunasdesal.com\/de\/entdecken-sie-kap-verde\/","og_locale":"de_DE","og_type":"article","og_title":"Entdecken sie kap verde &#8226; Dunas de Sal Design Hotel &#8226;","og_description":"Die\u00a0Insel Sal\u00a0entstand vor Millionen von Jahren durch vulkanische und tektonische Aktivit\u00e4ten unter dem Meeresspiegel. Die Unterwasservulkane brachen aus, die Lava k\u00fchlte ab und bildete schlie\u00dflich\u00a0Schichten aus vulkanischem Gestein.  Im Laufe der Zeit stiegen diese Gesteinsschichten aus dem Ozean auf und verschmolzen zu einer Insel, wodurch eine auf der Erde\u00a0einmalige geologische Struktur\u00a0entstand.  Diese Insel geh\u00f6rt zu den zehn\u00a0Hauptreisezielen von Kap Verde\u00a0und befindet sich im Archipel der Inseln \u00fcber dem Wind.  Mit einer Fl\u00e4che von etwa 216 km\u00b2 ist sie die kleinste Insel des Landes.  Trotz ihrer geringen Gr\u00f6\u00dfe ist die Insel mit ihrer reichen Geschichte, ihrer vielf\u00e4ltigen Fauna und Flora und ihrem Meerwasser ein einzigartiges Ziel f\u00fcr Besucher aus aller Welt.","og_url":"https:\/\/www.hoteldunasdesal.com\/de\/entdecken-sie-kap-verde\/","og_site_name":"Dunas de Sal Design Hotel","article_publisher":"https:\/\/www.facebook.com\/dunasdesalhotel","article_modified_time":"2025-03-06T11:01:39+00:00","og_image":[{"width":2200,"height":1466,"url":"https:\/\/www.hoteldunasdesal.com\/wp-content\/uploads\/sites\/221\/2025\/03\/Hotel-Dunas-De-Sal-Cabo-Verde-2.jpg","type":"image\/jpeg"}],"twitter_card":"summary_large_image","twitter_misc":{"Gesch\u00e4tzte Lesezeit":"1 Minute"},"schema":{"@context":"https:\/\/schema.org","@graph":[{"@type":"WebPage","@id":"https:\/\/www.hoteldunasdesal.com\/de\/entdecken-sie-kap-verde\/","url":"https:\/\/www.hoteldunasdesal.com\/de\/entdecken-sie-kap-verde\/","name":"Entdecken sie kap verde &#8226; Dunas de Sal Design Hotel &#8226;","isPartOf":{"@id":"https:\/\/www.hoteldunasdesal.com\/de\/#website"},"datePublished":"2025-03-05T16:31:29+00:00","dateModified":"2025-03-06T11:01:39+00:00","description":"Die\u00a0Insel Sal\u00a0entstand vor Millionen von Jahren durch vulkanische und tektonische Aktivit\u00e4ten unter dem Meeresspiegel. Die Unterwasservulkane brachen aus, die Lava k\u00fchlte ab und bildete schlie\u00dflich\u00a0Schichten aus vulkanischem Gestein. Im Laufe der Zeit stiegen diese Gesteinsschichten aus dem Ozean auf und verschmolzen zu einer Insel, wodurch eine auf der Erde\u00a0einmalige geologische Struktur\u00a0entstand. Diese Insel geh\u00f6rt zu den zehn\u00a0Hauptreisezielen von Kap Verde\u00a0und befindet sich im Archipel der Inseln \u00fcber dem Wind. Mit einer Fl\u00e4che von etwa 216 km\u00b2 ist sie die kleinste Insel des Landes. Trotz ihrer geringen Gr\u00f6\u00dfe ist die Insel mit ihrer reichen Geschichte, ihrer vielf\u00e4ltigen Fauna und Flora und ihrem Meerwasser ein einzigartiges Ziel f\u00fcr Besucher aus aller Welt.","breadcrumb":{"@id":"https:\/\/www.hoteldunasdesal.com\/de\/entdecken-sie-kap-verde\/#breadcrumb"},"inLanguage":"de-DE","potentialAction":[{"@type":"ReadAction","target":["https:\/\/www.hoteldunasdesal.com\/de\/entdecken-sie-kap-verde\/"]}]},{"@type":"BreadcrumbList","@id":"https:\/\/www.hoteldunasdesal.com\/de\/entdecken-sie-kap-verde\/#breadcrumb","itemListElement":[{"@type":"ListItem","position":1,"name":"Home","item":"https:\/\/www.hoteldunasdesal.com\/de\/"},{"@type":"ListItem","position":2,"name":"Entdecken sie kap verde"}]},{"@type":"WebSite","@id":"https:\/\/www.hoteldunasdesal.com\/de\/#website","url":"https:\/\/www.hoteldunasdesal.com\/de\/","name":"Dunas de Sal Design Hotel","description":"","publisher":{"@id":"https:\/\/www.hoteldunasdesal.com\/de\/#organization"},"potentialAction":[{"@type":"SearchAction","target":{"@type":"EntryPoint","urlTemplate":"https:\/\/www.hoteldunasdesal.com\/de\/?s={search_term_string}"},"query-input":{"@type":"PropertyValueSpecification","valueRequired":true,"valueName":"search_term_string"}}],"inLanguage":"de-DE"},{"@type":"Organization","@id":"https:\/\/www.hoteldunasdesal.com\/de\/#organization","name":"Dunas de Sal Design Hotel","url":"https:\/\/www.hoteldunasdesal.com\/de\/","logo":{"@type":"ImageObject","inLanguage":"de-DE","@id":"https:\/\/www.hoteldunasdesal.com\/de\/#\/schema\/logo\/image\/","url":"https:\/\/www.hoteldunasdesal.com\/wp-content\/uploads\/sites\/221\/2025\/03\/logo-dunas-de-sal.png","contentUrl":"https:\/\/www.hoteldunasdesal.com\/wp-content\/uploads\/sites\/221\/2025\/03\/logo-dunas-de-sal.png","width":2856,"height":495,"caption":"Dunas de Sal Design Hotel"},"image":{"@id":"https:\/\/www.hoteldunasdesal.com\/de\/#\/schema\/logo\/image\/"},"sameAs":["https:\/\/www.facebook.com\/dunasdesalhotel","https:\/\/www.instagram.com\/hoteldunasdesal\/"]}]}},"acf":[],"_links":{"self":[{"href":"https:\/\/www.hoteldunasdesal.com\/de\/wp-json\/wp\/v2\/pages\/242","targetHints":{"allow":["GET"]}}],"collection":[{"href":"https:\/\/www.hoteldunasdesal.com\/de\/wp-json\/wp\/v2\/pages"}],"about":[{"href":"https:\/\/www.hoteldunasdesal.com\/de\/wp-json\/wp\/v2\/types\/page"}],"author":[{"embeddable":true,"href":"https:\/\/www.hoteldunasdesal.com\/de\/wp-json\/wp\/v2\/users\/8"}],"replies":[{"embeddable":true,"href":"https:\/\/www.hoteldunasdesal.com\/de\/wp-json\/wp\/v2\/comments?post=242"}],"version-history":[{"count":0,"href":"https:\/\/www.hoteldunasdesal.com\/de\/wp-json\/wp\/v2\/pages\/242\/revisions"}],"wp:attachment":[{"href":"https:\/\/www.hoteldunasdesal.com\/de\/wp-json\/wp\/v2\/media?parent=242"}],"curies":[{"name":"wp","href":"https:\/\/api.w.org\/{rel}","templated":true}]}}