{"id":236,"date":"2025-03-05T15:47:31","date_gmt":"2025-03-05T15:47:31","guid":{"rendered":"https:\/\/dunas-de-sal-capeverde.ms2.decms.eu\/services\/"},"modified":"2025-04-14T10:21:28","modified_gmt":"2025-04-14T10:21:28","slug":"zusatzleistungen","status":"publish","type":"page","link":"https:\/\/www.hoteldunasdesal.com\/de\/zusatzleistungen\/","title":{"rendered":"Zusatzleistungen"},"content":{"rendered":"<p><strong>Wir bieten Ihnen ein umfangreiches Serviceangebot<\/strong>, wie zum Beispiel unser Restaurant mit internationalen Spezialit\u00e4ten und lokaler K\u00fcche.<\/p>\n<p>In unserer Poolbar servieren wir Ihnen die besten Capigrogues der Insel Sal und in unserem Spa k\u00f6nnen Sie sich bei unseren Behandlungen entspannen und einen angenehmen Aufenthalt bei uns verbringen.<\/p>\n","protected":false},"excerpt":{"rendered":"<p>Wir bieten Ihnen ein umfangreiches Serviceangebot, wie zum Beispiel unser Restaurant mit internationalen Spezialit\u00e4ten und lokaler K\u00fcche. In unserer Poolbar servieren wir Ihnen die besten Capigrogues der Insel Sal und in unserem Spa k\u00f6nnen Sie sich bei unseren Behandlungen entspannen und einen angenehmen Aufenthalt bei uns verbringen.<\/p>\n","protected":false},"author":8,"featured_media":0,"parent":0,"menu_order":10,"comment_status":"closed","ping_status":"closed","template":"template-default-4.php","meta":{"footnotes":""},"yoast_head":"<!-- This site is optimized with the Yoast SEO plugin v22.3 - https:\/\/yoast.com\/wordpress\/plugins\/seo\/ -->\n<title>Zusatzleistungen &#8226; Dunas de Sal Design Hotel &#8226;<\/title>\n<meta name=\"description\" content=\"Wir bieten Ihnen ein umfangreiches Serviceangebot, wie zum Beispiel unser Restaurant mit internationalen Spezialit\u00e4ten und lokaler K\u00fcche.  In unserer Poolbar servieren wir Ihnen die besten Capigrogues der Insel Sal und in unserem Spa k\u00f6nnen Sie sich bei unseren Behandlungen entspannen und einen angenehmen Aufenthalt bei uns verbringen..\" \/>\n<meta name=\"robots\" content=\"index, follow, max-snippet:-1, max-image-preview:large, max-video-preview:-1\" \/>\n<link rel=\"canonical\" href=\"https:\/\/www.hoteldunasdesal.com\/de\/zusatzleistungen\/\" \/>\n<meta property=\"og:locale\" content=\"de_DE\" \/>\n<meta property=\"og:type\" content=\"article\" \/>\n<meta property=\"og:title\" content=\"Zusatzleistungen &#8226; Dunas de Sal Design Hotel &#8226;\" \/>\n<meta property=\"og:description\" content=\"Wir bieten Ihnen ein umfangreiches Serviceangebot, wie zum Beispiel unser Restaurant mit internationalen Spezialit\u00e4ten und lokaler K\u00fcche.  In unserer Poolbar servieren wir Ihnen die besten Capigrogues der Insel Sal und in unserem Spa k\u00f6nnen Sie sich bei unseren Behandlungen entspannen und einen angenehmen Aufenthalt bei uns verbringen..\" \/>\n<meta property=\"og:url\" content=\"https:\/\/www.hoteldunasdesal.com\/de\/zusatzleistungen\/\" \/>\n<meta property=\"og:site_name\" content=\"Dunas de Sal Design Hotel\" \/>\n<meta property=\"article:publisher\" content=\"https:\/\/www.facebook.com\/dunasdesalhotel\" \/>\n<meta property=\"article:modified_time\" content=\"2025-04-14T10:21:28+00:00\" \/>\n<meta property=\"og:image\" content=\"https:\/\/www.hoteldunasdesal.com\/wp-content\/uploads\/sites\/221\/2025\/03\/Hotel-Dunas-De-Sal-Cabo-Verde-2.jpg\" \/>\n\t<meta property=\"og:image:width\" content=\"2200\" \/>\n\t<meta property=\"og:image:height\" content=\"1466\" \/>\n\t<meta property=\"og:image:type\" content=\"image\/jpeg\" \/>\n<meta name=\"twitter:card\" content=\"summary_large_image\" \/>\n<meta name=\"twitter:label1\" content=\"Gesch\u00e4tzte Lesezeit\" \/>\n\t<meta name=\"twitter:data1\" content=\"1 Minute\" \/>\n<script type=\"application\/ld+json\" class=\"yoast-schema-graph\">{\"@context\":\"https:\/\/schema.org\",\"@graph\":[{\"@type\":\"WebPage\",\"@id\":\"https:\/\/www.hoteldunasdesal.com\/de\/zusatzleistungen\/\",\"url\":\"https:\/\/www.hoteldunasdesal.com\/de\/zusatzleistungen\/\",\"name\":\"Zusatzleistungen &#8226; Dunas de Sal Design Hotel &#8226;\",\"isPartOf\":{\"@id\":\"https:\/\/www.hoteldunasdesal.com\/de\/#website\"},\"datePublished\":\"2025-03-05T15:47:31+00:00\",\"dateModified\":\"2025-04-14T10:21:28+00:00\",\"description\":\"Wir bieten Ihnen ein umfangreiches Serviceangebot, wie zum Beispiel unser Restaurant mit internationalen Spezialit\u00e4ten und lokaler K\u00fcche. In unserer Poolbar servieren wir Ihnen die besten Capigrogues der Insel Sal und in unserem Spa k\u00f6nnen Sie sich bei unseren Behandlungen entspannen und einen angenehmen Aufenthalt bei uns verbringen..\",\"breadcrumb\":{\"@id\":\"https:\/\/www.hoteldunasdesal.com\/de\/zusatzleistungen\/#breadcrumb\"},\"inLanguage\":\"de-DE\",\"potentialAction\":[{\"@type\":\"ReadAction\",\"target\":[\"https:\/\/www.hoteldunasdesal.com\/de\/zusatzleistungen\/\"]}]},{\"@type\":\"BreadcrumbList\",\"@id\":\"https:\/\/www.hoteldunasdesal.com\/de\/zusatzleistungen\/#breadcrumb\",\"itemListElement\":[{\"@type\":\"ListItem\",\"position\":1,\"name\":\"Home\",\"item\":\"https:\/\/www.hoteldunasdesal.com\/de\/\"},{\"@type\":\"ListItem\",\"position\":2,\"name\":\"Zusatzleistungen\"}]},{\"@type\":\"WebSite\",\"@id\":\"https:\/\/www.hoteldunasdesal.com\/de\/#website\",\"url\":\"https:\/\/www.hoteldunasdesal.com\/de\/\",\"name\":\"Dunas de Sal Design Hotel\",\"description\":\"\",\"publisher\":{\"@id\":\"https:\/\/www.hoteldunasdesal.com\/de\/#organization\"},\"potentialAction\":[{\"@type\":\"SearchAction\",\"target\":{\"@type\":\"EntryPoint\",\"urlTemplate\":\"https:\/\/www.hoteldunasdesal.com\/de\/?s={search_term_string}\"},\"query-input\":\"required name=search_term_string\"}],\"inLanguage\":\"de-DE\"},{\"@type\":\"Organization\",\"@id\":\"https:\/\/www.hoteldunasdesal.com\/de\/#organization\",\"name\":\"Dunas de Sal Design Hotel\",\"url\":\"https:\/\/www.hoteldunasdesal.com\/de\/\",\"logo\":{\"@type\":\"ImageObject\",\"inLanguage\":\"de-DE\",\"@id\":\"https:\/\/www.hoteldunasdesal.com\/de\/#\/schema\/logo\/image\/\",\"url\":\"https:\/\/www.hoteldunasdesal.com\/wp-content\/uploads\/sites\/221\/2025\/03\/logo-dunas-de-sal.png\",\"contentUrl\":\"https:\/\/www.hoteldunasdesal.com\/wp-content\/uploads\/sites\/221\/2025\/03\/logo-dunas-de-sal.png\",\"width\":2856,\"height\":495,\"caption\":\"Dunas de Sal Design Hotel\"},\"image\":{\"@id\":\"https:\/\/www.hoteldunasdesal.com\/de\/#\/schema\/logo\/image\/\"},\"sameAs\":[\"https:\/\/www.facebook.com\/dunasdesalhotel\",\"https:\/\/www.instagram.com\/hoteldunasdesal\/\"]}]}<\/script>\n<!-- \/ Yoast SEO plugin. -->","yoast_head_json":{"title":"Zusatzleistungen &#8226; Dunas de Sal Design Hotel &#8226;","description":"Wir bieten Ihnen ein umfangreiches Serviceangebot, wie zum Beispiel unser Restaurant mit internationalen Spezialit\u00e4ten und lokaler K\u00fcche.  In unserer Poolbar servieren wir Ihnen die besten Capigrogues der Insel Sal und in unserem Spa k\u00f6nnen Sie sich bei unseren Behandlungen entspannen und einen angenehmen Aufenthalt bei uns verbringen..","robots":{"index":"index","follow":"follow","max-snippet":"max-snippet:-1","max-image-preview":"max-image-preview:large","max-video-preview":"max-video-preview:-1"},"canonical":"https:\/\/www.hoteldunasdesal.com\/de\/zusatzleistungen\/","og_locale":"de_DE","og_type":"article","og_title":"Zusatzleistungen &#8226; Dunas de Sal Design Hotel &#8226;","og_description":"Wir bieten Ihnen ein umfangreiches Serviceangebot, wie zum Beispiel unser Restaurant mit internationalen Spezialit\u00e4ten und lokaler K\u00fcche.  In unserer Poolbar servieren wir Ihnen die besten Capigrogues der Insel Sal und in unserem Spa k\u00f6nnen Sie sich bei unseren Behandlungen entspannen und einen angenehmen Aufenthalt bei uns verbringen..","og_url":"https:\/\/www.hoteldunasdesal.com\/de\/zusatzleistungen\/","og_site_name":"Dunas de Sal Design Hotel","article_publisher":"https:\/\/www.facebook.com\/dunasdesalhotel","article_modified_time":"2025-04-14T10:21:28+00:00","og_image":[{"width":2200,"height":1466,"url":"https:\/\/www.hoteldunasdesal.com\/wp-content\/uploads\/sites\/221\/2025\/03\/Hotel-Dunas-De-Sal-Cabo-Verde-2.jpg","type":"image\/jpeg"}],"twitter_card":"summary_large_image","twitter_misc":{"Gesch\u00e4tzte Lesezeit":"1 Minute"},"schema":{"@context":"https:\/\/schema.org","@graph":[{"@type":"WebPage","@id":"https:\/\/www.hoteldunasdesal.com\/de\/zusatzleistungen\/","url":"https:\/\/www.hoteldunasdesal.com\/de\/zusatzleistungen\/","name":"Zusatzleistungen &#8226; Dunas de Sal Design Hotel &#8226;","isPartOf":{"@id":"https:\/\/www.hoteldunasdesal.com\/de\/#website"},"datePublished":"2025-03-05T15:47:31+00:00","dateModified":"2025-04-14T10:21:28+00:00","description":"Wir bieten Ihnen ein umfangreiches Serviceangebot, wie zum Beispiel unser Restaurant mit internationalen Spezialit\u00e4ten und lokaler K\u00fcche. In unserer Poolbar servieren wir Ihnen die besten Capigrogues der Insel Sal und in unserem Spa k\u00f6nnen Sie sich bei unseren Behandlungen entspannen und einen angenehmen Aufenthalt bei uns verbringen..","breadcrumb":{"@id":"https:\/\/www.hoteldunasdesal.com\/de\/zusatzleistungen\/#breadcrumb"},"inLanguage":"de-DE","potentialAction":[{"@type":"ReadAction","target":["https:\/\/www.hoteldunasdesal.com\/de\/zusatzleistungen\/"]}]},{"@type":"BreadcrumbList","@id":"https:\/\/www.hoteldunasdesal.com\/de\/zusatzleistungen\/#breadcrumb","itemListElement":[{"@type":"ListItem","position":1,"name":"Home","item":"https:\/\/www.hoteldunasdesal.com\/de\/"},{"@type":"ListItem","position":2,"name":"Zusatzleistungen"}]},{"@type":"WebSite","@id":"https:\/\/www.hoteldunasdesal.com\/de\/#website","url":"https:\/\/www.hoteldunasdesal.com\/de\/","name":"Dunas de Sal Design Hotel","description":"","publisher":{"@id":"https:\/\/www.hoteldunasdesal.com\/de\/#organization"},"potentialAction":[{"@type":"SearchAction","target":{"@type":"EntryPoint","urlTemplate":"https:\/\/www.hoteldunasdesal.com\/de\/?s={search_term_string}"},"query-input":"required name=search_term_string"}],"inLanguage":"de-DE"},{"@type":"Organization","@id":"https:\/\/www.hoteldunasdesal.com\/de\/#organization","name":"Dunas de Sal Design Hotel","url":"https:\/\/www.hoteldunasdesal.com\/de\/","logo":{"@type":"ImageObject","inLanguage":"de-DE","@id":"https:\/\/www.hoteldunasdesal.com\/de\/#\/schema\/logo\/image\/","url":"https:\/\/www.hoteldunasdesal.com\/wp-content\/uploads\/sites\/221\/2025\/03\/logo-dunas-de-sal.png","contentUrl":"https:\/\/www.hoteldunasdesal.com\/wp-content\/uploads\/sites\/221\/2025\/03\/logo-dunas-de-sal.png","width":2856,"height":495,"caption":"Dunas de Sal Design Hotel"},"image":{"@id":"https:\/\/www.hoteldunasdesal.com\/de\/#\/schema\/logo\/image\/"},"sameAs":["https:\/\/www.facebook.com\/dunasdesalhotel","https:\/\/www.instagram.com\/hoteldunasdesal\/"]}]}},"acf":[],"_links":{"self":[{"href":"https:\/\/www.hoteldunasdesal.com\/de\/wp-json\/wp\/v2\/pages\/236"}],"collection":[{"href":"https:\/\/www.hoteldunasdesal.com\/de\/wp-json\/wp\/v2\/pages"}],"about":[{"href":"https:\/\/www.hoteldunasdesal.com\/de\/wp-json\/wp\/v2\/types\/page"}],"author":[{"embeddable":true,"href":"https:\/\/www.hoteldunasdesal.com\/de\/wp-json\/wp\/v2\/users\/8"}],"replies":[{"embeddable":true,"href":"https:\/\/www.hoteldunasdesal.com\/de\/wp-json\/wp\/v2\/comments?post=236"}],"version-history":[{"count":0,"href":"https:\/\/www.hoteldunasdesal.com\/de\/wp-json\/wp\/v2\/pages\/236\/revisions"}],"wp:attachment":[{"href":"https:\/\/www.hoteldunasdesal.com\/de\/wp-json\/wp\/v2\/media?parent=236"}],"curies":[{"name":"wp","href":"https:\/\/api.w.org\/{rel}","templated":true}]}}