{"id":208,"date":"2025-02-27T15:19:12","date_gmt":"2025-02-27T15:19:12","guid":{"rendered":"https:\/\/dunas-de-sal-capeverde.ms2.decms.eu\/?page_id=208"},"modified":"2025-03-04T15:17:19","modified_gmt":"2025-03-04T15:17:19","slug":"barrierefreiheit","status":"publish","type":"page","link":"https:\/\/www.hoteldunasdesal.com\/de\/barrierefreiheit\/","title":{"rendered":"Barrierefreiheit"},"content":{"rendered":"<p>Im Hotel Dunas de Sal verf\u00fcgen wir \u00fcber zwei teilweise angepasste Zimmer (Standardzimmer) f\u00fcr Personen mit eingeschr\u00e4nkter Mobilit\u00e4t.<\/p>\n<p>Diese Zimmer befinden sich im Erdgeschoss und bieten einfachen Zugang zu den wichtigsten Dienstleistungen des Hotels, n\u00e4mlich dem Restaurant\/Bar, der Rezeption und dem Garten\/Pool.<\/p>\n<p>Die Zimmer sind mit einer ebenerdigen Dusche und einem Duschstuhl ausgestattet. Beachten Sie, dass sie keine St\u00fctzstangen haben.<\/p>\n<p>Auf Reservierung stehen uns zur Verf\u00fcgung:<br \/>\n&#8211; Rollst\u00fchle (manuell und elektrisch)<br \/>\n&#8211; Kr\u00fccken<br \/>\n&#8211; Elektroroller<br \/>\n&#8211; Rollstuhl zum Gehen im Sand<\/p>\n","protected":false},"excerpt":{"rendered":"<p>Im Hotel Dunas de Sal verf\u00fcgen wir \u00fcber zwei teilweise angepasste Zimmer (Standardzimmer) f\u00fcr Personen mit eingeschr\u00e4nkter Mobilit\u00e4t. Diese Zimmer befinden sich im Erdgeschoss und bieten einfachen Zugang zu den wichtigsten Dienstleistungen des Hotels, n\u00e4mlich dem Restaurant\/Bar, der Rezeption und dem Garten\/Pool. Die Zimmer sind mit einer ebenerdigen Dusche und einem Duschstuhl ausgestattet. Beachten Sie, [&hellip;]<\/p>\n","protected":false},"author":8,"featured_media":0,"parent":0,"menu_order":500,"comment_status":"closed","ping_status":"closed","template":"","meta":{"footnotes":""},"yoast_head":"<!-- This site is optimized with the Yoast SEO plugin v22.3 - https:\/\/yoast.com\/wordpress\/plugins\/seo\/ -->\n<title>Barrierefreiheit &#8226; Dunas de Sal Design Hotel &#8226;<\/title>\n<meta name=\"description\" content=\"Im Hotel Dunas de Sal verf\u00fcgen wir \u00fcber zwei teilweise angepasste Zimmer (Standardzimmer) f\u00fcr Personen mit eingeschr\u00e4nkter Mobilit\u00e4t.  Diese Zimmer befinden sich im Erdgeschoss und bieten einfachen Zugang zu den wichtigsten Dienstleistungen des Hotels, n\u00e4mlich dem Restaurant\/Bar, der Rezeption und dem Garten\/Pool.  Die Zimmer sind mit einer ebenerdigen Dusche und einem Duschstuhl ausgestattet. Beachten Sie, dass sie keine St\u00fctzstangen haben.  Auf Reservierung stehen uns zur Verf\u00fcgung: - Rollst\u00fchle (manuell und elektrisch) - Kr\u00fccken - Elektroroller - Rollstuhl zum Gehen im Sand\" \/>\n<meta name=\"robots\" content=\"index, follow, max-snippet:-1, max-image-preview:large, max-video-preview:-1\" \/>\n<link rel=\"canonical\" href=\"https:\/\/www.hoteldunasdesal.com\/de\/barrierefreiheit\/\" \/>\n<meta property=\"og:locale\" content=\"de_DE\" \/>\n<meta property=\"og:type\" content=\"article\" \/>\n<meta property=\"og:title\" content=\"Barrierefreiheit &#8226; Dunas de Sal Design Hotel &#8226;\" \/>\n<meta property=\"og:description\" content=\"Im Hotel Dunas de Sal verf\u00fcgen wir \u00fcber zwei teilweise angepasste Zimmer (Standardzimmer) f\u00fcr Personen mit eingeschr\u00e4nkter Mobilit\u00e4t.  Diese Zimmer befinden sich im Erdgeschoss und bieten einfachen Zugang zu den wichtigsten Dienstleistungen des Hotels, n\u00e4mlich dem Restaurant\/Bar, der Rezeption und dem Garten\/Pool.  Die Zimmer sind mit einer ebenerdigen Dusche und einem Duschstuhl ausgestattet. Beachten Sie, dass sie keine St\u00fctzstangen haben.  Auf Reservierung stehen uns zur Verf\u00fcgung: - Rollst\u00fchle (manuell und elektrisch) - Kr\u00fccken - Elektroroller - Rollstuhl zum Gehen im Sand\" \/>\n<meta property=\"og:url\" content=\"https:\/\/www.hoteldunasdesal.com\/de\/barrierefreiheit\/\" \/>\n<meta property=\"og:site_name\" content=\"Dunas de Sal Design Hotel\" \/>\n<meta property=\"article:publisher\" content=\"https:\/\/www.facebook.com\/dunasdesalhotel\" \/>\n<meta property=\"article:modified_time\" content=\"2025-03-04T15:17:19+00:00\" \/>\n<meta property=\"og:image\" content=\"https:\/\/www.hoteldunasdesal.com\/wp-content\/uploads\/sites\/221\/2025\/03\/Hotel-Dunas-De-Sal-Cabo-Verde-2.jpg\" \/>\n\t<meta property=\"og:image:width\" content=\"2200\" \/>\n\t<meta property=\"og:image:height\" content=\"1466\" \/>\n\t<meta property=\"og:image:type\" content=\"image\/jpeg\" \/>\n<meta name=\"twitter:card\" content=\"summary_large_image\" \/>\n<meta name=\"twitter:label1\" content=\"Gesch\u00e4tzte Lesezeit\" \/>\n\t<meta name=\"twitter:data1\" content=\"1 Minute\" \/>\n<script type=\"application\/ld+json\" class=\"yoast-schema-graph\">{\"@context\":\"https:\/\/schema.org\",\"@graph\":[{\"@type\":\"WebPage\",\"@id\":\"https:\/\/www.hoteldunasdesal.com\/de\/barrierefreiheit\/\",\"url\":\"https:\/\/www.hoteldunasdesal.com\/de\/barrierefreiheit\/\",\"name\":\"Barrierefreiheit &#8226; Dunas de Sal Design Hotel &#8226;\",\"isPartOf\":{\"@id\":\"https:\/\/www.hoteldunasdesal.com\/de\/#website\"},\"datePublished\":\"2025-02-27T15:19:12+00:00\",\"dateModified\":\"2025-03-04T15:17:19+00:00\",\"description\":\"Im Hotel Dunas de Sal verf\u00fcgen wir \u00fcber zwei teilweise angepasste Zimmer (Standardzimmer) f\u00fcr Personen mit eingeschr\u00e4nkter Mobilit\u00e4t. Diese Zimmer befinden sich im Erdgeschoss und bieten einfachen Zugang zu den wichtigsten Dienstleistungen des Hotels, n\u00e4mlich dem Restaurant\/Bar, der Rezeption und dem Garten\/Pool. Die Zimmer sind mit einer ebenerdigen Dusche und einem Duschstuhl ausgestattet. Beachten Sie, dass sie keine St\u00fctzstangen haben. Auf Reservierung stehen uns zur Verf\u00fcgung: - Rollst\u00fchle (manuell und elektrisch) - Kr\u00fccken - Elektroroller - Rollstuhl zum Gehen im Sand\",\"breadcrumb\":{\"@id\":\"https:\/\/www.hoteldunasdesal.com\/de\/barrierefreiheit\/#breadcrumb\"},\"inLanguage\":\"de-DE\",\"potentialAction\":[{\"@type\":\"ReadAction\",\"target\":[\"https:\/\/www.hoteldunasdesal.com\/de\/barrierefreiheit\/\"]}]},{\"@type\":\"BreadcrumbList\",\"@id\":\"https:\/\/www.hoteldunasdesal.com\/de\/barrierefreiheit\/#breadcrumb\",\"itemListElement\":[{\"@type\":\"ListItem\",\"position\":1,\"name\":\"Home\",\"item\":\"https:\/\/www.hoteldunasdesal.com\/de\/\"},{\"@type\":\"ListItem\",\"position\":2,\"name\":\"Barrierefreiheit\"}]},{\"@type\":\"WebSite\",\"@id\":\"https:\/\/www.hoteldunasdesal.com\/de\/#website\",\"url\":\"https:\/\/www.hoteldunasdesal.com\/de\/\",\"name\":\"Dunas de Sal Design Hotel\",\"description\":\"\",\"publisher\":{\"@id\":\"https:\/\/www.hoteldunasdesal.com\/de\/#organization\"},\"potentialAction\":[{\"@type\":\"SearchAction\",\"target\":{\"@type\":\"EntryPoint\",\"urlTemplate\":\"https:\/\/www.hoteldunasdesal.com\/de\/?s={search_term_string}\"},\"query-input\":\"required name=search_term_string\"}],\"inLanguage\":\"de-DE\"},{\"@type\":\"Organization\",\"@id\":\"https:\/\/www.hoteldunasdesal.com\/de\/#organization\",\"name\":\"Dunas de Sal Design Hotel\",\"url\":\"https:\/\/www.hoteldunasdesal.com\/de\/\",\"logo\":{\"@type\":\"ImageObject\",\"inLanguage\":\"de-DE\",\"@id\":\"https:\/\/www.hoteldunasdesal.com\/de\/#\/schema\/logo\/image\/\",\"url\":\"https:\/\/www.hoteldunasdesal.com\/wp-content\/uploads\/sites\/221\/2025\/03\/logo-dunas-de-sal.png\",\"contentUrl\":\"https:\/\/www.hoteldunasdesal.com\/wp-content\/uploads\/sites\/221\/2025\/03\/logo-dunas-de-sal.png\",\"width\":2856,\"height\":495,\"caption\":\"Dunas de Sal Design Hotel\"},\"image\":{\"@id\":\"https:\/\/www.hoteldunasdesal.com\/de\/#\/schema\/logo\/image\/\"},\"sameAs\":[\"https:\/\/www.facebook.com\/dunasdesalhotel\",\"https:\/\/www.instagram.com\/hoteldunasdesal\/\"]}]}<\/script>\n<!-- \/ Yoast SEO plugin. -->","yoast_head_json":{"title":"Barrierefreiheit &#8226; Dunas de Sal Design Hotel &#8226;","description":"Im Hotel Dunas de Sal verf\u00fcgen wir \u00fcber zwei teilweise angepasste Zimmer (Standardzimmer) f\u00fcr Personen mit eingeschr\u00e4nkter Mobilit\u00e4t.  Diese Zimmer befinden sich im Erdgeschoss und bieten einfachen Zugang zu den wichtigsten Dienstleistungen des Hotels, n\u00e4mlich dem Restaurant\/Bar, der Rezeption und dem Garten\/Pool.  Die Zimmer sind mit einer ebenerdigen Dusche und einem Duschstuhl ausgestattet. Beachten Sie, dass sie keine St\u00fctzstangen haben.  Auf Reservierung stehen uns zur Verf\u00fcgung: - Rollst\u00fchle (manuell und elektrisch) - Kr\u00fccken - Elektroroller - Rollstuhl zum Gehen im Sand","robots":{"index":"index","follow":"follow","max-snippet":"max-snippet:-1","max-image-preview":"max-image-preview:large","max-video-preview":"max-video-preview:-1"},"canonical":"https:\/\/www.hoteldunasdesal.com\/de\/barrierefreiheit\/","og_locale":"de_DE","og_type":"article","og_title":"Barrierefreiheit &#8226; Dunas de Sal Design Hotel &#8226;","og_description":"Im Hotel Dunas de Sal verf\u00fcgen wir \u00fcber zwei teilweise angepasste Zimmer (Standardzimmer) f\u00fcr Personen mit eingeschr\u00e4nkter Mobilit\u00e4t.  Diese Zimmer befinden sich im Erdgeschoss und bieten einfachen Zugang zu den wichtigsten Dienstleistungen des Hotels, n\u00e4mlich dem Restaurant\/Bar, der Rezeption und dem Garten\/Pool.  Die Zimmer sind mit einer ebenerdigen Dusche und einem Duschstuhl ausgestattet. Beachten Sie, dass sie keine St\u00fctzstangen haben.  Auf Reservierung stehen uns zur Verf\u00fcgung: - Rollst\u00fchle (manuell und elektrisch) - Kr\u00fccken - Elektroroller - Rollstuhl zum Gehen im Sand","og_url":"https:\/\/www.hoteldunasdesal.com\/de\/barrierefreiheit\/","og_site_name":"Dunas de Sal Design Hotel","article_publisher":"https:\/\/www.facebook.com\/dunasdesalhotel","article_modified_time":"2025-03-04T15:17:19+00:00","og_image":[{"width":2200,"height":1466,"url":"https:\/\/www.hoteldunasdesal.com\/wp-content\/uploads\/sites\/221\/2025\/03\/Hotel-Dunas-De-Sal-Cabo-Verde-2.jpg","type":"image\/jpeg"}],"twitter_card":"summary_large_image","twitter_misc":{"Gesch\u00e4tzte Lesezeit":"1 Minute"},"schema":{"@context":"https:\/\/schema.org","@graph":[{"@type":"WebPage","@id":"https:\/\/www.hoteldunasdesal.com\/de\/barrierefreiheit\/","url":"https:\/\/www.hoteldunasdesal.com\/de\/barrierefreiheit\/","name":"Barrierefreiheit &#8226; Dunas de Sal Design Hotel &#8226;","isPartOf":{"@id":"https:\/\/www.hoteldunasdesal.com\/de\/#website"},"datePublished":"2025-02-27T15:19:12+00:00","dateModified":"2025-03-04T15:17:19+00:00","description":"Im Hotel Dunas de Sal verf\u00fcgen wir \u00fcber zwei teilweise angepasste Zimmer (Standardzimmer) f\u00fcr Personen mit eingeschr\u00e4nkter Mobilit\u00e4t. Diese Zimmer befinden sich im Erdgeschoss und bieten einfachen Zugang zu den wichtigsten Dienstleistungen des Hotels, n\u00e4mlich dem Restaurant\/Bar, der Rezeption und dem Garten\/Pool. Die Zimmer sind mit einer ebenerdigen Dusche und einem Duschstuhl ausgestattet. Beachten Sie, dass sie keine St\u00fctzstangen haben. Auf Reservierung stehen uns zur Verf\u00fcgung: - Rollst\u00fchle (manuell und elektrisch) - Kr\u00fccken - Elektroroller - Rollstuhl zum Gehen im Sand","breadcrumb":{"@id":"https:\/\/www.hoteldunasdesal.com\/de\/barrierefreiheit\/#breadcrumb"},"inLanguage":"de-DE","potentialAction":[{"@type":"ReadAction","target":["https:\/\/www.hoteldunasdesal.com\/de\/barrierefreiheit\/"]}]},{"@type":"BreadcrumbList","@id":"https:\/\/www.hoteldunasdesal.com\/de\/barrierefreiheit\/#breadcrumb","itemListElement":[{"@type":"ListItem","position":1,"name":"Home","item":"https:\/\/www.hoteldunasdesal.com\/de\/"},{"@type":"ListItem","position":2,"name":"Barrierefreiheit"}]},{"@type":"WebSite","@id":"https:\/\/www.hoteldunasdesal.com\/de\/#website","url":"https:\/\/www.hoteldunasdesal.com\/de\/","name":"Dunas de Sal Design Hotel","description":"","publisher":{"@id":"https:\/\/www.hoteldunasdesal.com\/de\/#organization"},"potentialAction":[{"@type":"SearchAction","target":{"@type":"EntryPoint","urlTemplate":"https:\/\/www.hoteldunasdesal.com\/de\/?s={search_term_string}"},"query-input":"required name=search_term_string"}],"inLanguage":"de-DE"},{"@type":"Organization","@id":"https:\/\/www.hoteldunasdesal.com\/de\/#organization","name":"Dunas de Sal Design Hotel","url":"https:\/\/www.hoteldunasdesal.com\/de\/","logo":{"@type":"ImageObject","inLanguage":"de-DE","@id":"https:\/\/www.hoteldunasdesal.com\/de\/#\/schema\/logo\/image\/","url":"https:\/\/www.hoteldunasdesal.com\/wp-content\/uploads\/sites\/221\/2025\/03\/logo-dunas-de-sal.png","contentUrl":"https:\/\/www.hoteldunasdesal.com\/wp-content\/uploads\/sites\/221\/2025\/03\/logo-dunas-de-sal.png","width":2856,"height":495,"caption":"Dunas de Sal Design Hotel"},"image":{"@id":"https:\/\/www.hoteldunasdesal.com\/de\/#\/schema\/logo\/image\/"},"sameAs":["https:\/\/www.facebook.com\/dunasdesalhotel","https:\/\/www.instagram.com\/hoteldunasdesal\/"]}]}},"acf":[],"_links":{"self":[{"href":"https:\/\/www.hoteldunasdesal.com\/de\/wp-json\/wp\/v2\/pages\/208"}],"collection":[{"href":"https:\/\/www.hoteldunasdesal.com\/de\/wp-json\/wp\/v2\/pages"}],"about":[{"href":"https:\/\/www.hoteldunasdesal.com\/de\/wp-json\/wp\/v2\/types\/page"}],"author":[{"embeddable":true,"href":"https:\/\/www.hoteldunasdesal.com\/de\/wp-json\/wp\/v2\/users\/8"}],"replies":[{"embeddable":true,"href":"https:\/\/www.hoteldunasdesal.com\/de\/wp-json\/wp\/v2\/comments?post=208"}],"version-history":[{"count":0,"href":"https:\/\/www.hoteldunasdesal.com\/de\/wp-json\/wp\/v2\/pages\/208\/revisions"}],"wp:attachment":[{"href":"https:\/\/www.hoteldunasdesal.com\/de\/wp-json\/wp\/v2\/media?parent=208"}],"curies":[{"name":"wp","href":"https:\/\/api.w.org\/{rel}","templated":true}]}}