{"id":200,"date":"2025-03-03T11:08:28","date_gmt":"2025-03-03T11:08:28","guid":{"rendered":"https:\/\/dunas-de-sal-capeverde.ms2.decms.eu\/estilo-de-vida\/"},"modified":"2025-03-04T14:40:18","modified_gmt":"2025-03-04T14:40:18","slug":"unser-lebensstil","status":"publish","type":"page","link":"https:\/\/www.hoteldunasdesal.com\/de\/unser-lebensstil\/","title":{"rendered":"Unser Lebensstil"},"content":{"rendered":"<p>In Dunas de Sal m\u00f6chten wir den G\u00e4sten ein exotisches Erlebnis bieten.<\/p>\n<p>Deshalb empfehlen wir Ihnen, die ganze Insel zu erkunden, die Menschen und ihre Br\u00e4uche kennenzulernen, die Welt der Tiefen des Meeres zu entdecken, Abenteuer in den K\u00fcstend\u00fcnen in der Salzinselw\u00fcste zu erleben, und sich mit einem Gef\u00fchl des Wohlbefindens und der Verbundenheit mit der Gegenwart zu entspannen, im reinsten kapverdischen Stil.<\/p>\n<p><strong>Erleben Sie ein einzigartiges Erlebnis!<\/strong><\/p>\n<p>Ein Tag auf der Insel Sal kann nicht ohne ein gutes Fr\u00fchst\u00fcck beginnen, vorzugsweise mit dem traditionellen Cachupa-Eintopf mit gebratenem Fisch, &#8222;Chouri\u00e7o de terra&#8220; oder Spiegelei, die notwendige Ern\u00e4hrung f\u00fcr einen langen Morgen mit Sonne und Meer am paradiesischen Strand von Santa Maria.<\/p>\n<p>Dort erinnert sich der Tourist daran, dass er beschlossen hat, seine Reise nach Sal zu buchen, mit einem wei\u00dfen und warmen Sand, der vom hypnotisierenden t\u00fcrkisfarbenen Meer bei der perfekten Temperatur gebadet wird, um den K\u00f6rper zu erfrischen.<\/p>\n<p>Im Koffer braucht man nicht viel, leichte Kleidung, Sandalen und Badeanzug, Hut und Sonnenbrille und ein leeres Buch, um Erinnerungen zu f\u00fcllen.<\/p>\n","protected":false},"excerpt":{"rendered":"<p>In Dunas de Sal m\u00f6chten wir den G\u00e4sten ein exotisches Erlebnis bieten. Deshalb empfehlen wir Ihnen, die ganze Insel zu erkunden, die Menschen und ihre Br\u00e4uche kennenzulernen, die Welt der Tiefen des Meeres zu entdecken, Abenteuer in den K\u00fcstend\u00fcnen in der Salzinselw\u00fcste zu erleben, und sich mit einem Gef\u00fchl des Wohlbefindens und der Verbundenheit mit [&hellip;]<\/p>\n","protected":false},"author":8,"featured_media":0,"parent":0,"menu_order":50,"comment_status":"closed","ping_status":"closed","template":"","meta":{"footnotes":""},"yoast_head":"<!-- This site is optimized with the Yoast SEO plugin v22.3 - https:\/\/yoast.com\/wordpress\/plugins\/seo\/ -->\n<title>Unser Lebensstil &#8226; Dunas de Sal Design Hotel &#8226;<\/title>\n<meta name=\"description\" content=\"In Dunas de Sal m\u00f6chten wir den G\u00e4sten ein exotisches Erlebnis bieten.  Deshalb empfehlen wir Ihnen, die ganze Insel zu erkunden, die Menschen und ihre Br\u00e4uche kennenzulernen, die Welt der Tiefen des Meeres zu entdecken, Abenteuer in den K\u00fcstend\u00fcnen in der Salzinselw\u00fcste zu erleben, und sich mit einem Gef\u00fchl des Wohlbefindens und der Verbundenheit mit der Gegenwart zu entspannen, im reinsten kapverdischen Stil.  Erleben Sie ein einzigartiges Erlebnis!  Ein Tag auf der Insel Sal kann nicht ohne ein gutes Fr\u00fchst\u00fcck beginnen, vorzugsweise mit dem traditionellen Cachupa-Eintopf mit gebratenem Fisch, &quot;Chouri\u00e7o de terra&quot; oder Spiegelei, die notwendige Ern\u00e4hrung f\u00fcr einen langen Morgen mit Sonne und Meer am paradiesischen Strand von Santa Maria.  Dort erinnert sich der Tourist daran, dass er beschlossen hat, seine Reise nach Sal zu buchen, mit einem wei\u00dfen und warmen Sand, der vom hypnotisierenden t\u00fcrkisfarbenen Meer bei der perfekten Temperatur gebadet wird, um den K\u00f6rper zu erfrischen.  Im Koffer braucht man nicht viel, leichte Kleidung, Sandalen und Badeanzug, Hut und Sonnenbrille und ein leeres Buch, um Erinnerungen zu f\u00fcllen..\" \/>\n<meta name=\"robots\" content=\"index, follow, max-snippet:-1, max-image-preview:large, max-video-preview:-1\" \/>\n<link rel=\"canonical\" href=\"https:\/\/www.hoteldunasdesal.com\/de\/unser-lebensstil\/\" \/>\n<meta property=\"og:locale\" content=\"de_DE\" \/>\n<meta property=\"og:type\" content=\"article\" \/>\n<meta property=\"og:title\" content=\"Unser Lebensstil &#8226; Dunas de Sal Design Hotel &#8226;\" \/>\n<meta property=\"og:description\" content=\"In Dunas de Sal m\u00f6chten wir den G\u00e4sten ein exotisches Erlebnis bieten.  Deshalb empfehlen wir Ihnen, die ganze Insel zu erkunden, die Menschen und ihre Br\u00e4uche kennenzulernen, die Welt der Tiefen des Meeres zu entdecken, Abenteuer in den K\u00fcstend\u00fcnen in der Salzinselw\u00fcste zu erleben, und sich mit einem Gef\u00fchl des Wohlbefindens und der Verbundenheit mit der Gegenwart zu entspannen, im reinsten kapverdischen Stil.  Erleben Sie ein einzigartiges Erlebnis!  Ein Tag auf der Insel Sal kann nicht ohne ein gutes Fr\u00fchst\u00fcck beginnen, vorzugsweise mit dem traditionellen Cachupa-Eintopf mit gebratenem Fisch, &quot;Chouri\u00e7o de terra&quot; oder Spiegelei, die notwendige Ern\u00e4hrung f\u00fcr einen langen Morgen mit Sonne und Meer am paradiesischen Strand von Santa Maria.  Dort erinnert sich der Tourist daran, dass er beschlossen hat, seine Reise nach Sal zu buchen, mit einem wei\u00dfen und warmen Sand, der vom hypnotisierenden t\u00fcrkisfarbenen Meer bei der perfekten Temperatur gebadet wird, um den K\u00f6rper zu erfrischen.  Im Koffer braucht man nicht viel, leichte Kleidung, Sandalen und Badeanzug, Hut und Sonnenbrille und ein leeres Buch, um Erinnerungen zu f\u00fcllen..\" \/>\n<meta property=\"og:url\" content=\"https:\/\/www.hoteldunasdesal.com\/de\/unser-lebensstil\/\" \/>\n<meta property=\"og:site_name\" content=\"Dunas de Sal Design Hotel\" \/>\n<meta property=\"article:publisher\" content=\"https:\/\/www.facebook.com\/dunasdesalhotel\" \/>\n<meta property=\"article:modified_time\" content=\"2025-03-04T14:40:18+00:00\" \/>\n<meta property=\"og:image\" content=\"https:\/\/www.hoteldunasdesal.com\/wp-content\/uploads\/sites\/221\/2025\/03\/Hotel-Dunas-De-Sal-Cabo-Verde-2.jpg\" \/>\n\t<meta property=\"og:image:width\" content=\"2200\" \/>\n\t<meta property=\"og:image:height\" content=\"1466\" \/>\n\t<meta property=\"og:image:type\" content=\"image\/jpeg\" \/>\n<meta name=\"twitter:card\" content=\"summary_large_image\" \/>\n<meta name=\"twitter:label1\" content=\"Gesch\u00e4tzte Lesezeit\" \/>\n\t<meta name=\"twitter:data1\" content=\"1 Minute\" \/>\n<script type=\"application\/ld+json\" class=\"yoast-schema-graph\">{\"@context\":\"https:\/\/schema.org\",\"@graph\":[{\"@type\":\"WebPage\",\"@id\":\"https:\/\/www.hoteldunasdesal.com\/de\/unser-lebensstil\/\",\"url\":\"https:\/\/www.hoteldunasdesal.com\/de\/unser-lebensstil\/\",\"name\":\"Unser Lebensstil &#8226; Dunas de Sal Design Hotel &#8226;\",\"isPartOf\":{\"@id\":\"https:\/\/www.hoteldunasdesal.com\/de\/#website\"},\"datePublished\":\"2025-03-03T11:08:28+00:00\",\"dateModified\":\"2025-03-04T14:40:18+00:00\",\"description\":\"In Dunas de Sal m\u00f6chten wir den G\u00e4sten ein exotisches Erlebnis bieten. Deshalb empfehlen wir Ihnen, die ganze Insel zu erkunden, die Menschen und ihre Br\u00e4uche kennenzulernen, die Welt der Tiefen des Meeres zu entdecken, Abenteuer in den K\u00fcstend\u00fcnen in der Salzinselw\u00fcste zu erleben, und sich mit einem Gef\u00fchl des Wohlbefindens und der Verbundenheit mit der Gegenwart zu entspannen, im reinsten kapverdischen Stil. Erleben Sie ein einzigartiges Erlebnis! Ein Tag auf der Insel Sal kann nicht ohne ein gutes Fr\u00fchst\u00fcck beginnen, vorzugsweise mit dem traditionellen Cachupa-Eintopf mit gebratenem Fisch, \\\"Chouri\u00e7o de terra\\\" oder Spiegelei, die notwendige Ern\u00e4hrung f\u00fcr einen langen Morgen mit Sonne und Meer am paradiesischen Strand von Santa Maria. Dort erinnert sich der Tourist daran, dass er beschlossen hat, seine Reise nach Sal zu buchen, mit einem wei\u00dfen und warmen Sand, der vom hypnotisierenden t\u00fcrkisfarbenen Meer bei der perfekten Temperatur gebadet wird, um den K\u00f6rper zu erfrischen. Im Koffer braucht man nicht viel, leichte Kleidung, Sandalen und Badeanzug, Hut und Sonnenbrille und ein leeres Buch, um Erinnerungen zu f\u00fcllen..\",\"breadcrumb\":{\"@id\":\"https:\/\/www.hoteldunasdesal.com\/de\/unser-lebensstil\/#breadcrumb\"},\"inLanguage\":\"de-DE\",\"potentialAction\":[{\"@type\":\"ReadAction\",\"target\":[\"https:\/\/www.hoteldunasdesal.com\/de\/unser-lebensstil\/\"]}]},{\"@type\":\"BreadcrumbList\",\"@id\":\"https:\/\/www.hoteldunasdesal.com\/de\/unser-lebensstil\/#breadcrumb\",\"itemListElement\":[{\"@type\":\"ListItem\",\"position\":1,\"name\":\"Home\",\"item\":\"https:\/\/www.hoteldunasdesal.com\/de\/\"},{\"@type\":\"ListItem\",\"position\":2,\"name\":\"Unser Lebensstil\"}]},{\"@type\":\"WebSite\",\"@id\":\"https:\/\/www.hoteldunasdesal.com\/de\/#website\",\"url\":\"https:\/\/www.hoteldunasdesal.com\/de\/\",\"name\":\"Dunas de Sal Design Hotel\",\"description\":\"\",\"publisher\":{\"@id\":\"https:\/\/www.hoteldunasdesal.com\/de\/#organization\"},\"potentialAction\":[{\"@type\":\"SearchAction\",\"target\":{\"@type\":\"EntryPoint\",\"urlTemplate\":\"https:\/\/www.hoteldunasdesal.com\/de\/?s={search_term_string}\"},\"query-input\":\"required name=search_term_string\"}],\"inLanguage\":\"de-DE\"},{\"@type\":\"Organization\",\"@id\":\"https:\/\/www.hoteldunasdesal.com\/de\/#organization\",\"name\":\"Dunas de Sal Design Hotel\",\"url\":\"https:\/\/www.hoteldunasdesal.com\/de\/\",\"logo\":{\"@type\":\"ImageObject\",\"inLanguage\":\"de-DE\",\"@id\":\"https:\/\/www.hoteldunasdesal.com\/de\/#\/schema\/logo\/image\/\",\"url\":\"https:\/\/www.hoteldunasdesal.com\/wp-content\/uploads\/sites\/221\/2025\/03\/logo-dunas-de-sal.png\",\"contentUrl\":\"https:\/\/www.hoteldunasdesal.com\/wp-content\/uploads\/sites\/221\/2025\/03\/logo-dunas-de-sal.png\",\"width\":2856,\"height\":495,\"caption\":\"Dunas de Sal Design Hotel\"},\"image\":{\"@id\":\"https:\/\/www.hoteldunasdesal.com\/de\/#\/schema\/logo\/image\/\"},\"sameAs\":[\"https:\/\/www.facebook.com\/dunasdesalhotel\",\"https:\/\/www.instagram.com\/hoteldunasdesal\/\"]}]}<\/script>\n<!-- \/ Yoast SEO plugin. -->","yoast_head_json":{"title":"Unser Lebensstil &#8226; Dunas de Sal Design Hotel &#8226;","description":"In Dunas de Sal m\u00f6chten wir den G\u00e4sten ein exotisches Erlebnis bieten.  Deshalb empfehlen wir Ihnen, die ganze Insel zu erkunden, die Menschen und ihre Br\u00e4uche kennenzulernen, die Welt der Tiefen des Meeres zu entdecken, Abenteuer in den K\u00fcstend\u00fcnen in der Salzinselw\u00fcste zu erleben, und sich mit einem Gef\u00fchl des Wohlbefindens und der Verbundenheit mit der Gegenwart zu entspannen, im reinsten kapverdischen Stil.  Erleben Sie ein einzigartiges Erlebnis!  Ein Tag auf der Insel Sal kann nicht ohne ein gutes Fr\u00fchst\u00fcck beginnen, vorzugsweise mit dem traditionellen Cachupa-Eintopf mit gebratenem Fisch, \"Chouri\u00e7o de terra\" oder Spiegelei, die notwendige Ern\u00e4hrung f\u00fcr einen langen Morgen mit Sonne und Meer am paradiesischen Strand von Santa Maria.  Dort erinnert sich der Tourist daran, dass er beschlossen hat, seine Reise nach Sal zu buchen, mit einem wei\u00dfen und warmen Sand, der vom hypnotisierenden t\u00fcrkisfarbenen Meer bei der perfekten Temperatur gebadet wird, um den K\u00f6rper zu erfrischen.  Im Koffer braucht man nicht viel, leichte Kleidung, Sandalen und Badeanzug, Hut und Sonnenbrille und ein leeres Buch, um Erinnerungen zu f\u00fcllen..","robots":{"index":"index","follow":"follow","max-snippet":"max-snippet:-1","max-image-preview":"max-image-preview:large","max-video-preview":"max-video-preview:-1"},"canonical":"https:\/\/www.hoteldunasdesal.com\/de\/unser-lebensstil\/","og_locale":"de_DE","og_type":"article","og_title":"Unser Lebensstil &#8226; Dunas de Sal Design Hotel &#8226;","og_description":"In Dunas de Sal m\u00f6chten wir den G\u00e4sten ein exotisches Erlebnis bieten.  Deshalb empfehlen wir Ihnen, die ganze Insel zu erkunden, die Menschen und ihre Br\u00e4uche kennenzulernen, die Welt der Tiefen des Meeres zu entdecken, Abenteuer in den K\u00fcstend\u00fcnen in der Salzinselw\u00fcste zu erleben, und sich mit einem Gef\u00fchl des Wohlbefindens und der Verbundenheit mit der Gegenwart zu entspannen, im reinsten kapverdischen Stil.  Erleben Sie ein einzigartiges Erlebnis!  Ein Tag auf der Insel Sal kann nicht ohne ein gutes Fr\u00fchst\u00fcck beginnen, vorzugsweise mit dem traditionellen Cachupa-Eintopf mit gebratenem Fisch, \"Chouri\u00e7o de terra\" oder Spiegelei, die notwendige Ern\u00e4hrung f\u00fcr einen langen Morgen mit Sonne und Meer am paradiesischen Strand von Santa Maria.  Dort erinnert sich der Tourist daran, dass er beschlossen hat, seine Reise nach Sal zu buchen, mit einem wei\u00dfen und warmen Sand, der vom hypnotisierenden t\u00fcrkisfarbenen Meer bei der perfekten Temperatur gebadet wird, um den K\u00f6rper zu erfrischen.  Im Koffer braucht man nicht viel, leichte Kleidung, Sandalen und Badeanzug, Hut und Sonnenbrille und ein leeres Buch, um Erinnerungen zu f\u00fcllen..","og_url":"https:\/\/www.hoteldunasdesal.com\/de\/unser-lebensstil\/","og_site_name":"Dunas de Sal Design Hotel","article_publisher":"https:\/\/www.facebook.com\/dunasdesalhotel","article_modified_time":"2025-03-04T14:40:18+00:00","og_image":[{"width":2200,"height":1466,"url":"https:\/\/www.hoteldunasdesal.com\/wp-content\/uploads\/sites\/221\/2025\/03\/Hotel-Dunas-De-Sal-Cabo-Verde-2.jpg","type":"image\/jpeg"}],"twitter_card":"summary_large_image","twitter_misc":{"Gesch\u00e4tzte Lesezeit":"1 Minute"},"schema":{"@context":"https:\/\/schema.org","@graph":[{"@type":"WebPage","@id":"https:\/\/www.hoteldunasdesal.com\/de\/unser-lebensstil\/","url":"https:\/\/www.hoteldunasdesal.com\/de\/unser-lebensstil\/","name":"Unser Lebensstil &#8226; Dunas de Sal Design Hotel &#8226;","isPartOf":{"@id":"https:\/\/www.hoteldunasdesal.com\/de\/#website"},"datePublished":"2025-03-03T11:08:28+00:00","dateModified":"2025-03-04T14:40:18+00:00","description":"In Dunas de Sal m\u00f6chten wir den G\u00e4sten ein exotisches Erlebnis bieten. Deshalb empfehlen wir Ihnen, die ganze Insel zu erkunden, die Menschen und ihre Br\u00e4uche kennenzulernen, die Welt der Tiefen des Meeres zu entdecken, Abenteuer in den K\u00fcstend\u00fcnen in der Salzinselw\u00fcste zu erleben, und sich mit einem Gef\u00fchl des Wohlbefindens und der Verbundenheit mit der Gegenwart zu entspannen, im reinsten kapverdischen Stil. Erleben Sie ein einzigartiges Erlebnis! Ein Tag auf der Insel Sal kann nicht ohne ein gutes Fr\u00fchst\u00fcck beginnen, vorzugsweise mit dem traditionellen Cachupa-Eintopf mit gebratenem Fisch, \"Chouri\u00e7o de terra\" oder Spiegelei, die notwendige Ern\u00e4hrung f\u00fcr einen langen Morgen mit Sonne und Meer am paradiesischen Strand von Santa Maria. Dort erinnert sich der Tourist daran, dass er beschlossen hat, seine Reise nach Sal zu buchen, mit einem wei\u00dfen und warmen Sand, der vom hypnotisierenden t\u00fcrkisfarbenen Meer bei der perfekten Temperatur gebadet wird, um den K\u00f6rper zu erfrischen. Im Koffer braucht man nicht viel, leichte Kleidung, Sandalen und Badeanzug, Hut und Sonnenbrille und ein leeres Buch, um Erinnerungen zu f\u00fcllen..","breadcrumb":{"@id":"https:\/\/www.hoteldunasdesal.com\/de\/unser-lebensstil\/#breadcrumb"},"inLanguage":"de-DE","potentialAction":[{"@type":"ReadAction","target":["https:\/\/www.hoteldunasdesal.com\/de\/unser-lebensstil\/"]}]},{"@type":"BreadcrumbList","@id":"https:\/\/www.hoteldunasdesal.com\/de\/unser-lebensstil\/#breadcrumb","itemListElement":[{"@type":"ListItem","position":1,"name":"Home","item":"https:\/\/www.hoteldunasdesal.com\/de\/"},{"@type":"ListItem","position":2,"name":"Unser Lebensstil"}]},{"@type":"WebSite","@id":"https:\/\/www.hoteldunasdesal.com\/de\/#website","url":"https:\/\/www.hoteldunasdesal.com\/de\/","name":"Dunas de Sal Design Hotel","description":"","publisher":{"@id":"https:\/\/www.hoteldunasdesal.com\/de\/#organization"},"potentialAction":[{"@type":"SearchAction","target":{"@type":"EntryPoint","urlTemplate":"https:\/\/www.hoteldunasdesal.com\/de\/?s={search_term_string}"},"query-input":"required name=search_term_string"}],"inLanguage":"de-DE"},{"@type":"Organization","@id":"https:\/\/www.hoteldunasdesal.com\/de\/#organization","name":"Dunas de Sal Design Hotel","url":"https:\/\/www.hoteldunasdesal.com\/de\/","logo":{"@type":"ImageObject","inLanguage":"de-DE","@id":"https:\/\/www.hoteldunasdesal.com\/de\/#\/schema\/logo\/image\/","url":"https:\/\/www.hoteldunasdesal.com\/wp-content\/uploads\/sites\/221\/2025\/03\/logo-dunas-de-sal.png","contentUrl":"https:\/\/www.hoteldunasdesal.com\/wp-content\/uploads\/sites\/221\/2025\/03\/logo-dunas-de-sal.png","width":2856,"height":495,"caption":"Dunas de Sal Design Hotel"},"image":{"@id":"https:\/\/www.hoteldunasdesal.com\/de\/#\/schema\/logo\/image\/"},"sameAs":["https:\/\/www.facebook.com\/dunasdesalhotel","https:\/\/www.instagram.com\/hoteldunasdesal\/"]}]}},"acf":[],"_links":{"self":[{"href":"https:\/\/www.hoteldunasdesal.com\/de\/wp-json\/wp\/v2\/pages\/200"}],"collection":[{"href":"https:\/\/www.hoteldunasdesal.com\/de\/wp-json\/wp\/v2\/pages"}],"about":[{"href":"https:\/\/www.hoteldunasdesal.com\/de\/wp-json\/wp\/v2\/types\/page"}],"author":[{"embeddable":true,"href":"https:\/\/www.hoteldunasdesal.com\/de\/wp-json\/wp\/v2\/users\/8"}],"replies":[{"embeddable":true,"href":"https:\/\/www.hoteldunasdesal.com\/de\/wp-json\/wp\/v2\/comments?post=200"}],"version-history":[{"count":0,"href":"https:\/\/www.hoteldunasdesal.com\/de\/wp-json\/wp\/v2\/pages\/200\/revisions"}],"wp:attachment":[{"href":"https:\/\/www.hoteldunasdesal.com\/de\/wp-json\/wp\/v2\/media?parent=200"}],"curies":[{"name":"wp","href":"https:\/\/api.w.org\/{rel}","templated":true}]}}