{"id":157,"date":"2025-02-26T11:49:15","date_gmt":"2025-02-26T11:49:15","guid":{"rendered":"https:\/\/dunas-de-sal-capeverde.ms2.decms.eu\/zimmer-und-suites\/quarto-duplo-twin-com-vista-jardim\/"},"modified":"2025-03-04T09:56:43","modified_gmt":"2025-03-04T09:56:43","slug":"doppel-twinzimmer-mit-blick-auf-den-garten","status":"publish","type":"page","link":"https:\/\/www.hoteldunasdesal.com\/de\/zimmer-und-suites\/doppel-twinzimmer-mit-blick-auf-den-garten\/","title":{"rendered":"Doppel-\/Twinzimmer mit Blick auf den Garten"},"content":{"rendered":"<p>Diese im Erdgeschoss oder im ersten Stock gelegenen Zimmer sind mit einem Doppelbett oder zwei Einzelbetten mit orthop\u00e4dischen Matratzen sowie Bettw\u00e4sche und Kissen aus antiallergischem und schwei\u00dfhemmendem Material ausgestattet.<\/p>\n<p>Minibar, W\u00e4scheservice und Safe sind nicht im Preis enthalten und werden separat berechnet.<\/p>\n<p>Dieser Zimmertyp bietet Platz f\u00fcr maximal 3 Personen, darunter ein Zusatzbett (gegen Aufpreis) oder ein Kinderbett (kostenlos).<\/p>\n<p>Minderj\u00e4hrige d\u00fcrfen nicht ohne die Aufsicht von Erwachsenen \u00fcbernachten.<\/p>\n","protected":false},"excerpt":{"rendered":"<p>Diese im Erdgeschoss oder im ersten Stock gelegenen Zimmer sind mit einem Doppelbett oder zwei Einzelbetten mit orthop\u00e4dischen Matratzen sowie Bettw\u00e4sche und Kissen aus antiallergischem und schwei\u00dfhemmendem Material ausgestattet. Minibar, W\u00e4scheservice und Safe sind nicht im Preis enthalten und werden separat berechnet. Dieser Zimmertyp bietet Platz f\u00fcr maximal 3 Personen, darunter ein Zusatzbett (gegen Aufpreis) [&hellip;]<\/p>\n","protected":false},"author":8,"featured_media":0,"parent":122,"menu_order":0,"comment_status":"closed","ping_status":"closed","template":"template-single-room.php","meta":{"footnotes":""},"class_list":["post-157","page","type-page","status-publish","hentry"],"yoast_head":"<!-- This site is optimized with the Yoast SEO plugin v27.3 - https:\/\/yoast.com\/product\/yoast-seo-wordpress\/ -->\n<title>Doppel-\/Twinzimmer mit Blick auf den Garten &#8226; Dunas de Sal Design Hotel &#8226;<\/title>\n<meta name=\"description\" content=\"Diese im Erdgeschoss oder im ersten Stock gelegenen Zimmer sind mit einem Doppelbett oder zwei Einzelbetten mit orthop\u00e4dischen Matratzen sowie Bettw\u00e4sche und Kissen aus antiallergischem und schwei\u00dfhemmendem Material ausgestattet.  Minibar, W\u00e4scheservice und Safe sind nicht im Preis enthalten und werden separat berechnet.  Dieser Zimmertyp bietet Platz f\u00fcr maximal 3 Personen, darunter ein Zusatzbett (gegen Aufpreis) oder ein Kinderbett (kostenlos).  Minderj\u00e4hrige d\u00fcrfen nicht ohne die Aufsicht von Erwachsenen \u00fcbernachten..\" \/>\n<meta name=\"robots\" content=\"index, follow, max-snippet:-1, max-image-preview:large, max-video-preview:-1\" \/>\n<link rel=\"canonical\" href=\"https:\/\/www.hoteldunasdesal.com\/de\/zimmer-und-suites\/doppel-twinzimmer-mit-blick-auf-den-garten\/\" \/>\n<meta property=\"og:locale\" content=\"de_DE\" \/>\n<meta property=\"og:type\" content=\"article\" \/>\n<meta property=\"og:title\" content=\"Doppel-\/Twinzimmer mit Blick auf den Garten &#8226; Dunas de Sal Design Hotel &#8226;\" \/>\n<meta property=\"og:description\" content=\"Diese im Erdgeschoss oder im ersten Stock gelegenen Zimmer sind mit einem Doppelbett oder zwei Einzelbetten mit orthop\u00e4dischen Matratzen sowie Bettw\u00e4sche und Kissen aus antiallergischem und schwei\u00dfhemmendem Material ausgestattet.  Minibar, W\u00e4scheservice und Safe sind nicht im Preis enthalten und werden separat berechnet.  Dieser Zimmertyp bietet Platz f\u00fcr maximal 3 Personen, darunter ein Zusatzbett (gegen Aufpreis) oder ein Kinderbett (kostenlos).  Minderj\u00e4hrige d\u00fcrfen nicht ohne die Aufsicht von Erwachsenen \u00fcbernachten..\" \/>\n<meta property=\"og:url\" content=\"https:\/\/www.hoteldunasdesal.com\/de\/zimmer-und-suites\/doppel-twinzimmer-mit-blick-auf-den-garten\/\" \/>\n<meta property=\"og:site_name\" content=\"Dunas de Sal Design Hotel\" \/>\n<meta property=\"article:publisher\" content=\"https:\/\/www.facebook.com\/dunasdesalhotel\" \/>\n<meta property=\"article:modified_time\" content=\"2025-03-04T09:56:43+00:00\" \/>\n<meta property=\"og:image\" content=\"https:\/\/www.hoteldunasdesal.com\/wp-content\/uploads\/sites\/221\/2025\/03\/Hotel-Dunas-De-Sal-Cabo-Verde-2.jpg\" \/>\n\t<meta property=\"og:image:width\" content=\"2200\" \/>\n\t<meta property=\"og:image:height\" content=\"1466\" \/>\n\t<meta property=\"og:image:type\" content=\"image\/jpeg\" \/>\n<meta name=\"twitter:card\" content=\"summary_large_image\" \/>\n<meta name=\"twitter:label1\" content=\"Gesch\u00e4tzte Lesezeit\" \/>\n\t<meta name=\"twitter:data1\" content=\"1 Minute\" \/>\n<script type=\"application\/ld+json\" class=\"yoast-schema-graph\">{\"@context\":\"https:\\\/\\\/schema.org\",\"@graph\":[{\"@type\":\"WebPage\",\"@id\":\"https:\\\/\\\/www.hoteldunasdesal.com\\\/de\\\/zimmer-und-suites\\\/doppel-twinzimmer-mit-blick-auf-den-garten\\\/\",\"url\":\"https:\\\/\\\/www.hoteldunasdesal.com\\\/de\\\/zimmer-und-suites\\\/doppel-twinzimmer-mit-blick-auf-den-garten\\\/\",\"name\":\"Doppel-\\\/Twinzimmer mit Blick auf den Garten &#8226; Dunas de Sal Design Hotel &#8226;\",\"isPartOf\":{\"@id\":\"https:\\\/\\\/www.hoteldunasdesal.com\\\/de\\\/#website\"},\"datePublished\":\"2025-02-26T11:49:15+00:00\",\"dateModified\":\"2025-03-04T09:56:43+00:00\",\"description\":\"Diese im Erdgeschoss oder im ersten Stock gelegenen Zimmer sind mit einem Doppelbett oder zwei Einzelbetten mit orthop\u00e4dischen Matratzen sowie Bettw\u00e4sche und Kissen aus antiallergischem und schwei\u00dfhemmendem Material ausgestattet. Minibar, W\u00e4scheservice und Safe sind nicht im Preis enthalten und werden separat berechnet. Dieser Zimmertyp bietet Platz f\u00fcr maximal 3 Personen, darunter ein Zusatzbett (gegen Aufpreis) oder ein Kinderbett (kostenlos). Minderj\u00e4hrige d\u00fcrfen nicht ohne die Aufsicht von Erwachsenen \u00fcbernachten..\",\"breadcrumb\":{\"@id\":\"https:\\\/\\\/www.hoteldunasdesal.com\\\/de\\\/zimmer-und-suites\\\/doppel-twinzimmer-mit-blick-auf-den-garten\\\/#breadcrumb\"},\"inLanguage\":\"de-DE\",\"potentialAction\":[{\"@type\":\"ReadAction\",\"target\":[\"https:\\\/\\\/www.hoteldunasdesal.com\\\/de\\\/zimmer-und-suites\\\/doppel-twinzimmer-mit-blick-auf-den-garten\\\/\"]}]},{\"@type\":\"BreadcrumbList\",\"@id\":\"https:\\\/\\\/www.hoteldunasdesal.com\\\/de\\\/zimmer-und-suites\\\/doppel-twinzimmer-mit-blick-auf-den-garten\\\/#breadcrumb\",\"itemListElement\":[{\"@type\":\"ListItem\",\"position\":1,\"name\":\"Home\",\"item\":\"https:\\\/\\\/www.hoteldunasdesal.com\\\/de\\\/\"},{\"@type\":\"ListItem\",\"position\":2,\"name\":\"Zimmer und Suites\",\"item\":\"https:\\\/\\\/www.hoteldunasdesal.com\\\/de\\\/quartos-e-suites\\\/\"},{\"@type\":\"ListItem\",\"position\":3,\"name\":\"Doppel-\\\/Twinzimmer mit Blick auf den Garten\"}]},{\"@type\":\"WebSite\",\"@id\":\"https:\\\/\\\/www.hoteldunasdesal.com\\\/de\\\/#website\",\"url\":\"https:\\\/\\\/www.hoteldunasdesal.com\\\/de\\\/\",\"name\":\"Dunas de Sal Design Hotel\",\"description\":\"\",\"publisher\":{\"@id\":\"https:\\\/\\\/www.hoteldunasdesal.com\\\/de\\\/#organization\"},\"potentialAction\":[{\"@type\":\"SearchAction\",\"target\":{\"@type\":\"EntryPoint\",\"urlTemplate\":\"https:\\\/\\\/www.hoteldunasdesal.com\\\/de\\\/?s={search_term_string}\"},\"query-input\":{\"@type\":\"PropertyValueSpecification\",\"valueRequired\":true,\"valueName\":\"search_term_string\"}}],\"inLanguage\":\"de-DE\"},{\"@type\":\"Organization\",\"@id\":\"https:\\\/\\\/www.hoteldunasdesal.com\\\/de\\\/#organization\",\"name\":\"Dunas de Sal Design Hotel\",\"url\":\"https:\\\/\\\/www.hoteldunasdesal.com\\\/de\\\/\",\"logo\":{\"@type\":\"ImageObject\",\"inLanguage\":\"de-DE\",\"@id\":\"https:\\\/\\\/www.hoteldunasdesal.com\\\/de\\\/#\\\/schema\\\/logo\\\/image\\\/\",\"url\":\"https:\\\/\\\/www.hoteldunasdesal.com\\\/wp-content\\\/uploads\\\/sites\\\/221\\\/2025\\\/03\\\/logo-dunas-de-sal.png\",\"contentUrl\":\"https:\\\/\\\/www.hoteldunasdesal.com\\\/wp-content\\\/uploads\\\/sites\\\/221\\\/2025\\\/03\\\/logo-dunas-de-sal.png\",\"width\":2856,\"height\":495,\"caption\":\"Dunas de Sal Design Hotel\"},\"image\":{\"@id\":\"https:\\\/\\\/www.hoteldunasdesal.com\\\/de\\\/#\\\/schema\\\/logo\\\/image\\\/\"},\"sameAs\":[\"https:\\\/\\\/www.facebook.com\\\/dunasdesalhotel\",\"https:\\\/\\\/www.instagram.com\\\/hoteldunasdesal\\\/\"]}]}<\/script>\n<!-- \/ Yoast SEO plugin. -->","yoast_head_json":{"title":"Doppel-\/Twinzimmer mit Blick auf den Garten &#8226; Dunas de Sal Design Hotel &#8226;","description":"Diese im Erdgeschoss oder im ersten Stock gelegenen Zimmer sind mit einem Doppelbett oder zwei Einzelbetten mit orthop\u00e4dischen Matratzen sowie Bettw\u00e4sche und Kissen aus antiallergischem und schwei\u00dfhemmendem Material ausgestattet.  Minibar, W\u00e4scheservice und Safe sind nicht im Preis enthalten und werden separat berechnet.  Dieser Zimmertyp bietet Platz f\u00fcr maximal 3 Personen, darunter ein Zusatzbett (gegen Aufpreis) oder ein Kinderbett (kostenlos).  Minderj\u00e4hrige d\u00fcrfen nicht ohne die Aufsicht von Erwachsenen \u00fcbernachten..","robots":{"index":"index","follow":"follow","max-snippet":"max-snippet:-1","max-image-preview":"max-image-preview:large","max-video-preview":"max-video-preview:-1"},"canonical":"https:\/\/www.hoteldunasdesal.com\/de\/zimmer-und-suites\/doppel-twinzimmer-mit-blick-auf-den-garten\/","og_locale":"de_DE","og_type":"article","og_title":"Doppel-\/Twinzimmer mit Blick auf den Garten &#8226; Dunas de Sal Design Hotel &#8226;","og_description":"Diese im Erdgeschoss oder im ersten Stock gelegenen Zimmer sind mit einem Doppelbett oder zwei Einzelbetten mit orthop\u00e4dischen Matratzen sowie Bettw\u00e4sche und Kissen aus antiallergischem und schwei\u00dfhemmendem Material ausgestattet.  Minibar, W\u00e4scheservice und Safe sind nicht im Preis enthalten und werden separat berechnet.  Dieser Zimmertyp bietet Platz f\u00fcr maximal 3 Personen, darunter ein Zusatzbett (gegen Aufpreis) oder ein Kinderbett (kostenlos).  Minderj\u00e4hrige d\u00fcrfen nicht ohne die Aufsicht von Erwachsenen \u00fcbernachten..","og_url":"https:\/\/www.hoteldunasdesal.com\/de\/zimmer-und-suites\/doppel-twinzimmer-mit-blick-auf-den-garten\/","og_site_name":"Dunas de Sal Design Hotel","article_publisher":"https:\/\/www.facebook.com\/dunasdesalhotel","article_modified_time":"2025-03-04T09:56:43+00:00","og_image":[{"width":2200,"height":1466,"url":"https:\/\/www.hoteldunasdesal.com\/wp-content\/uploads\/sites\/221\/2025\/03\/Hotel-Dunas-De-Sal-Cabo-Verde-2.jpg","type":"image\/jpeg"}],"twitter_card":"summary_large_image","twitter_misc":{"Gesch\u00e4tzte Lesezeit":"1 Minute"},"schema":{"@context":"https:\/\/schema.org","@graph":[{"@type":"WebPage","@id":"https:\/\/www.hoteldunasdesal.com\/de\/zimmer-und-suites\/doppel-twinzimmer-mit-blick-auf-den-garten\/","url":"https:\/\/www.hoteldunasdesal.com\/de\/zimmer-und-suites\/doppel-twinzimmer-mit-blick-auf-den-garten\/","name":"Doppel-\/Twinzimmer mit Blick auf den Garten &#8226; Dunas de Sal Design Hotel &#8226;","isPartOf":{"@id":"https:\/\/www.hoteldunasdesal.com\/de\/#website"},"datePublished":"2025-02-26T11:49:15+00:00","dateModified":"2025-03-04T09:56:43+00:00","description":"Diese im Erdgeschoss oder im ersten Stock gelegenen Zimmer sind mit einem Doppelbett oder zwei Einzelbetten mit orthop\u00e4dischen Matratzen sowie Bettw\u00e4sche und Kissen aus antiallergischem und schwei\u00dfhemmendem Material ausgestattet. Minibar, W\u00e4scheservice und Safe sind nicht im Preis enthalten und werden separat berechnet. Dieser Zimmertyp bietet Platz f\u00fcr maximal 3 Personen, darunter ein Zusatzbett (gegen Aufpreis) oder ein Kinderbett (kostenlos). Minderj\u00e4hrige d\u00fcrfen nicht ohne die Aufsicht von Erwachsenen \u00fcbernachten..","breadcrumb":{"@id":"https:\/\/www.hoteldunasdesal.com\/de\/zimmer-und-suites\/doppel-twinzimmer-mit-blick-auf-den-garten\/#breadcrumb"},"inLanguage":"de-DE","potentialAction":[{"@type":"ReadAction","target":["https:\/\/www.hoteldunasdesal.com\/de\/zimmer-und-suites\/doppel-twinzimmer-mit-blick-auf-den-garten\/"]}]},{"@type":"BreadcrumbList","@id":"https:\/\/www.hoteldunasdesal.com\/de\/zimmer-und-suites\/doppel-twinzimmer-mit-blick-auf-den-garten\/#breadcrumb","itemListElement":[{"@type":"ListItem","position":1,"name":"Home","item":"https:\/\/www.hoteldunasdesal.com\/de\/"},{"@type":"ListItem","position":2,"name":"Zimmer und Suites","item":"https:\/\/www.hoteldunasdesal.com\/de\/quartos-e-suites\/"},{"@type":"ListItem","position":3,"name":"Doppel-\/Twinzimmer mit Blick auf den Garten"}]},{"@type":"WebSite","@id":"https:\/\/www.hoteldunasdesal.com\/de\/#website","url":"https:\/\/www.hoteldunasdesal.com\/de\/","name":"Dunas de Sal Design Hotel","description":"","publisher":{"@id":"https:\/\/www.hoteldunasdesal.com\/de\/#organization"},"potentialAction":[{"@type":"SearchAction","target":{"@type":"EntryPoint","urlTemplate":"https:\/\/www.hoteldunasdesal.com\/de\/?s={search_term_string}"},"query-input":{"@type":"PropertyValueSpecification","valueRequired":true,"valueName":"search_term_string"}}],"inLanguage":"de-DE"},{"@type":"Organization","@id":"https:\/\/www.hoteldunasdesal.com\/de\/#organization","name":"Dunas de Sal Design Hotel","url":"https:\/\/www.hoteldunasdesal.com\/de\/","logo":{"@type":"ImageObject","inLanguage":"de-DE","@id":"https:\/\/www.hoteldunasdesal.com\/de\/#\/schema\/logo\/image\/","url":"https:\/\/www.hoteldunasdesal.com\/wp-content\/uploads\/sites\/221\/2025\/03\/logo-dunas-de-sal.png","contentUrl":"https:\/\/www.hoteldunasdesal.com\/wp-content\/uploads\/sites\/221\/2025\/03\/logo-dunas-de-sal.png","width":2856,"height":495,"caption":"Dunas de Sal Design Hotel"},"image":{"@id":"https:\/\/www.hoteldunasdesal.com\/de\/#\/schema\/logo\/image\/"},"sameAs":["https:\/\/www.facebook.com\/dunasdesalhotel","https:\/\/www.instagram.com\/hoteldunasdesal\/"]}]}},"acf":[],"_links":{"self":[{"href":"https:\/\/www.hoteldunasdesal.com\/de\/wp-json\/wp\/v2\/pages\/157","targetHints":{"allow":["GET"]}}],"collection":[{"href":"https:\/\/www.hoteldunasdesal.com\/de\/wp-json\/wp\/v2\/pages"}],"about":[{"href":"https:\/\/www.hoteldunasdesal.com\/de\/wp-json\/wp\/v2\/types\/page"}],"author":[{"embeddable":true,"href":"https:\/\/www.hoteldunasdesal.com\/de\/wp-json\/wp\/v2\/users\/8"}],"replies":[{"embeddable":true,"href":"https:\/\/www.hoteldunasdesal.com\/de\/wp-json\/wp\/v2\/comments?post=157"}],"version-history":[{"count":0,"href":"https:\/\/www.hoteldunasdesal.com\/de\/wp-json\/wp\/v2\/pages\/157\/revisions"}],"up":[{"embeddable":true,"href":"https:\/\/www.hoteldunasdesal.com\/de\/wp-json\/wp\/v2\/pages\/122"}],"wp:attachment":[{"href":"https:\/\/www.hoteldunasdesal.com\/de\/wp-json\/wp\/v2\/media?parent=157"}],"curies":[{"name":"wp","href":"https:\/\/api.w.org\/{rel}","templated":true}]}}